{"id":971,"date":"2022-01-14T18:00:37","date_gmt":"2022-01-14T15:00:37","guid":{"rendered":"https:\/\/anastasios.ro\/zalau\/?page_id=971"},"modified":"2023-06-16T20:47:21","modified_gmt":"2023-06-16T17:47:21","slug":"dr-victor-radu","status":"publish","type":"page","link":"https:\/\/anastasios.ro\/zalau\/dr-victor-radu\/","title":{"rendered":"Medic &#8211; Dr. Victor Radu"},"content":{"rendered":"<div class=\"gb-container gb-container-9092b670\"><div class=\"gb-inside-container\">\n\n<h1 class=\"gb-headline gb-headline-a3365616 gb-headline-text\">Dr. Victor Radu<\/h1>\n\n\n\n<h2 class=\"gb-headline gb-headline-c5999d27 gb-headline-text\"><strong><strong>Medic Specialist Obstetric\u0103-Ginecologie<\/strong><\/strong><\/h2>\n\n\n\n<div class=\"line-separator\"><\/div>\n\n\n\n<h2 class=\"gb-headline gb-headline-986fa71f gb-headline-text\"><strong>Centrul Medical Anastasios Zal\u0103u<\/strong><\/h2>\n\n<\/div><\/div>\n\n\n<div style=\"height:32px\" aria-hidden=\"true\" class=\"wp-block-spacer\"><\/div>\n\n\n<div class=\"gb-container gb-container-0a10d290\"><div class=\"gb-inside-container\">\n<div class=\"gb-grid-wrapper gb-grid-wrapper-cae0effe\">\n<div class=\"gb-grid-column gb-grid-column-340a889e\"><div class=\"gb-container gb-container-340a889e contaier-box-with-shadow\"><div class=\"gb-inside-container\">\n<div class=\"gb-container gb-container-665d604d\"><div class=\"gb-inside-container\">\n\n<figure class=\"wp-block-image size-full container-image-with-shadow\"><img loading=\"lazy\" decoding=\"async\" width=\"600\" height=\"900\" src=\"https:\/\/anastasios.ro\/zalau\/wp-content\/uploads\/2023\/04\/dr-victor-radu.webp\" alt=\"\" class=\"wp-image-2336\" srcset=\"https:\/\/anastasios.ro\/zalau\/wp-content\/uploads\/2023\/04\/dr-victor-radu.webp 600w, https:\/\/anastasios.ro\/zalau\/wp-content\/uploads\/2023\/04\/dr-victor-radu-200x300.webp 200w\" sizes=\"auto, (max-width: 600px) 100vw, 600px\" \/><\/figure>\n\n<\/div><\/div>\n\n\n<div style=\"height:12px\" aria-hidden=\"true\" class=\"wp-block-spacer\"><\/div>\n\n<\/div><\/div><\/div>\n\n<div class=\"gb-grid-column gb-grid-column-8648c16b\"><div class=\"gb-container gb-container-8648c16b\"><div class=\"gb-inside-container\">\n\n<p>Domnul doctor Radu Victor este absolvent a Universit\u0103\u021bii de Medicin\u0103 \u0219i Farmacie \u201cIuliu Ha\u021bieganu\u201d Cluj-Napoca, promo\u021bia 2015.<\/p>\n\n\n\n<p>A efectuat reziden\u021biatul in cadrul Clinicii \u201cDominic Stanca\u201d, Cluj-Napoca \u0219i a Institutului oncologic &#8220;Prof. Dr. Ion Chiricu<meta charset=\"utf-8\">\u021b<meta charset=\"utf-8\">\u0103&#8221;, Cluj-Napoca in perioada 2016-2020.<\/p>\n\n\n\n<p>Competen\u021be: Ultrasonografie \u00een Obstetric\u0103 \u0219i Ginecologie, Colposcopie, Tehnici Fundamentale \u00een Chirurgia Laparoscopic<meta charset=\"utf-8\">\u0103 Ginecologic<meta charset=\"utf-8\">\u0103&nbsp;<\/p>\n\n\n\n<p>Am ales aceast\u0103 specializare pentru c\u0103 este un domeniu care te supune zilnic unor provoc\u0103ri, fiind plin de neprev\u0103zut \u0219i \u00een acela\u0219i timp de sensibilitate uman\u0103, \u00een care \u00eent\u00e2lne\u0219ti adev\u0103rate pove\u0219ti de via\u021b\u0103 \u0219i adev\u0103rate miracole.<\/p>\n\n\n\n<p>A fi un medic bun nu \u00eenseamn\u0103 doar o preg\u0103tire profesional\u0103 excelent\u0103, ci este necesar s\u0103 dai dovad\u0103 de empatie \u0219i r\u0103bdare, astfel \u00eenc\u00e2t pacienta s\u0103 se simt\u0103 \u00een siguran\u021b\u0103 \u00een momentul \u00een care se adreseaz\u0103 medicului.<\/p>\n\n\n\n<p>Rela\u021bia dintre pacient \u0219i medic se stabile\u0219te natural, atunci c\u00e2nd medicul arat\u0103 grij\u0103 \u0219i profesionalism \u00een tratarea pacientei. De aceea, consider c\u0103 seriozitatea \u0219i dorin\u021ba lucrului bine f\u0103cut reprezint\u0103 criterii care ar trebui s\u0103 caracterizeze fiecare medic.<\/p>\n\n<\/div><\/div><\/div>\n<\/div>\n<\/div><\/div>\n\n\n<div style=\"height:32px\" aria-hidden=\"true\" class=\"wp-block-spacer\"><\/div>\n\n\n\n<h3 class=\"gb-headline gb-headline-2904b656 gb-headline-text\"><strong>Diagnosticul de sarcin\u0103 \u0219i etapele de urm\u0103rire &#8211; Dr. Victor Radu<\/strong><\/h3>\n\n\n\n<figure class=\"wp-block-embed is-type-video is-provider-youtube wp-block-embed-youtube wp-embed-aspect-16-9 wp-has-aspect-ratio\"><div class=\"wp-block-embed__wrapper\">\n<div class=\"epyt-video-wrapper\"><div  id=\"_ytid_87252\"  width=\"1200\" height=\"675\"  data-origwidth=\"1200\" data-origheight=\"675\"  data-relstop=\"1\" data-facadesrc=\"https:\/\/www.youtube.com\/embed\/zsb1C0agGJI?enablejsapi=1&#038;autoplay=0&#038;cc_load_policy=0&#038;cc_lang_pref=&#038;iv_load_policy=1&#038;loop=0&#038;rel=0&#038;fs=1&#038;playsinline=0&#038;autohide=2&#038;theme=dark&#038;color=red&#038;controls=1&#038;disablekb=0&#038;\" class=\"__youtube_prefs__ epyt-facade epyt-is-override  no-lazyload\" data-epautoplay=\"1\" ><img decoding=\"async\" data-spai-excluded=\"true\" class=\"epyt-facade-poster skip-lazy\" loading=\"lazy\"  alt=\"YouTube player\"  src=\"https:\/\/i.ytimg.com\/vi\/zsb1C0agGJI\/maxresdefault.jpg\"  \/><button class=\"epyt-facade-play\" aria-label=\"Play\"><svg data-no-lazy=\"1\" height=\"100%\" version=\"1.1\" viewBox=\"0 0 68 48\" width=\"100%\"><path class=\"ytp-large-play-button-bg\" d=\"M66.52,7.74c-0.78-2.93-2.49-5.41-5.42-6.19C55.79,.13,34,0,34,0S12.21,.13,6.9,1.55 C3.97,2.33,2.27,4.81,1.48,7.74C0.06,13.05,0,24,0,24s0.06,10.95,1.48,16.26c0.78,2.93,2.49,5.41,5.42,6.19 C12.21,47.87,34,48,34,48s21.79-0.13,27.1-1.55c2.93-0.78,4.64-3.26,5.42-6.19C67.94,34.95,68,24,68,24S67.94,13.05,66.52,7.74z\" fill=\"#f00\"><\/path><path d=\"M 45,24 27,14 27,34\" fill=\"#fff\"><\/path><\/svg><\/button><\/div><\/div>\n<\/div><\/figure>\n","protected":false},"excerpt":{"rendered":"<p>Dr. Victor Radu Medic Specialist Obstetric\u0103-Ginecologie Centrul Medical Anastasios Zal\u0103u Diagnosticul de sarcin\u0103 \u0219i etapele de urm\u0103rire &#8211; Dr. Victor Radu<\/p>\n","protected":false},"author":1,"featured_media":972,"parent":0,"menu_order":0,"comment_status":"closed","ping_status":"closed","template":"","meta":{"inline_featured_image":false,"footnotes":""},"class_list":["post-971","page","type-page","status-publish","has-post-thumbnail"],"yoast_head":"<!-- This site is optimized with the Yoast SEO plugin v26.8 - https:\/\/yoast.com\/product\/yoast-seo-wordpress\/ -->\n<title>Dr. Victor Radu - Medic Specialist Obstetric\u0103-Ginecologie<\/title>\n<meta name=\"description\" content=\"Competen\u021be: Ultrasonografie \u00een Obstetric\u0103 \u0219i Ginecologie, Colposcopie, Tehnici Fundamentale \u00een Chirurgia Laparoscopic\u0103 Ginecologic\u0103\" \/>\n<meta name=\"robots\" content=\"index, follow, max-snippet:-1, max-image-preview:large, max-video-preview:-1\" \/>\n<link rel=\"canonical\" href=\"https:\/\/anastasios.ro\/zalau\/dr-victor-radu\/\" \/>\n<meta property=\"og:locale\" content=\"en_US\" \/>\n<meta property=\"og:type\" content=\"article\" \/>\n<meta property=\"og:title\" content=\"Dr. Victor Radu - Medic Specialist Obstetric\u0103-Ginecologie\" \/>\n<meta property=\"og:description\" content=\"Competen\u021be: Ultrasonografie \u00een Obstetric\u0103 \u0219i Ginecologie, Colposcopie, Tehnici Fundamentale \u00een Chirurgia Laparoscopic\u0103 Ginecologic\u0103\" \/>\n<meta property=\"og:url\" content=\"https:\/\/anastasios.ro\/zalau\/dr-victor-radu\/\" \/>\n<meta property=\"og:site_name\" content=\"Centrul Medical Anastasios Zal\u0103u\" \/>\n<meta property=\"article:modified_time\" content=\"2023-06-16T17:47:21+00:00\" \/>\n<meta property=\"og:image\" content=\"https:\/\/anastasios.ro\/zalau\/wp-content\/uploads\/2022\/01\/prezentare-doctor-victor-radu.jpg\" \/>\n\t<meta property=\"og:image:width\" content=\"800\" \/>\n\t<meta property=\"og:image:height\" content=\"800\" \/>\n\t<meta property=\"og:image:type\" content=\"image\/jpeg\" \/>\n<meta name=\"twitter:card\" content=\"summary_large_image\" \/>\n<script type=\"application\/ld+json\" class=\"yoast-schema-graph\">{\"@context\":\"https:\/\/schema.org\",\"@graph\":[{\"@type\":\"WebPage\",\"@id\":\"https:\/\/anastasios.ro\/zalau\/dr-victor-radu\/\",\"url\":\"https:\/\/anastasios.ro\/zalau\/dr-victor-radu\/\",\"name\":\"Dr. Victor Radu - Medic Specialist Obstetric\u0103-Ginecologie\",\"isPartOf\":{\"@id\":\"https:\/\/anastasios.ro\/zalau\/#website\"},\"primaryImageOfPage\":{\"@id\":\"https:\/\/anastasios.ro\/zalau\/dr-victor-radu\/#primaryimage\"},\"image\":{\"@id\":\"https:\/\/anastasios.ro\/zalau\/dr-victor-radu\/#primaryimage\"},\"thumbnailUrl\":\"https:\/\/anastasios.ro\/zalau\/wp-content\/uploads\/2022\/01\/prezentare-doctor-victor-radu.jpg\",\"datePublished\":\"2022-01-14T15:00:37+00:00\",\"dateModified\":\"2023-06-16T17:47:21+00:00\",\"description\":\"Competen\u021be: Ultrasonografie \u00een Obstetric\u0103 \u0219i Ginecologie, Colposcopie, Tehnici Fundamentale \u00een Chirurgia Laparoscopic\u0103 Ginecologic\u0103\",\"breadcrumb\":{\"@id\":\"https:\/\/anastasios.ro\/zalau\/dr-victor-radu\/#breadcrumb\"},\"inLanguage\":\"en-US\",\"potentialAction\":[{\"@type\":\"ReadAction\",\"target\":[\"https:\/\/anastasios.ro\/zalau\/dr-victor-radu\/\"]}]},{\"@type\":\"ImageObject\",\"inLanguage\":\"en-US\",\"@id\":\"https:\/\/anastasios.ro\/zalau\/dr-victor-radu\/#primaryimage\",\"url\":\"https:\/\/anastasios.ro\/zalau\/wp-content\/uploads\/2022\/01\/prezentare-doctor-victor-radu.jpg\",\"contentUrl\":\"https:\/\/anastasios.ro\/zalau\/wp-content\/uploads\/2022\/01\/prezentare-doctor-victor-radu.jpg\",\"width\":800,\"height\":800,\"caption\":\"prezentare doctor victor radu\"},{\"@type\":\"BreadcrumbList\",\"@id\":\"https:\/\/anastasios.ro\/zalau\/dr-victor-radu\/#breadcrumb\",\"itemListElement\":[{\"@type\":\"ListItem\",\"position\":1,\"name\":\"Home\",\"item\":\"https:\/\/anastasios.ro\/zalau\/\"},{\"@type\":\"ListItem\",\"position\":2,\"name\":\"Medic &#8211; Dr. Victor Radu\"}]},{\"@type\":\"WebSite\",\"@id\":\"https:\/\/anastasios.ro\/zalau\/#website\",\"url\":\"https:\/\/anastasios.ro\/zalau\/\",\"name\":\"Centrul Medical Anastasios Zal\u0103u\",\"description\":\"\",\"publisher\":{\"@id\":\"https:\/\/anastasios.ro\/zalau\/#organization\"},\"potentialAction\":[{\"@type\":\"SearchAction\",\"target\":{\"@type\":\"EntryPoint\",\"urlTemplate\":\"https:\/\/anastasios.ro\/zalau\/?s={search_term_string}\"},\"query-input\":{\"@type\":\"PropertyValueSpecification\",\"valueRequired\":true,\"valueName\":\"search_term_string\"}}],\"inLanguage\":\"en-US\"},{\"@type\":\"Organization\",\"@id\":\"https:\/\/anastasios.ro\/zalau\/#organization\",\"name\":\"Centrul Medical Anastasios Zal\u0103u\",\"url\":\"https:\/\/anastasios.ro\/zalau\/\",\"logo\":{\"@type\":\"ImageObject\",\"inLanguage\":\"en-US\",\"@id\":\"https:\/\/anastasios.ro\/zalau\/#\/schema\/logo\/image\/\",\"url\":\"https:\/\/anastasios.ro\/zalau\/wp-content\/uploads\/2022\/12\/anastasios_zalau.svg\",\"contentUrl\":\"https:\/\/anastasios.ro\/zalau\/wp-content\/uploads\/2022\/12\/anastasios_zalau.svg\",\"caption\":\"Centrul Medical Anastasios Zal\u0103u\"},\"image\":{\"@id\":\"https:\/\/anastasios.ro\/zalau\/#\/schema\/logo\/image\/\"}}]}<\/script>\n<!-- \/ Yoast SEO plugin. -->","yoast_head_json":{"title":"Dr. Victor Radu - Medic Specialist Obstetric\u0103-Ginecologie","description":"Competen\u021be: Ultrasonografie \u00een Obstetric\u0103 \u0219i Ginecologie, Colposcopie, Tehnici Fundamentale \u00een Chirurgia Laparoscopic\u0103 Ginecologic\u0103","robots":{"index":"index","follow":"follow","max-snippet":"max-snippet:-1","max-image-preview":"max-image-preview:large","max-video-preview":"max-video-preview:-1"},"canonical":"https:\/\/anastasios.ro\/zalau\/dr-victor-radu\/","og_locale":"en_US","og_type":"article","og_title":"Dr. Victor Radu - Medic Specialist Obstetric\u0103-Ginecologie","og_description":"Competen\u021be: Ultrasonografie \u00een Obstetric\u0103 \u0219i Ginecologie, Colposcopie, Tehnici Fundamentale \u00een Chirurgia Laparoscopic\u0103 Ginecologic\u0103","og_url":"https:\/\/anastasios.ro\/zalau\/dr-victor-radu\/","og_site_name":"Centrul Medical Anastasios Zal\u0103u","article_modified_time":"2023-06-16T17:47:21+00:00","og_image":[{"width":800,"height":800,"url":"https:\/\/anastasios.ro\/zalau\/wp-content\/uploads\/2022\/01\/prezentare-doctor-victor-radu.jpg","type":"image\/jpeg"}],"twitter_card":"summary_large_image","schema":{"@context":"https:\/\/schema.org","@graph":[{"@type":"WebPage","@id":"https:\/\/anastasios.ro\/zalau\/dr-victor-radu\/","url":"https:\/\/anastasios.ro\/zalau\/dr-victor-radu\/","name":"Dr. Victor Radu - Medic Specialist Obstetric\u0103-Ginecologie","isPartOf":{"@id":"https:\/\/anastasios.ro\/zalau\/#website"},"primaryImageOfPage":{"@id":"https:\/\/anastasios.ro\/zalau\/dr-victor-radu\/#primaryimage"},"image":{"@id":"https:\/\/anastasios.ro\/zalau\/dr-victor-radu\/#primaryimage"},"thumbnailUrl":"https:\/\/anastasios.ro\/zalau\/wp-content\/uploads\/2022\/01\/prezentare-doctor-victor-radu.jpg","datePublished":"2022-01-14T15:00:37+00:00","dateModified":"2023-06-16T17:47:21+00:00","description":"Competen\u021be: Ultrasonografie \u00een Obstetric\u0103 \u0219i Ginecologie, Colposcopie, Tehnici Fundamentale \u00een Chirurgia Laparoscopic\u0103 Ginecologic\u0103","breadcrumb":{"@id":"https:\/\/anastasios.ro\/zalau\/dr-victor-radu\/#breadcrumb"},"inLanguage":"en-US","potentialAction":[{"@type":"ReadAction","target":["https:\/\/anastasios.ro\/zalau\/dr-victor-radu\/"]}]},{"@type":"ImageObject","inLanguage":"en-US","@id":"https:\/\/anastasios.ro\/zalau\/dr-victor-radu\/#primaryimage","url":"https:\/\/anastasios.ro\/zalau\/wp-content\/uploads\/2022\/01\/prezentare-doctor-victor-radu.jpg","contentUrl":"https:\/\/anastasios.ro\/zalau\/wp-content\/uploads\/2022\/01\/prezentare-doctor-victor-radu.jpg","width":800,"height":800,"caption":"prezentare doctor victor radu"},{"@type":"BreadcrumbList","@id":"https:\/\/anastasios.ro\/zalau\/dr-victor-radu\/#breadcrumb","itemListElement":[{"@type":"ListItem","position":1,"name":"Home","item":"https:\/\/anastasios.ro\/zalau\/"},{"@type":"ListItem","position":2,"name":"Medic &#8211; Dr. Victor Radu"}]},{"@type":"WebSite","@id":"https:\/\/anastasios.ro\/zalau\/#website","url":"https:\/\/anastasios.ro\/zalau\/","name":"Centrul Medical Anastasios Zal\u0103u","description":"","publisher":{"@id":"https:\/\/anastasios.ro\/zalau\/#organization"},"potentialAction":[{"@type":"SearchAction","target":{"@type":"EntryPoint","urlTemplate":"https:\/\/anastasios.ro\/zalau\/?s={search_term_string}"},"query-input":{"@type":"PropertyValueSpecification","valueRequired":true,"valueName":"search_term_string"}}],"inLanguage":"en-US"},{"@type":"Organization","@id":"https:\/\/anastasios.ro\/zalau\/#organization","name":"Centrul Medical Anastasios Zal\u0103u","url":"https:\/\/anastasios.ro\/zalau\/","logo":{"@type":"ImageObject","inLanguage":"en-US","@id":"https:\/\/anastasios.ro\/zalau\/#\/schema\/logo\/image\/","url":"https:\/\/anastasios.ro\/zalau\/wp-content\/uploads\/2022\/12\/anastasios_zalau.svg","contentUrl":"https:\/\/anastasios.ro\/zalau\/wp-content\/uploads\/2022\/12\/anastasios_zalau.svg","caption":"Centrul Medical Anastasios Zal\u0103u"},"image":{"@id":"https:\/\/anastasios.ro\/zalau\/#\/schema\/logo\/image\/"}}]}},"_links":{"self":[{"href":"https:\/\/anastasios.ro\/zalau\/wp-json\/wp\/v2\/pages\/971","targetHints":{"allow":["GET"]}}],"collection":[{"href":"https:\/\/anastasios.ro\/zalau\/wp-json\/wp\/v2\/pages"}],"about":[{"href":"https:\/\/anastasios.ro\/zalau\/wp-json\/wp\/v2\/types\/page"}],"author":[{"embeddable":true,"href":"https:\/\/anastasios.ro\/zalau\/wp-json\/wp\/v2\/users\/1"}],"replies":[{"embeddable":true,"href":"https:\/\/anastasios.ro\/zalau\/wp-json\/wp\/v2\/comments?post=971"}],"version-history":[{"count":6,"href":"https:\/\/anastasios.ro\/zalau\/wp-json\/wp\/v2\/pages\/971\/revisions"}],"predecessor-version":[{"id":2394,"href":"https:\/\/anastasios.ro\/zalau\/wp-json\/wp\/v2\/pages\/971\/revisions\/2394"}],"wp:featuredmedia":[{"embeddable":true,"href":"https:\/\/anastasios.ro\/zalau\/wp-json\/wp\/v2\/media\/972"}],"wp:attachment":[{"href":"https:\/\/anastasios.ro\/zalau\/wp-json\/wp\/v2\/media?parent=971"}],"curies":[{"name":"wp","href":"https:\/\/api.w.org\/{rel}","templated":true}]}}