{"id":966,"date":"2022-01-14T16:47:33","date_gmt":"2022-01-14T13:47:33","guid":{"rendered":"https:\/\/anastasios.ro\/zalau\/?page_id=966"},"modified":"2023-01-12T00:30:00","modified_gmt":"2023-01-11T21:30:00","slug":"dr-hadrian-harangus","status":"publish","type":"page","link":"https:\/\/anastasios.ro\/zalau\/dr-hadrian-harangus\/","title":{"rendered":"Medic &#8211; Dr. Hadrian Harangus"},"content":{"rendered":"<div class=\"gb-container gb-container-9092b670\"><div class=\"gb-inside-container\">\n\n<h1 class=\"gb-headline gb-headline-a3365616 gb-headline-text\">Dr. Hadrian Harangus<\/h1>\n\n\n\n<h2 class=\"gb-headline gb-headline-c5999d27 gb-headline-text\"><strong><strong><strong><strong>Medic Specialist Cardiologie<\/strong><\/strong><\/strong><\/strong><\/h2>\n\n\n\n<div class=\"line-separator\"><\/div>\n\n\n\n<h2 class=\"gb-headline gb-headline-986fa71f gb-headline-text\"><strong>Centrul Medical Anastasios Zal\u0103u<\/strong><\/h2>\n\n<\/div><\/div>\n\n\n<div style=\"height:32px\" aria-hidden=\"true\" class=\"wp-block-spacer\"><\/div>\n\n\n<div class=\"gb-container gb-container-0a10d290\"><div class=\"gb-inside-container\">\n<div class=\"gb-grid-wrapper gb-grid-wrapper-cae0effe\">\n<div class=\"gb-grid-column gb-grid-column-340a889e\"><div class=\"gb-container gb-container-340a889e contaier-box-with-shadow\"><div class=\"gb-inside-container\">\n<div class=\"gb-container gb-container-665d604d\"><div class=\"gb-inside-container\">\n\n<figure class=\"wp-block-image size-full container-image-with-shadow\"><img loading=\"lazy\" decoding=\"async\" width=\"620\" height=\"930\" src=\"https:\/\/anastasios.ro\/zalau\/wp-content\/uploads\/2021\/11\/doctor-hadrian-harangus-cardiologie.webp\" alt=\"doctor-hadrian-harangus-cardiologie\" class=\"wp-image-123\" srcset=\"https:\/\/anastasios.ro\/zalau\/wp-content\/uploads\/2021\/11\/doctor-hadrian-harangus-cardiologie.webp 620w, https:\/\/anastasios.ro\/zalau\/wp-content\/uploads\/2021\/11\/doctor-hadrian-harangus-cardiologie-200x300.webp 200w\" sizes=\"auto, (max-width: 620px) 100vw, 620px\" \/><\/figure>\n\n<\/div><\/div>\n\n\n<div style=\"height:12px\" aria-hidden=\"true\" class=\"wp-block-spacer\"><\/div>\n\n<\/div><\/div><\/div>\n\n<div class=\"gb-grid-column gb-grid-column-8648c16b\"><div class=\"gb-container gb-container-8648c16b\"><div class=\"gb-inside-container\">\n\n<p>Dr. Harangus Hadrian este medic cu dubl\u0103 specializare, medicin<meta charset=\"utf-8\">\u0103 intern<meta charset=\"utf-8\">\u0103 \u0219i cardiologie. S-a format ca specialist \u00een medicin\u0103 intern\u0103 la Clinica Medical\u0103 I Cluj, iar din 2016 profeseaz\u0103 \u0219i ca specialist cardiolog urm\u00e2nd stagiile de preg\u0103tire la Institutul Inimii Cluj.<br><br> A urmat numeroase cursuri postuniversitare \u00een vederea dezvolt\u0103rii competen\u021belor \u00een domeniul Cardiologiei. A participat la numeroase cursuri, congrese \u0219i conferin\u021be na\u021bionale \u0219i interna\u021bionale. <br><br>Domeniile sale de interes cuprind consulta\u021bii de specialitate (adul\u021bi) pentru diagnosticul \u0219i tratamentul diferitelor bolilor cardiovasculare.<\/p>\n\n<\/div><\/div><\/div>\n<\/div>\n<\/div><\/div>\n\n\n<div style=\"height:32px\" aria-hidden=\"true\" class=\"wp-block-spacer\"><\/div>\n","protected":false},"excerpt":{"rendered":"<p>Dr. Hadrian Harangus Medic Specialist Cardiologie Centrul Medical Anastasios Zal\u0103u<\/p>\n","protected":false},"author":1,"featured_media":967,"parent":0,"menu_order":0,"comment_status":"closed","ping_status":"closed","template":"","meta":{"inline_featured_image":false,"footnotes":""},"class_list":["post-966","page","type-page","status-publish","has-post-thumbnail"],"yoast_head":"<!-- This site is optimized with the Yoast SEO plugin v26.8 - https:\/\/yoast.com\/product\/yoast-seo-wordpress\/ -->\n<title>Dr. Hadrian Harangus - Medic Specialist Cardiologie<\/title>\n<meta name=\"description\" content=\"Medic cu dubl\u0103 specializare, medicin\u0103 intern\u0103 \u0219i cardiologie. Accent pe diagnosticul \u0219i tratamentul bolilor cardiovasculare. Program\u0103ri aici.\" \/>\n<meta name=\"robots\" content=\"index, follow, max-snippet:-1, max-image-preview:large, max-video-preview:-1\" \/>\n<link rel=\"canonical\" href=\"https:\/\/anastasios.ro\/zalau\/dr-hadrian-harangus\/\" \/>\n<meta property=\"og:locale\" content=\"en_US\" \/>\n<meta property=\"og:type\" content=\"article\" \/>\n<meta property=\"og:title\" content=\"Dr. Hadrian Harangus - Medic Specialist Cardiologie\" \/>\n<meta property=\"og:description\" content=\"Medic cu dubl\u0103 specializare, medicin\u0103 intern\u0103 \u0219i cardiologie. Accent pe diagnosticul \u0219i tratamentul bolilor cardiovasculare. Program\u0103ri aici.\" \/>\n<meta property=\"og:url\" content=\"https:\/\/anastasios.ro\/zalau\/dr-hadrian-harangus\/\" \/>\n<meta property=\"og:site_name\" content=\"Centrul Medical Anastasios Zal\u0103u\" \/>\n<meta property=\"article:modified_time\" content=\"2023-01-11T21:30:00+00:00\" \/>\n<meta property=\"og:image\" content=\"https:\/\/anastasios.ro\/zalau\/wp-content\/uploads\/2022\/01\/prezentare-doctor-hadrian-harangus.jpg\" \/>\n\t<meta property=\"og:image:width\" content=\"800\" \/>\n\t<meta property=\"og:image:height\" content=\"800\" \/>\n\t<meta property=\"og:image:type\" content=\"image\/jpeg\" \/>\n<meta name=\"twitter:card\" content=\"summary_large_image\" \/>\n<meta name=\"twitter:label1\" content=\"Est. reading time\" \/>\n\t<meta name=\"twitter:data1\" content=\"1 minute\" \/>\n<script type=\"application\/ld+json\" class=\"yoast-schema-graph\">{\"@context\":\"https:\/\/schema.org\",\"@graph\":[{\"@type\":\"WebPage\",\"@id\":\"https:\/\/anastasios.ro\/zalau\/dr-hadrian-harangus\/\",\"url\":\"https:\/\/anastasios.ro\/zalau\/dr-hadrian-harangus\/\",\"name\":\"Dr. Hadrian Harangus - Medic Specialist Cardiologie\",\"isPartOf\":{\"@id\":\"https:\/\/anastasios.ro\/zalau\/#website\"},\"primaryImageOfPage\":{\"@id\":\"https:\/\/anastasios.ro\/zalau\/dr-hadrian-harangus\/#primaryimage\"},\"image\":{\"@id\":\"https:\/\/anastasios.ro\/zalau\/dr-hadrian-harangus\/#primaryimage\"},\"thumbnailUrl\":\"https:\/\/anastasios.ro\/zalau\/wp-content\/uploads\/2022\/01\/prezentare-doctor-hadrian-harangus.jpg\",\"datePublished\":\"2022-01-14T13:47:33+00:00\",\"dateModified\":\"2023-01-11T21:30:00+00:00\",\"description\":\"Medic cu dubl\u0103 specializare, medicin\u0103 intern\u0103 \u0219i cardiologie. Accent pe diagnosticul \u0219i tratamentul bolilor cardiovasculare. Program\u0103ri aici.\",\"breadcrumb\":{\"@id\":\"https:\/\/anastasios.ro\/zalau\/dr-hadrian-harangus\/#breadcrumb\"},\"inLanguage\":\"en-US\",\"potentialAction\":[{\"@type\":\"ReadAction\",\"target\":[\"https:\/\/anastasios.ro\/zalau\/dr-hadrian-harangus\/\"]}]},{\"@type\":\"ImageObject\",\"inLanguage\":\"en-US\",\"@id\":\"https:\/\/anastasios.ro\/zalau\/dr-hadrian-harangus\/#primaryimage\",\"url\":\"https:\/\/anastasios.ro\/zalau\/wp-content\/uploads\/2022\/01\/prezentare-doctor-hadrian-harangus.jpg\",\"contentUrl\":\"https:\/\/anastasios.ro\/zalau\/wp-content\/uploads\/2022\/01\/prezentare-doctor-hadrian-harangus.jpg\",\"width\":800,\"height\":800,\"caption\":\"prezentare doctor hadrian harangus\"},{\"@type\":\"BreadcrumbList\",\"@id\":\"https:\/\/anastasios.ro\/zalau\/dr-hadrian-harangus\/#breadcrumb\",\"itemListElement\":[{\"@type\":\"ListItem\",\"position\":1,\"name\":\"Home\",\"item\":\"https:\/\/anastasios.ro\/zalau\/\"},{\"@type\":\"ListItem\",\"position\":2,\"name\":\"Medic &#8211; Dr. Hadrian Harangus\"}]},{\"@type\":\"WebSite\",\"@id\":\"https:\/\/anastasios.ro\/zalau\/#website\",\"url\":\"https:\/\/anastasios.ro\/zalau\/\",\"name\":\"Centrul Medical Anastasios Zal\u0103u\",\"description\":\"\",\"publisher\":{\"@id\":\"https:\/\/anastasios.ro\/zalau\/#organization\"},\"potentialAction\":[{\"@type\":\"SearchAction\",\"target\":{\"@type\":\"EntryPoint\",\"urlTemplate\":\"https:\/\/anastasios.ro\/zalau\/?s={search_term_string}\"},\"query-input\":{\"@type\":\"PropertyValueSpecification\",\"valueRequired\":true,\"valueName\":\"search_term_string\"}}],\"inLanguage\":\"en-US\"},{\"@type\":\"Organization\",\"@id\":\"https:\/\/anastasios.ro\/zalau\/#organization\",\"name\":\"Centrul Medical Anastasios Zal\u0103u\",\"url\":\"https:\/\/anastasios.ro\/zalau\/\",\"logo\":{\"@type\":\"ImageObject\",\"inLanguage\":\"en-US\",\"@id\":\"https:\/\/anastasios.ro\/zalau\/#\/schema\/logo\/image\/\",\"url\":\"https:\/\/anastasios.ro\/zalau\/wp-content\/uploads\/2022\/12\/anastasios_zalau.svg\",\"contentUrl\":\"https:\/\/anastasios.ro\/zalau\/wp-content\/uploads\/2022\/12\/anastasios_zalau.svg\",\"caption\":\"Centrul Medical Anastasios Zal\u0103u\"},\"image\":{\"@id\":\"https:\/\/anastasios.ro\/zalau\/#\/schema\/logo\/image\/\"}}]}<\/script>\n<!-- \/ Yoast SEO plugin. -->","yoast_head_json":{"title":"Dr. Hadrian Harangus - Medic Specialist Cardiologie","description":"Medic cu dubl\u0103 specializare, medicin\u0103 intern\u0103 \u0219i cardiologie. Accent pe diagnosticul \u0219i tratamentul bolilor cardiovasculare. Program\u0103ri aici.","robots":{"index":"index","follow":"follow","max-snippet":"max-snippet:-1","max-image-preview":"max-image-preview:large","max-video-preview":"max-video-preview:-1"},"canonical":"https:\/\/anastasios.ro\/zalau\/dr-hadrian-harangus\/","og_locale":"en_US","og_type":"article","og_title":"Dr. Hadrian Harangus - Medic Specialist Cardiologie","og_description":"Medic cu dubl\u0103 specializare, medicin\u0103 intern\u0103 \u0219i cardiologie. Accent pe diagnosticul \u0219i tratamentul bolilor cardiovasculare. Program\u0103ri aici.","og_url":"https:\/\/anastasios.ro\/zalau\/dr-hadrian-harangus\/","og_site_name":"Centrul Medical Anastasios Zal\u0103u","article_modified_time":"2023-01-11T21:30:00+00:00","og_image":[{"width":800,"height":800,"url":"https:\/\/anastasios.ro\/zalau\/wp-content\/uploads\/2022\/01\/prezentare-doctor-hadrian-harangus.jpg","type":"image\/jpeg"}],"twitter_card":"summary_large_image","twitter_misc":{"Est. reading time":"1 minute"},"schema":{"@context":"https:\/\/schema.org","@graph":[{"@type":"WebPage","@id":"https:\/\/anastasios.ro\/zalau\/dr-hadrian-harangus\/","url":"https:\/\/anastasios.ro\/zalau\/dr-hadrian-harangus\/","name":"Dr. Hadrian Harangus - Medic Specialist Cardiologie","isPartOf":{"@id":"https:\/\/anastasios.ro\/zalau\/#website"},"primaryImageOfPage":{"@id":"https:\/\/anastasios.ro\/zalau\/dr-hadrian-harangus\/#primaryimage"},"image":{"@id":"https:\/\/anastasios.ro\/zalau\/dr-hadrian-harangus\/#primaryimage"},"thumbnailUrl":"https:\/\/anastasios.ro\/zalau\/wp-content\/uploads\/2022\/01\/prezentare-doctor-hadrian-harangus.jpg","datePublished":"2022-01-14T13:47:33+00:00","dateModified":"2023-01-11T21:30:00+00:00","description":"Medic cu dubl\u0103 specializare, medicin\u0103 intern\u0103 \u0219i cardiologie. Accent pe diagnosticul \u0219i tratamentul bolilor cardiovasculare. Program\u0103ri aici.","breadcrumb":{"@id":"https:\/\/anastasios.ro\/zalau\/dr-hadrian-harangus\/#breadcrumb"},"inLanguage":"en-US","potentialAction":[{"@type":"ReadAction","target":["https:\/\/anastasios.ro\/zalau\/dr-hadrian-harangus\/"]}]},{"@type":"ImageObject","inLanguage":"en-US","@id":"https:\/\/anastasios.ro\/zalau\/dr-hadrian-harangus\/#primaryimage","url":"https:\/\/anastasios.ro\/zalau\/wp-content\/uploads\/2022\/01\/prezentare-doctor-hadrian-harangus.jpg","contentUrl":"https:\/\/anastasios.ro\/zalau\/wp-content\/uploads\/2022\/01\/prezentare-doctor-hadrian-harangus.jpg","width":800,"height":800,"caption":"prezentare doctor hadrian harangus"},{"@type":"BreadcrumbList","@id":"https:\/\/anastasios.ro\/zalau\/dr-hadrian-harangus\/#breadcrumb","itemListElement":[{"@type":"ListItem","position":1,"name":"Home","item":"https:\/\/anastasios.ro\/zalau\/"},{"@type":"ListItem","position":2,"name":"Medic &#8211; Dr. Hadrian Harangus"}]},{"@type":"WebSite","@id":"https:\/\/anastasios.ro\/zalau\/#website","url":"https:\/\/anastasios.ro\/zalau\/","name":"Centrul Medical Anastasios Zal\u0103u","description":"","publisher":{"@id":"https:\/\/anastasios.ro\/zalau\/#organization"},"potentialAction":[{"@type":"SearchAction","target":{"@type":"EntryPoint","urlTemplate":"https:\/\/anastasios.ro\/zalau\/?s={search_term_string}"},"query-input":{"@type":"PropertyValueSpecification","valueRequired":true,"valueName":"search_term_string"}}],"inLanguage":"en-US"},{"@type":"Organization","@id":"https:\/\/anastasios.ro\/zalau\/#organization","name":"Centrul Medical Anastasios Zal\u0103u","url":"https:\/\/anastasios.ro\/zalau\/","logo":{"@type":"ImageObject","inLanguage":"en-US","@id":"https:\/\/anastasios.ro\/zalau\/#\/schema\/logo\/image\/","url":"https:\/\/anastasios.ro\/zalau\/wp-content\/uploads\/2022\/12\/anastasios_zalau.svg","contentUrl":"https:\/\/anastasios.ro\/zalau\/wp-content\/uploads\/2022\/12\/anastasios_zalau.svg","caption":"Centrul Medical Anastasios Zal\u0103u"},"image":{"@id":"https:\/\/anastasios.ro\/zalau\/#\/schema\/logo\/image\/"}}]}},"_links":{"self":[{"href":"https:\/\/anastasios.ro\/zalau\/wp-json\/wp\/v2\/pages\/966","targetHints":{"allow":["GET"]}}],"collection":[{"href":"https:\/\/anastasios.ro\/zalau\/wp-json\/wp\/v2\/pages"}],"about":[{"href":"https:\/\/anastasios.ro\/zalau\/wp-json\/wp\/v2\/types\/page"}],"author":[{"embeddable":true,"href":"https:\/\/anastasios.ro\/zalau\/wp-json\/wp\/v2\/users\/1"}],"replies":[{"embeddable":true,"href":"https:\/\/anastasios.ro\/zalau\/wp-json\/wp\/v2\/comments?post=966"}],"version-history":[{"count":6,"href":"https:\/\/anastasios.ro\/zalau\/wp-json\/wp\/v2\/pages\/966\/revisions"}],"predecessor-version":[{"id":2585,"href":"https:\/\/anastasios.ro\/zalau\/wp-json\/wp\/v2\/pages\/966\/revisions\/2585"}],"wp:featuredmedia":[{"embeddable":true,"href":"https:\/\/anastasios.ro\/zalau\/wp-json\/wp\/v2\/media\/967"}],"wp:attachment":[{"href":"https:\/\/anastasios.ro\/zalau\/wp-json\/wp\/v2\/media?parent=966"}],"curies":[{"name":"wp","href":"https:\/\/api.w.org\/{rel}","templated":true}]}}