{"id":871,"date":"2022-01-11T17:41:48","date_gmt":"2022-01-11T14:41:48","guid":{"rendered":"https:\/\/anastasios.ro\/zalau\/?page_id=871"},"modified":"2023-10-06T17:09:21","modified_gmt":"2023-10-06T14:09:21","slug":"dr-andrei-dumitrescu","status":"publish","type":"page","link":"https:\/\/anastasios.ro\/zalau\/dr-andrei-dumitrescu\/","title":{"rendered":"Medic &#8211; Dr. Andrei Dumitrescu"},"content":{"rendered":"<div class=\"gb-container gb-container-9092b670\"><div class=\"gb-inside-container\">\n\n<h1 class=\"gb-headline gb-headline-a3365616 gb-headline-text\">Dr. Andrei Dumitrescu<\/h1>\n\n\n\n<h2 class=\"gb-headline gb-headline-c5999d27 gb-headline-text\"><strong><strong><strong>Medic Primar Urologie<\/strong><\/strong><\/strong><\/h2>\n\n\n\n<div class=\"line-separator\"><\/div>\n\n\n\n<h2 class=\"gb-headline gb-headline-986fa71f gb-headline-text\"><strong>Centrul Medical Anastasios Zal\u0103u<\/strong><\/h2>\n\n<\/div><\/div>\n\n\n<div style=\"height:32px\" aria-hidden=\"true\" class=\"wp-block-spacer\"><\/div>\n\n\n<div class=\"gb-container gb-container-0a10d290\"><div class=\"gb-inside-container\">\n<div class=\"gb-grid-wrapper gb-grid-wrapper-cae0effe\">\n<div class=\"gb-grid-column gb-grid-column-340a889e\"><div class=\"gb-container gb-container-340a889e contaier-box-with-shadow\"><div class=\"gb-inside-container\">\n<div class=\"gb-container gb-container-665d604d\"><div class=\"gb-inside-container\">\n\n<figure class=\"wp-block-image size-full container-image-with-shadow\"><img loading=\"lazy\" decoding=\"async\" width=\"600\" height=\"900\" src=\"https:\/\/anastasios.ro\/zalau\/wp-content\/uploads\/2023\/10\/dr.-andrei-dumitrescu-medic-primar-urologie.jpg\" alt=\"Dr. Andrei Dumitrescu - medic primar urologie\" class=\"wp-image-2496\" srcset=\"https:\/\/anastasios.ro\/zalau\/wp-content\/uploads\/2023\/10\/dr.-andrei-dumitrescu-medic-primar-urologie.jpg 600w, https:\/\/anastasios.ro\/zalau\/wp-content\/uploads\/2023\/10\/dr.-andrei-dumitrescu-medic-primar-urologie-200x300.jpg 200w\" sizes=\"auto, (max-width: 600px) 100vw, 600px\" \/><\/figure>\n\n<\/div><\/div>\n\n\n<div style=\"height:12px\" aria-hidden=\"true\" class=\"wp-block-spacer\"><\/div>\n\n<\/div><\/div><\/div>\n\n<div class=\"gb-grid-column gb-grid-column-8648c16b\"><div class=\"gb-container gb-container-8648c16b\"><div class=\"gb-inside-container\">\n\n<p>F\u0103c\u00e2nd parte dintr-o familie de medici \u0219i auzind \u00een majoritatea timpului de problemele medicale ale oamenilor, am dezvoltat o sensibilitate fa\u021b\u0103 de ace\u0219tia. Astfel, \u00een momentul \u00een care a trebuit s\u0103 iau o decizie cu privire la viitorul meu, m-am hot\u0103r\u00e2t s\u0103 m\u0103 \u00eendrept spre aceast\u0103 ramur\u0103.<\/p>\n\n\n\n<p>Am studiat medicin\u0103 \u00een Sibiu la Universitatea ULBS Facultatea de Medicin\u0103 Victor Papilian \u0219i reziden\u021biatul l-am urmat \u00een Cluj Napoca la Spitalul Clinic Municipal sub \u00eendrumarea Prof. Dr. Coman Ioan. Lucrul care m-a marcat cel mai mult \u00een aceast\u0103 perioada a fost \u00een momentul \u00een care am cunoscut chirurgia robotic\u0103.<\/p>\n\n\n\n<h3 class=\"gb-headline gb-headline-2fc3f161 gb-headline-text\"><strong>Lucr\u0103ri \u0219tiin\u021bifice:<\/strong><\/h3>\n\n\n\n<ul class=\"wp-block-list\">\n<li>Ductal adenocarcinoma: pathological characteristics and oncologic outcomes after robotic assisted laparoscopic prostatectomy; Andrei Dumitrescu, Iulia Pop, T. Botezan, N. Cri\u0219an, I. Coman \u2013 The Romanian Urology Magazine vol 13 (2) 2014<\/li>\n\n\n\n<li>Overall experience in robot-assisted urologic surgery; T. Botezan, C.D. Pop, Andrei Dumitrescu, Iulia Pop, N. Cri\u0219an, I. Coman \u2013 The Romanian Urology Magazine vol 13 (2) 2014<\/li>\n\n\n\n<li>2D laparoscopic enucleoresection through retroperitoneal approach for left kidney tumor &#8211; Andrei Dumitrescu, D.L. Grad, T. Botezan, F. Dobrot\u0103, N. Cri\u0219an, I. Coman Cluj Napoca Clinical Hospital &#8211; The Romanian Urology Magazine vol 15 (2) \/2016<\/li>\n<\/ul>\n\n\n\n<h3 class=\"gb-headline gb-headline-f5bddbce gb-headline-text\"><strong>Particip\u0103ri congrese:<\/strong><\/h3>\n\n\n\n<ul class=\"wp-block-list\">\n<li>Certificate of Attendance 32nd Annual EAU Congress London, London, United Kingdom From 24-Mar-2017 to 28-Mar-2017<\/li>\n\n\n\n<li>Certificate of Attendance 14th Meeting of the EAU Section of Oncological Urology (ESOU), Barcelona, Spain, From 20 \u2013 22 Jan 2017<\/li>\n\n\n\n<li>Certificate of Attendance 14th European Urology Residents Education Programme, Prague, Czech Republic, From 2-Sep-2016 to 7-Sep-2016<\/li>\n\n\n\n<li>Certificate of Attendance &#8211; Olympus Hands-On-Training dry lab course on transuretheral resection (TUR) during the 14th European Urology Residents Education Program, Prague, Czech Republic, 2-7 Sept 2016<\/li>\n\n\n\n<li>Certificate of Attendance &#8211; Olympus Hands-On-Training dry lab course on laparoscopy during the 14th European Urology Residents Education Program, Prague, Czech Republic, 2-7 Sept 2016<\/li>\n\n\n\n<li>Certificate of Attendance 31st Annual Congress of the European Association of Urology, Munich, Germany; From 11-Mar-2016 to 15-Mar-2016<\/li>\n\n\n\n<li>Certificate of Attendance 30th Annual Congress of the European Association of Urology, Madrid, Spain; From 20-Mar-2015 to 24-Mar-2015<\/li>\n\n\n\n<li>Certificate of Attendance &#8211; Office management of male sexual dysfunction at the time of the 30th Annual Congress of the European Association of Urology, Madrid, Spain, 20-24 March 2015<\/li>\n\n\n\n<li>Certificate of Attendance 29th Annual Congress of the European Association of Urology, Stockholm, Sweden<\/li>\n\n\n\n<li>Certificate of Attendance &#8211; Nerve-sparing cystectomy and orthotopic bladder substitution &#8211; Surgical Tricks and management of complications at the time of the 29th Annual Congress of the European Association of Urology, Stockholm, Sweden, 11-15 April 2014<\/li>\n\n\n\n<li>Certificate of Attendance Summer school for Urology Doctors, Rasnov, Romania, 18-21 Jun 2014<\/li>\n\n\n\n<li>Certificate of Attendance 2nd Symposium of Pediatric Urology, Cluj-Napoca, Romania, 5-7 Jun 2014 13.Certificate of Attendance 30th Annual Congress of the Romanian Association Of Urology, Bucharest, Romania; 7-10 May 2014<\/li>\n\n\n\n<li>Certificate of Attendance the International Conference on Urology, Gynecology and Urogynecology, Oradea, Romania, 14-17 Nov 2013<\/li>\n\n\n\n<li>Certificate of Attendance the International Conference on Urology, Gynecology and Urogynecology, Oradea, Romania, 13-16 Nov 2014<\/li>\n\n\n\n<li>Certificate of Attendance NetPC Meeting: Advance Therapies for Advance Prostate Cancer, Sibiu, Romania, 3-5 March 2017<\/li>\n\n\n\n<li>Course for prostate biopsy and robotic radical prostatectomy, organised by the University of Medicine and Pharmacy \u201eIuliu Hatieganu\u201d, November 2014, Cluj-Napoca, Romania<\/li>\n\n\n\n<li>Certificate of Attendance &#8211; Advanced Urological 2D and 3D Laparoscopy Course for Upper Urinary Tract, Cluj-Napoca, Romania, 29.06-02.07.2016<\/li>\n\n\n\n<li>Certificate of Attendance \u2013Incontinence Surgery in Woman, Cluj-Napoca, Romania, 2-4 Nov 2016<\/li>\n\n\n\n<li>Certificate of Attendance \u2013 High Risk Prostate Cancer and Male Infertility, Bucharest, Romania, 10 Jun 2016<\/li>\n\n\n\n<li>Certificate of Attendance \u2013 Transrectal and Transperineal Prostatic Biopsy Course, Cluj-Napoca, Romania, 25-27 Apr 2016<\/li>\n\n\n\n<li>Certificate of Attendance \u2013 Echoguided Prostate Biopsy Course, Cluj-Napoca, Romania, 25-28 April 2017<\/li>\n\n\n\n<li>Certificate of Attendance- 32nd Annual Congress of the Romanian Association Of Urology, Bucharest, Romania; 8-11 Jun 2016<\/li>\n\n\n\n<li>Certificate of Attendance \u2013 Urology Days Satu Mare, Satu Mare, Romania, 2-4June 2016<\/li>\n\n\n\n<li>Certificate of Attendance &#8211; Advanced Urological 2D and 3D Laparoscopy Course for Upper Urinary Tract, Cluj-Napoca, Romania, 29.03-01.04.2016<\/li>\n\n\n\n<li>Certificate of Attendance \u2013 Prostate Biopsy, Laparoscopic and Robotic Prostatectomy Course, Cluj-Napoca, Romania, 13-18 Nov 2013<\/li>\n\n\n\n<li>Certificate of Attendance \u2013 News in the Treatment of Pain and Prostate Adenom, Cluj-Napoca, Romania, 30 Oct 2013<\/li>\n\n\n\n<li>Certificate of Attendance \u2013 Urology Days Satu Mare, Satu Mare, Romania, 27-29 June 2013<\/li>\n\n\n\n<li>Certificate of Attendance \u2013 ESU Course on the Place and Role of Lymphadenectomy in Urologic Cancers, Bucharest, Romania, 17 May 2013<\/li>\n\n\n\n<li>Certificate of Attendance \u2013 29th Annual Congress of the Romanian Association Of Urology, Bucharest, Romania; 15-18 May 2013<\/li>\n\n\n\n<li>Certificate of Attendance \u2013 The International Conference: Progress in Uro-Oncology 4th edition, Cluj-Napoca, Romania, 25-28 Sept 2012<\/li>\n<\/ul>\n\n\n\n<h3 class=\"gb-headline gb-headline-e06c11e3 gb-headline-text\"><strong>Competen<meta charset=\"utf-8\">\u021be:<\/strong><\/h3>\n\n\n\n<ul class=\"wp-block-list\">\n<li>Litotri<meta charset=\"utf-8\">\u021bie extracorporeal<meta charset=\"utf-8\">\u0103 \u2013 ESWL<\/li>\n\n\n\n<li>Ultrasonografie general<meta charset=\"utf-8\">\u0103<\/li>\n<\/ul>\n\n\n\n<p>Peste 10000 de pacien<meta charset=\"utf-8\">\u021bi consulta<meta charset=\"utf-8\">\u021bi, peste 500 de interven<meta charset=\"utf-8\">\u021bii chirurgicale (interven<meta charset=\"utf-8\">\u021bii clasice, laparoscopice <meta charset=\"utf-8\">\u0219i robotice)<\/p>\n\n<\/div><\/div><\/div>\n<\/div>\n<\/div><\/div>","protected":false},"excerpt":{"rendered":"<p>Dr. Andrei Dumitrescu Medic Primar Urologie Centrul Medical Anastasios Zal\u0103u<\/p>\n","protected":false},"author":1,"featured_media":872,"parent":0,"menu_order":0,"comment_status":"closed","ping_status":"closed","template":"","meta":{"inline_featured_image":false,"footnotes":""},"class_list":["post-871","page","type-page","status-publish","has-post-thumbnail"],"yoast_head":"<!-- This site is optimized with the Yoast SEO plugin v26.8 - https:\/\/yoast.com\/product\/yoast-seo-wordpress\/ -->\n<title>Dr. Andrei Dumitrescu - Medic Primar Urologie<\/title>\n<meta name=\"description\" content=\"Peste 10000 de pacien\u021bi consulta\u021bi, peste 500 de interven\u021bii chirurgicale (interven\u021bii clasice, laparoscopice \u0219i robotice). Programeaz\u0103-te!\" \/>\n<meta name=\"robots\" content=\"index, follow, max-snippet:-1, max-image-preview:large, max-video-preview:-1\" \/>\n<link rel=\"canonical\" href=\"https:\/\/anastasios.ro\/zalau\/dr-andrei-dumitrescu\/\" \/>\n<meta property=\"og:locale\" content=\"en_US\" \/>\n<meta property=\"og:type\" content=\"article\" \/>\n<meta property=\"og:title\" content=\"Dr. Andrei Dumitrescu - Medic Primar Urologie\" \/>\n<meta property=\"og:description\" content=\"Peste 10000 de pacien\u021bi consulta\u021bi, peste 500 de interven\u021bii chirurgicale (interven\u021bii clasice, laparoscopice \u0219i robotice). Programeaz\u0103-te!\" \/>\n<meta property=\"og:url\" content=\"https:\/\/anastasios.ro\/zalau\/dr-andrei-dumitrescu\/\" \/>\n<meta property=\"og:site_name\" content=\"Centrul Medical Anastasios Zal\u0103u\" \/>\n<meta property=\"article:modified_time\" content=\"2023-10-06T14:09:21+00:00\" \/>\n<meta property=\"og:image\" content=\"https:\/\/anastasios.ro\/zalau\/wp-content\/uploads\/2022\/01\/prezentare-doctor-andrei-dumitrescu.jpg\" \/>\n\t<meta property=\"og:image:width\" content=\"800\" \/>\n\t<meta property=\"og:image:height\" content=\"800\" \/>\n\t<meta property=\"og:image:type\" content=\"image\/jpeg\" \/>\n<meta name=\"twitter:card\" content=\"summary_large_image\" \/>\n<meta name=\"twitter:label1\" content=\"Est. reading time\" \/>\n\t<meta name=\"twitter:data1\" content=\"4 minutes\" \/>\n<script type=\"application\/ld+json\" class=\"yoast-schema-graph\">{\"@context\":\"https:\/\/schema.org\",\"@graph\":[{\"@type\":\"WebPage\",\"@id\":\"https:\/\/anastasios.ro\/zalau\/dr-andrei-dumitrescu\/\",\"url\":\"https:\/\/anastasios.ro\/zalau\/dr-andrei-dumitrescu\/\",\"name\":\"Dr. Andrei Dumitrescu - Medic Primar Urologie\",\"isPartOf\":{\"@id\":\"https:\/\/anastasios.ro\/zalau\/#website\"},\"primaryImageOfPage\":{\"@id\":\"https:\/\/anastasios.ro\/zalau\/dr-andrei-dumitrescu\/#primaryimage\"},\"image\":{\"@id\":\"https:\/\/anastasios.ro\/zalau\/dr-andrei-dumitrescu\/#primaryimage\"},\"thumbnailUrl\":\"https:\/\/anastasios.ro\/zalau\/wp-content\/uploads\/2022\/01\/prezentare-doctor-andrei-dumitrescu.jpg\",\"datePublished\":\"2022-01-11T14:41:48+00:00\",\"dateModified\":\"2023-10-06T14:09:21+00:00\",\"description\":\"Peste 10000 de pacien\u021bi consulta\u021bi, peste 500 de interven\u021bii chirurgicale (interven\u021bii clasice, laparoscopice \u0219i robotice). Programeaz\u0103-te!\",\"breadcrumb\":{\"@id\":\"https:\/\/anastasios.ro\/zalau\/dr-andrei-dumitrescu\/#breadcrumb\"},\"inLanguage\":\"en-US\",\"potentialAction\":[{\"@type\":\"ReadAction\",\"target\":[\"https:\/\/anastasios.ro\/zalau\/dr-andrei-dumitrescu\/\"]}]},{\"@type\":\"ImageObject\",\"inLanguage\":\"en-US\",\"@id\":\"https:\/\/anastasios.ro\/zalau\/dr-andrei-dumitrescu\/#primaryimage\",\"url\":\"https:\/\/anastasios.ro\/zalau\/wp-content\/uploads\/2022\/01\/prezentare-doctor-andrei-dumitrescu.jpg\",\"contentUrl\":\"https:\/\/anastasios.ro\/zalau\/wp-content\/uploads\/2022\/01\/prezentare-doctor-andrei-dumitrescu.jpg\",\"width\":800,\"height\":800,\"caption\":\"prezentare doctor andrei dumitrescu\"},{\"@type\":\"BreadcrumbList\",\"@id\":\"https:\/\/anastasios.ro\/zalau\/dr-andrei-dumitrescu\/#breadcrumb\",\"itemListElement\":[{\"@type\":\"ListItem\",\"position\":1,\"name\":\"Home\",\"item\":\"https:\/\/anastasios.ro\/zalau\/\"},{\"@type\":\"ListItem\",\"position\":2,\"name\":\"Medic &#8211; Dr. Andrei Dumitrescu\"}]},{\"@type\":\"WebSite\",\"@id\":\"https:\/\/anastasios.ro\/zalau\/#website\",\"url\":\"https:\/\/anastasios.ro\/zalau\/\",\"name\":\"Centrul Medical Anastasios Zal\u0103u\",\"description\":\"\",\"publisher\":{\"@id\":\"https:\/\/anastasios.ro\/zalau\/#organization\"},\"potentialAction\":[{\"@type\":\"SearchAction\",\"target\":{\"@type\":\"EntryPoint\",\"urlTemplate\":\"https:\/\/anastasios.ro\/zalau\/?s={search_term_string}\"},\"query-input\":{\"@type\":\"PropertyValueSpecification\",\"valueRequired\":true,\"valueName\":\"search_term_string\"}}],\"inLanguage\":\"en-US\"},{\"@type\":\"Organization\",\"@id\":\"https:\/\/anastasios.ro\/zalau\/#organization\",\"name\":\"Centrul Medical Anastasios Zal\u0103u\",\"url\":\"https:\/\/anastasios.ro\/zalau\/\",\"logo\":{\"@type\":\"ImageObject\",\"inLanguage\":\"en-US\",\"@id\":\"https:\/\/anastasios.ro\/zalau\/#\/schema\/logo\/image\/\",\"url\":\"https:\/\/anastasios.ro\/zalau\/wp-content\/uploads\/2022\/12\/anastasios_zalau.svg\",\"contentUrl\":\"https:\/\/anastasios.ro\/zalau\/wp-content\/uploads\/2022\/12\/anastasios_zalau.svg\",\"caption\":\"Centrul Medical Anastasios Zal\u0103u\"},\"image\":{\"@id\":\"https:\/\/anastasios.ro\/zalau\/#\/schema\/logo\/image\/\"}}]}<\/script>\n<!-- \/ Yoast SEO plugin. -->","yoast_head_json":{"title":"Dr. Andrei Dumitrescu - Medic Primar Urologie","description":"Peste 10000 de pacien\u021bi consulta\u021bi, peste 500 de interven\u021bii chirurgicale (interven\u021bii clasice, laparoscopice \u0219i robotice). Programeaz\u0103-te!","robots":{"index":"index","follow":"follow","max-snippet":"max-snippet:-1","max-image-preview":"max-image-preview:large","max-video-preview":"max-video-preview:-1"},"canonical":"https:\/\/anastasios.ro\/zalau\/dr-andrei-dumitrescu\/","og_locale":"en_US","og_type":"article","og_title":"Dr. Andrei Dumitrescu - Medic Primar Urologie","og_description":"Peste 10000 de pacien\u021bi consulta\u021bi, peste 500 de interven\u021bii chirurgicale (interven\u021bii clasice, laparoscopice \u0219i robotice). Programeaz\u0103-te!","og_url":"https:\/\/anastasios.ro\/zalau\/dr-andrei-dumitrescu\/","og_site_name":"Centrul Medical Anastasios Zal\u0103u","article_modified_time":"2023-10-06T14:09:21+00:00","og_image":[{"width":800,"height":800,"url":"https:\/\/anastasios.ro\/zalau\/wp-content\/uploads\/2022\/01\/prezentare-doctor-andrei-dumitrescu.jpg","type":"image\/jpeg"}],"twitter_card":"summary_large_image","twitter_misc":{"Est. reading time":"4 minutes"},"schema":{"@context":"https:\/\/schema.org","@graph":[{"@type":"WebPage","@id":"https:\/\/anastasios.ro\/zalau\/dr-andrei-dumitrescu\/","url":"https:\/\/anastasios.ro\/zalau\/dr-andrei-dumitrescu\/","name":"Dr. Andrei Dumitrescu - Medic Primar Urologie","isPartOf":{"@id":"https:\/\/anastasios.ro\/zalau\/#website"},"primaryImageOfPage":{"@id":"https:\/\/anastasios.ro\/zalau\/dr-andrei-dumitrescu\/#primaryimage"},"image":{"@id":"https:\/\/anastasios.ro\/zalau\/dr-andrei-dumitrescu\/#primaryimage"},"thumbnailUrl":"https:\/\/anastasios.ro\/zalau\/wp-content\/uploads\/2022\/01\/prezentare-doctor-andrei-dumitrescu.jpg","datePublished":"2022-01-11T14:41:48+00:00","dateModified":"2023-10-06T14:09:21+00:00","description":"Peste 10000 de pacien\u021bi consulta\u021bi, peste 500 de interven\u021bii chirurgicale (interven\u021bii clasice, laparoscopice \u0219i robotice). Programeaz\u0103-te!","breadcrumb":{"@id":"https:\/\/anastasios.ro\/zalau\/dr-andrei-dumitrescu\/#breadcrumb"},"inLanguage":"en-US","potentialAction":[{"@type":"ReadAction","target":["https:\/\/anastasios.ro\/zalau\/dr-andrei-dumitrescu\/"]}]},{"@type":"ImageObject","inLanguage":"en-US","@id":"https:\/\/anastasios.ro\/zalau\/dr-andrei-dumitrescu\/#primaryimage","url":"https:\/\/anastasios.ro\/zalau\/wp-content\/uploads\/2022\/01\/prezentare-doctor-andrei-dumitrescu.jpg","contentUrl":"https:\/\/anastasios.ro\/zalau\/wp-content\/uploads\/2022\/01\/prezentare-doctor-andrei-dumitrescu.jpg","width":800,"height":800,"caption":"prezentare doctor andrei dumitrescu"},{"@type":"BreadcrumbList","@id":"https:\/\/anastasios.ro\/zalau\/dr-andrei-dumitrescu\/#breadcrumb","itemListElement":[{"@type":"ListItem","position":1,"name":"Home","item":"https:\/\/anastasios.ro\/zalau\/"},{"@type":"ListItem","position":2,"name":"Medic &#8211; Dr. Andrei Dumitrescu"}]},{"@type":"WebSite","@id":"https:\/\/anastasios.ro\/zalau\/#website","url":"https:\/\/anastasios.ro\/zalau\/","name":"Centrul Medical Anastasios Zal\u0103u","description":"","publisher":{"@id":"https:\/\/anastasios.ro\/zalau\/#organization"},"potentialAction":[{"@type":"SearchAction","target":{"@type":"EntryPoint","urlTemplate":"https:\/\/anastasios.ro\/zalau\/?s={search_term_string}"},"query-input":{"@type":"PropertyValueSpecification","valueRequired":true,"valueName":"search_term_string"}}],"inLanguage":"en-US"},{"@type":"Organization","@id":"https:\/\/anastasios.ro\/zalau\/#organization","name":"Centrul Medical Anastasios Zal\u0103u","url":"https:\/\/anastasios.ro\/zalau\/","logo":{"@type":"ImageObject","inLanguage":"en-US","@id":"https:\/\/anastasios.ro\/zalau\/#\/schema\/logo\/image\/","url":"https:\/\/anastasios.ro\/zalau\/wp-content\/uploads\/2022\/12\/anastasios_zalau.svg","contentUrl":"https:\/\/anastasios.ro\/zalau\/wp-content\/uploads\/2022\/12\/anastasios_zalau.svg","caption":"Centrul Medical Anastasios Zal\u0103u"},"image":{"@id":"https:\/\/anastasios.ro\/zalau\/#\/schema\/logo\/image\/"}}]}},"_links":{"self":[{"href":"https:\/\/anastasios.ro\/zalau\/wp-json\/wp\/v2\/pages\/871","targetHints":{"allow":["GET"]}}],"collection":[{"href":"https:\/\/anastasios.ro\/zalau\/wp-json\/wp\/v2\/pages"}],"about":[{"href":"https:\/\/anastasios.ro\/zalau\/wp-json\/wp\/v2\/types\/page"}],"author":[{"embeddable":true,"href":"https:\/\/anastasios.ro\/zalau\/wp-json\/wp\/v2\/users\/1"}],"replies":[{"embeddable":true,"href":"https:\/\/anastasios.ro\/zalau\/wp-json\/wp\/v2\/comments?post=871"}],"version-history":[{"count":7,"href":"https:\/\/anastasios.ro\/zalau\/wp-json\/wp\/v2\/pages\/871\/revisions"}],"predecessor-version":[{"id":2498,"href":"https:\/\/anastasios.ro\/zalau\/wp-json\/wp\/v2\/pages\/871\/revisions\/2498"}],"wp:featuredmedia":[{"embeddable":true,"href":"https:\/\/anastasios.ro\/zalau\/wp-json\/wp\/v2\/media\/872"}],"wp:attachment":[{"href":"https:\/\/anastasios.ro\/zalau\/wp-json\/wp\/v2\/media?parent=871"}],"curies":[{"name":"wp","href":"https:\/\/api.w.org\/{rel}","templated":true}]}}