{"id":838,"date":"2022-01-11T15:27:33","date_gmt":"2022-01-11T12:27:33","guid":{"rendered":"https:\/\/anastasios.ro\/zalau\/?page_id=838"},"modified":"2026-02-11T19:08:14","modified_gmt":"2026-02-11T16:08:14","slug":"dr-nicoleta-rebrisorean","status":"publish","type":"page","link":"https:\/\/anastasios.ro\/zalau\/dr-nicoleta-rebrisorean\/","title":{"rendered":"Medic &#8211; Dr. Nicoleta Rebrisorean"},"content":{"rendered":"<div class=\"gb-container gb-container-9092b670\"><div class=\"gb-inside-container\">\n\n<h1 class=\"gb-headline gb-headline-a3365616 gb-headline-text\">Dr. Nicoleta Rebri\u0219orean<\/h1>\n\n\n\n<h2 class=\"gb-headline gb-headline-c5999d27 gb-headline-text\"><strong><strong>Medic Primar Chirurgie General\u0103<\/strong><\/strong><\/h2>\n\n\n\n<div class=\"line-separator\"><\/div>\n\n\n\n<h2 class=\"gb-headline gb-headline-986fa71f gb-headline-text\"><strong>Centrul Medical Anastasios Zal\u0103u<\/strong><\/h2>\n\n<\/div><\/div>\n\n\n<div style=\"height:32px\" aria-hidden=\"true\" class=\"wp-block-spacer\"><\/div>\n\n\n<div class=\"gb-container gb-container-0a10d290\"><div class=\"gb-inside-container\">\n<div class=\"gb-grid-wrapper gb-grid-wrapper-cae0effe\">\n<div class=\"gb-grid-column gb-grid-column-340a889e\"><div class=\"gb-container gb-container-340a889e contaier-box-with-shadow\"><div class=\"gb-inside-container\">\n<div class=\"gb-container gb-container-665d604d\"><div class=\"gb-inside-container\">\n\n<figure class=\"wp-block-image size-full container-image-with-shadow\"><img loading=\"lazy\" decoding=\"async\" width=\"600\" height=\"900\" src=\"https:\/\/anastasios.ro\/zalau\/wp-content\/uploads\/2026\/02\/dr.-nicoleta-rebrisorean.jpg\" alt=\"dr. nicoleta rebrisorean\" class=\"wp-image-2931\" srcset=\"https:\/\/anastasios.ro\/zalau\/wp-content\/uploads\/2026\/02\/dr.-nicoleta-rebrisorean.jpg 600w, https:\/\/anastasios.ro\/zalau\/wp-content\/uploads\/2026\/02\/dr.-nicoleta-rebrisorean-200x300.jpg 200w\" sizes=\"auto, (max-width: 600px) 100vw, 600px\" \/><\/figure>\n\n<\/div><\/div>\n\n\n<div style=\"height:12px\" aria-hidden=\"true\" class=\"wp-block-spacer\"><\/div>\n\n<\/div><\/div><\/div>\n\n<div class=\"gb-grid-column gb-grid-column-8648c16b\"><div class=\"gb-container gb-container-8648c16b\"><div class=\"gb-inside-container\">\n\n<p>Pasionat\u0103 de medicin\u0103 dar mai ales de a ajuta oamenii, Dr. Nicoleta Rebrisorean este medic primar chirurgie general\u0103, cu o experien\u021b\u0103 de 15 ani \u00een proctologie \u0219i flebologie.<\/p>\n\n\n\n<p>Absolvent\u0103 a Universit\u0103\u021bii de Medicin\u0103 \u0219i Farmacie Cluj-Napoca&nbsp; cu multiple particip\u0103ri la congrese \u0219tiin\u021bifice na\u021bionale \u0219i interna\u021bionale, dna doctor Rebrisorean este printre pu\u021binii medici din \u021bar\u0103 care pot s\u0103 ofere cel mai optim tratament minim invaziv din \u021bara noastr\u0103 \u00een domeniul proctologiei. Un medic preocupat permanent de cunoa\u0219terea, \u00eensu\u0219irea \u0219i promovarea celor mai noi metode de diagnostic \u0219i tratament, \u00een special a tratamentului minim invaziv.&nbsp;<\/p>\n\n\n\n<p>M\u0103rturie pentru cele spuse st\u0103 experien\u021ba celor peste 15500 de pacien\u021bi trata\u021bi care au beneficiat de serviciile medicale. Practic\u0103 \u00een mediul privat i-a oferit \u0219ans\u0103 de a trata pacientul cu maxim\u0103 disponibilitate dar mai ales cu satisfac\u021bia de a putea oferi o abordare holistic\u0103 a problemelor medicale ale pacien\u021bilor. De cele mai multe ori sub simptome banale se afl\u0103 diagnostice terifiante. Trat\u00e2nd cu r\u0103bdare \u0219i seriozitate fiecare simptom, a reu\u0219it nu de pu\u021bine ori, s\u0103 intervin\u0103 \u00eenainte de a fi prea t\u00e2rziu.<\/p>\n\n\n\n<p>Este absolvent\u0103 a Universit\u0103\u021bii de Medicin\u0103 \u0219i Farmacie Cluj \u2013Napoca, promo\u021bia 1996-2002. \u00cen anul 2002 devine medic rezident, specialitatea chirurgie general\u0103, \u00een cadrul Clinicii Chirurgie I a Spitalului Jude\u021bean De Urgen\u021b\u0103 Cluj-Napoca. Timp de 6 ani s-a format c\u0103 medic chirurg \u00een aceast\u0103 clinic\u0103 unde s-a \u00eent\u00e2lnit cu o vast\u0103 patologie medical\u0103. Din 2002 \u0219i p\u00e2n\u0103 \u00een prezent efectueaz\u0103 multiple g\u0103rzi, specializ\u00e2ndu-se \u00een chirurgia de urgen\u021b\u0103 \u0219i traumatologie.<\/p>\n\n\n\n<p>\u00cen 2008 devine medic specialist chirurg, iar \u00een 2017 medic primar chirurg, continu\u00e2ndu-\u0219i \u00een toat\u0103 aceast\u0103 perioada perfec\u021bionarea, instruirea \u0219i \u00eembun\u0103t\u0103\u021birea cuno\u0219tin\u021belor profesionale prin participarea la numeroase cursuri postuniversitare, congrese \u0219i manifest\u0103ri \u0219tiin\u021bifice na\u021bionale \u0219i interna\u021bionale, dob\u00e2ndind atestate \u0219i supraspecializ\u0103ri cum este competen\u021ba \u00een ecografie abdominal\u0103, cursul de ecografie Doppler vascular \u0219i supraspecializare \u00een proctologie \u0219i flebologie &#8211; scleroterapia ecoghidat\u0103.<\/p>\n\n\n\n<p>De 15 ani a practicat \u0219i s-a supraspecializat \u00een proctologie \u0219i flebologie (\u00een special scleroterapie ecoghidat\u0103 a varicelor) trat\u00e2nd mii de pacien\u021bi prin tratamente minim invazive, \u00een regim de ambulator.<\/p>\n\n\n\n<p>De-a lungul acestor ani a colaborat \u0219i cu Facultatea de Medicin\u0103 din cadrul UMF Cluj, pred\u00e2nd studen\u021bilor \u00een cadrul Catedrei de Anatomie \u0219i Embriologie \u0219i \u00een cadrul Catedrei de Chirurgie.<\/p>\n\n\n\n<p>Este membr\u0103 a mai multor societ\u0103\u021bi medicale din Rom\u00e2nia: Societatea de Chirurgie, Societatea de Coloproctologie, Societatea de Flebologie.<\/p>\n\n\n\n<p>Doamna Dr. Rebrisorean este un medic preocupat permanent de cunoa\u0219terea, \u00eensu\u0219irea \u0219i promovarea celor mai noi metode de diagnostic \u0219i tratament , \u00een special a tratamentului minim invaziv . Este un medic care se ghideaz\u0103 , \u00een toat\u0103 activitatea&nbsp; pe principiile \u201cprimum non nocere\u201d \u0219i al c\u0103rei principal obiectiv este s\u0103n\u0103tatea pacien\u021bilor \u0219i reintegrarea lor c\u00e2t mai rapid\u0103 \u00een activitate.<\/p>\n\n<\/div><\/div><\/div>\n<\/div>\n<\/div><\/div>\n\n\n<div style=\"height:32px\" aria-hidden=\"true\" class=\"wp-block-spacer\"><\/div>\n\n\n\n<h2 class=\"gb-headline gb-headline-2904b656 gb-headline-text\"><strong>Consultul proctologic, s\u00e2nger\u0103rile anale, medicamentele \u0219i unguentele | Dr. Nicoleta Rebri<meta charset=\"utf-8\">\u0219orean<\/strong><\/h2>\n\n\n\n<figure class=\"wp-block-embed is-type-video is-provider-youtube wp-block-embed-youtube wp-embed-aspect-16-9 wp-has-aspect-ratio\"><div class=\"wp-block-embed__wrapper\">\n<div class=\"epyt-video-wrapper\"><div  id=\"_ytid_87746\"  width=\"1200\" height=\"675\"  data-origwidth=\"1200\" data-origheight=\"675\"  data-relstop=\"1\" data-facadesrc=\"https:\/\/www.youtube.com\/embed\/YiAmdW1ygSI?enablejsapi=1&#038;autoplay=0&#038;cc_load_policy=0&#038;cc_lang_pref=&#038;iv_load_policy=1&#038;loop=0&#038;rel=0&#038;fs=1&#038;playsinline=0&#038;autohide=2&#038;theme=dark&#038;color=red&#038;controls=1&#038;disablekb=0&#038;\" class=\"__youtube_prefs__ epyt-facade epyt-is-override  no-lazyload\" data-epautoplay=\"1\" ><img decoding=\"async\" data-spai-excluded=\"true\" class=\"epyt-facade-poster skip-lazy\" loading=\"lazy\"  alt=\"YouTube player\"  src=\"https:\/\/i.ytimg.com\/vi\/YiAmdW1ygSI\/maxresdefault.jpg\"  \/><button class=\"epyt-facade-play\" aria-label=\"Play\"><svg data-no-lazy=\"1\" height=\"100%\" version=\"1.1\" viewBox=\"0 0 68 48\" width=\"100%\"><path class=\"ytp-large-play-button-bg\" d=\"M66.52,7.74c-0.78-2.93-2.49-5.41-5.42-6.19C55.79,.13,34,0,34,0S12.21,.13,6.9,1.55 C3.97,2.33,2.27,4.81,1.48,7.74C0.06,13.05,0,24,0,24s0.06,10.95,1.48,16.26c0.78,2.93,2.49,5.41,5.42,6.19 C12.21,47.87,34,48,34,48s21.79-0.13,27.1-1.55c2.93-0.78,4.64-3.26,5.42-6.19C67.94,34.95,68,24,68,24S67.94,13.05,66.52,7.74z\" fill=\"#f00\"><\/path><path d=\"M 45,24 27,14 27,34\" fill=\"#fff\"><\/path><\/svg><\/button><\/div><\/div>\n<\/div><\/figure>\n","protected":false},"excerpt":{"rendered":"<p>Dr. Nicoleta Rebri\u0219orean Medic Primar Chirurgie General\u0103 Centrul Medical Anastasios Zal\u0103u Consultul proctologic, s\u00e2nger\u0103rile anale, medicamentele \u0219i unguentele | Dr. Nicoleta Rebri\u0219orean<\/p>\n","protected":false},"author":1,"featured_media":839,"parent":0,"menu_order":0,"comment_status":"closed","ping_status":"closed","template":"","meta":{"inline_featured_image":false,"footnotes":""},"class_list":["post-838","page","type-page","status-publish","has-post-thumbnail"],"yoast_head":"<!-- This site is optimized with the Yoast SEO plugin v26.8 - https:\/\/yoast.com\/product\/yoast-seo-wordpress\/ -->\n<title>Dr. Nicoleta Rebri\u0219orean - Medic Primar Chirurgie General\u0103<\/title>\n<meta name=\"description\" content=\"Medic primar chirurgie general\u0103, cu o experien\u021b\u0103 de 15 ani \u00een Proctologie \u0219i Flebologie. F\u0103-\u021bi o programare pentru un consult.\" \/>\n<meta name=\"robots\" content=\"index, follow, max-snippet:-1, max-image-preview:large, max-video-preview:-1\" \/>\n<link rel=\"canonical\" href=\"https:\/\/anastasios.ro\/zalau\/dr-nicoleta-rebrisorean\/\" \/>\n<meta property=\"og:locale\" content=\"en_US\" \/>\n<meta property=\"og:type\" content=\"article\" \/>\n<meta property=\"og:title\" content=\"Dr. Nicoleta Rebri\u0219orean - Medic Primar Chirurgie General\u0103\" \/>\n<meta property=\"og:description\" content=\"Medic primar chirurgie general\u0103, cu o experien\u021b\u0103 de 15 ani \u00een Proctologie \u0219i Flebologie. F\u0103-\u021bi o programare pentru un consult.\" \/>\n<meta property=\"og:url\" content=\"https:\/\/anastasios.ro\/zalau\/dr-nicoleta-rebrisorean\/\" \/>\n<meta property=\"og:site_name\" content=\"Centrul Medical Anastasios Zal\u0103u\" \/>\n<meta property=\"article:modified_time\" content=\"2026-02-11T16:08:14+00:00\" \/>\n<meta property=\"og:image\" content=\"https:\/\/anastasios.ro\/zalau\/wp-content\/uploads\/2022\/01\/prezentare-doctor-nicoleta-rebrisorean.jpg\" \/>\n\t<meta property=\"og:image:width\" content=\"800\" \/>\n\t<meta property=\"og:image:height\" content=\"800\" \/>\n\t<meta property=\"og:image:type\" content=\"image\/jpeg\" \/>\n<meta name=\"twitter:card\" content=\"summary_large_image\" \/>\n<meta name=\"twitter:label1\" content=\"Est. reading time\" \/>\n\t<meta name=\"twitter:data1\" content=\"3 minutes\" \/>\n<script type=\"application\/ld+json\" class=\"yoast-schema-graph\">{\"@context\":\"https:\/\/schema.org\",\"@graph\":[{\"@type\":\"WebPage\",\"@id\":\"https:\/\/anastasios.ro\/zalau\/dr-nicoleta-rebrisorean\/\",\"url\":\"https:\/\/anastasios.ro\/zalau\/dr-nicoleta-rebrisorean\/\",\"name\":\"Dr. Nicoleta Rebri\u0219orean - Medic Primar Chirurgie General\u0103\",\"isPartOf\":{\"@id\":\"https:\/\/anastasios.ro\/zalau\/#website\"},\"primaryImageOfPage\":{\"@id\":\"https:\/\/anastasios.ro\/zalau\/dr-nicoleta-rebrisorean\/#primaryimage\"},\"image\":{\"@id\":\"https:\/\/anastasios.ro\/zalau\/dr-nicoleta-rebrisorean\/#primaryimage\"},\"thumbnailUrl\":\"https:\/\/anastasios.ro\/zalau\/wp-content\/uploads\/2022\/01\/prezentare-doctor-nicoleta-rebrisorean.jpg\",\"datePublished\":\"2022-01-11T12:27:33+00:00\",\"dateModified\":\"2026-02-11T16:08:14+00:00\",\"description\":\"Medic primar chirurgie general\u0103, cu o experien\u021b\u0103 de 15 ani \u00een Proctologie \u0219i Flebologie. F\u0103-\u021bi o programare pentru un consult.\",\"breadcrumb\":{\"@id\":\"https:\/\/anastasios.ro\/zalau\/dr-nicoleta-rebrisorean\/#breadcrumb\"},\"inLanguage\":\"en-US\",\"potentialAction\":[{\"@type\":\"ReadAction\",\"target\":[\"https:\/\/anastasios.ro\/zalau\/dr-nicoleta-rebrisorean\/\"]}]},{\"@type\":\"ImageObject\",\"inLanguage\":\"en-US\",\"@id\":\"https:\/\/anastasios.ro\/zalau\/dr-nicoleta-rebrisorean\/#primaryimage\",\"url\":\"https:\/\/anastasios.ro\/zalau\/wp-content\/uploads\/2022\/01\/prezentare-doctor-nicoleta-rebrisorean.jpg\",\"contentUrl\":\"https:\/\/anastasios.ro\/zalau\/wp-content\/uploads\/2022\/01\/prezentare-doctor-nicoleta-rebrisorean.jpg\",\"width\":800,\"height\":800,\"caption\":\"prezentare doctor nicoleta rebrisorean\"},{\"@type\":\"BreadcrumbList\",\"@id\":\"https:\/\/anastasios.ro\/zalau\/dr-nicoleta-rebrisorean\/#breadcrumb\",\"itemListElement\":[{\"@type\":\"ListItem\",\"position\":1,\"name\":\"Home\",\"item\":\"https:\/\/anastasios.ro\/zalau\/\"},{\"@type\":\"ListItem\",\"position\":2,\"name\":\"Medic &#8211; Dr. Nicoleta Rebrisorean\"}]},{\"@type\":\"WebSite\",\"@id\":\"https:\/\/anastasios.ro\/zalau\/#website\",\"url\":\"https:\/\/anastasios.ro\/zalau\/\",\"name\":\"Centrul Medical Anastasios Zal\u0103u\",\"description\":\"\",\"publisher\":{\"@id\":\"https:\/\/anastasios.ro\/zalau\/#organization\"},\"potentialAction\":[{\"@type\":\"SearchAction\",\"target\":{\"@type\":\"EntryPoint\",\"urlTemplate\":\"https:\/\/anastasios.ro\/zalau\/?s={search_term_string}\"},\"query-input\":{\"@type\":\"PropertyValueSpecification\",\"valueRequired\":true,\"valueName\":\"search_term_string\"}}],\"inLanguage\":\"en-US\"},{\"@type\":\"Organization\",\"@id\":\"https:\/\/anastasios.ro\/zalau\/#organization\",\"name\":\"Centrul Medical Anastasios Zal\u0103u\",\"url\":\"https:\/\/anastasios.ro\/zalau\/\",\"logo\":{\"@type\":\"ImageObject\",\"inLanguage\":\"en-US\",\"@id\":\"https:\/\/anastasios.ro\/zalau\/#\/schema\/logo\/image\/\",\"url\":\"https:\/\/anastasios.ro\/zalau\/wp-content\/uploads\/2022\/12\/anastasios_zalau.svg\",\"contentUrl\":\"https:\/\/anastasios.ro\/zalau\/wp-content\/uploads\/2022\/12\/anastasios_zalau.svg\",\"caption\":\"Centrul Medical Anastasios Zal\u0103u\"},\"image\":{\"@id\":\"https:\/\/anastasios.ro\/zalau\/#\/schema\/logo\/image\/\"}}]}<\/script>\n<!-- \/ Yoast SEO plugin. -->","yoast_head_json":{"title":"Dr. Nicoleta Rebri\u0219orean - Medic Primar Chirurgie General\u0103","description":"Medic primar chirurgie general\u0103, cu o experien\u021b\u0103 de 15 ani \u00een Proctologie \u0219i Flebologie. F\u0103-\u021bi o programare pentru un consult.","robots":{"index":"index","follow":"follow","max-snippet":"max-snippet:-1","max-image-preview":"max-image-preview:large","max-video-preview":"max-video-preview:-1"},"canonical":"https:\/\/anastasios.ro\/zalau\/dr-nicoleta-rebrisorean\/","og_locale":"en_US","og_type":"article","og_title":"Dr. Nicoleta Rebri\u0219orean - Medic Primar Chirurgie General\u0103","og_description":"Medic primar chirurgie general\u0103, cu o experien\u021b\u0103 de 15 ani \u00een Proctologie \u0219i Flebologie. F\u0103-\u021bi o programare pentru un consult.","og_url":"https:\/\/anastasios.ro\/zalau\/dr-nicoleta-rebrisorean\/","og_site_name":"Centrul Medical Anastasios Zal\u0103u","article_modified_time":"2026-02-11T16:08:14+00:00","og_image":[{"width":800,"height":800,"url":"https:\/\/anastasios.ro\/zalau\/wp-content\/uploads\/2022\/01\/prezentare-doctor-nicoleta-rebrisorean.jpg","type":"image\/jpeg"}],"twitter_card":"summary_large_image","twitter_misc":{"Est. reading time":"3 minutes"},"schema":{"@context":"https:\/\/schema.org","@graph":[{"@type":"WebPage","@id":"https:\/\/anastasios.ro\/zalau\/dr-nicoleta-rebrisorean\/","url":"https:\/\/anastasios.ro\/zalau\/dr-nicoleta-rebrisorean\/","name":"Dr. Nicoleta Rebri\u0219orean - Medic Primar Chirurgie General\u0103","isPartOf":{"@id":"https:\/\/anastasios.ro\/zalau\/#website"},"primaryImageOfPage":{"@id":"https:\/\/anastasios.ro\/zalau\/dr-nicoleta-rebrisorean\/#primaryimage"},"image":{"@id":"https:\/\/anastasios.ro\/zalau\/dr-nicoleta-rebrisorean\/#primaryimage"},"thumbnailUrl":"https:\/\/anastasios.ro\/zalau\/wp-content\/uploads\/2022\/01\/prezentare-doctor-nicoleta-rebrisorean.jpg","datePublished":"2022-01-11T12:27:33+00:00","dateModified":"2026-02-11T16:08:14+00:00","description":"Medic primar chirurgie general\u0103, cu o experien\u021b\u0103 de 15 ani \u00een Proctologie \u0219i Flebologie. F\u0103-\u021bi o programare pentru un consult.","breadcrumb":{"@id":"https:\/\/anastasios.ro\/zalau\/dr-nicoleta-rebrisorean\/#breadcrumb"},"inLanguage":"en-US","potentialAction":[{"@type":"ReadAction","target":["https:\/\/anastasios.ro\/zalau\/dr-nicoleta-rebrisorean\/"]}]},{"@type":"ImageObject","inLanguage":"en-US","@id":"https:\/\/anastasios.ro\/zalau\/dr-nicoleta-rebrisorean\/#primaryimage","url":"https:\/\/anastasios.ro\/zalau\/wp-content\/uploads\/2022\/01\/prezentare-doctor-nicoleta-rebrisorean.jpg","contentUrl":"https:\/\/anastasios.ro\/zalau\/wp-content\/uploads\/2022\/01\/prezentare-doctor-nicoleta-rebrisorean.jpg","width":800,"height":800,"caption":"prezentare doctor nicoleta rebrisorean"},{"@type":"BreadcrumbList","@id":"https:\/\/anastasios.ro\/zalau\/dr-nicoleta-rebrisorean\/#breadcrumb","itemListElement":[{"@type":"ListItem","position":1,"name":"Home","item":"https:\/\/anastasios.ro\/zalau\/"},{"@type":"ListItem","position":2,"name":"Medic &#8211; Dr. Nicoleta Rebrisorean"}]},{"@type":"WebSite","@id":"https:\/\/anastasios.ro\/zalau\/#website","url":"https:\/\/anastasios.ro\/zalau\/","name":"Centrul Medical Anastasios Zal\u0103u","description":"","publisher":{"@id":"https:\/\/anastasios.ro\/zalau\/#organization"},"potentialAction":[{"@type":"SearchAction","target":{"@type":"EntryPoint","urlTemplate":"https:\/\/anastasios.ro\/zalau\/?s={search_term_string}"},"query-input":{"@type":"PropertyValueSpecification","valueRequired":true,"valueName":"search_term_string"}}],"inLanguage":"en-US"},{"@type":"Organization","@id":"https:\/\/anastasios.ro\/zalau\/#organization","name":"Centrul Medical Anastasios Zal\u0103u","url":"https:\/\/anastasios.ro\/zalau\/","logo":{"@type":"ImageObject","inLanguage":"en-US","@id":"https:\/\/anastasios.ro\/zalau\/#\/schema\/logo\/image\/","url":"https:\/\/anastasios.ro\/zalau\/wp-content\/uploads\/2022\/12\/anastasios_zalau.svg","contentUrl":"https:\/\/anastasios.ro\/zalau\/wp-content\/uploads\/2022\/12\/anastasios_zalau.svg","caption":"Centrul Medical Anastasios Zal\u0103u"},"image":{"@id":"https:\/\/anastasios.ro\/zalau\/#\/schema\/logo\/image\/"}}]}},"_links":{"self":[{"href":"https:\/\/anastasios.ro\/zalau\/wp-json\/wp\/v2\/pages\/838","targetHints":{"allow":["GET"]}}],"collection":[{"href":"https:\/\/anastasios.ro\/zalau\/wp-json\/wp\/v2\/pages"}],"about":[{"href":"https:\/\/anastasios.ro\/zalau\/wp-json\/wp\/v2\/types\/page"}],"author":[{"embeddable":true,"href":"https:\/\/anastasios.ro\/zalau\/wp-json\/wp\/v2\/users\/1"}],"replies":[{"embeddable":true,"href":"https:\/\/anastasios.ro\/zalau\/wp-json\/wp\/v2\/comments?post=838"}],"version-history":[{"count":8,"href":"https:\/\/anastasios.ro\/zalau\/wp-json\/wp\/v2\/pages\/838\/revisions"}],"predecessor-version":[{"id":2936,"href":"https:\/\/anastasios.ro\/zalau\/wp-json\/wp\/v2\/pages\/838\/revisions\/2936"}],"wp:featuredmedia":[{"embeddable":true,"href":"https:\/\/anastasios.ro\/zalau\/wp-json\/wp\/v2\/media\/839"}],"wp:attachment":[{"href":"https:\/\/anastasios.ro\/zalau\/wp-json\/wp\/v2\/media?parent=838"}],"curies":[{"name":"wp","href":"https:\/\/api.w.org\/{rel}","templated":true}]}}