{"id":82,"date":"2021-11-11T15:55:48","date_gmt":"2021-11-11T12:55:48","guid":{"rendered":"https:\/\/anastasios.ro\/zalau\/?page_id=82"},"modified":"2026-02-11T19:18:30","modified_gmt":"2026-02-11T16:18:30","slug":"echipa-medicala","status":"publish","type":"page","link":"https:\/\/anastasios.ro\/zalau\/echipa-medicala\/","title":{"rendered":"Echipa Medical\u0103"},"content":{"rendered":"<div class=\"gb-container gb-container-50c32d58\"><div class=\"gb-inside-container\">\n\n<div style=\"height:16px\" aria-hidden=\"true\" class=\"wp-block-spacer\"><\/div>\n\n\n\n<h1 class=\"gb-headline gb-headline-ac2f2844 gb-headline-text\">Echipa medical\u0103<\/h1>\n\n\n\n<div class=\"line-separator\"><\/div>\n\n\n\n<h2 class=\"gb-headline gb-headline-a8590673 gb-headline-text\"><strong>Centrul Medical Anastasios Zal\u0103u<\/strong><\/h2>\n\n\n\n<p>Centrul medical Anastasios a fost deschis cu scopul de a crea un nou concept \u00een domeniul \u00eengrijirilor ambulatorii din Romania \u0219i din Zal\u0103u, ridic\u00e2nd standardul serviciilor medicale la un nivel superior.<\/p>\n\n\n\n<p>Ast\u0103zi ne m\u00e2ndrim cu o echip\u0103 de peste 50 de medici primari \u0219i speciali\u0219ti, asistente medicale, secretare medicale \u0219i al\u021bi colegi care se asigur\u0103 \u00een fiecare zi de confortul pacien\u021bilor no\u0219tri.<\/p>\n\n\n\n<p>Ne pas\u0103 de fiecare pacient \u0219i din acest motiv unul din obiectivele noastre principale este ca de fiecare dat\u0103 c\u00e2nd veni\u021bi la noi s\u0103 aveti parte de o experien\u021b\u0103 pl\u0103cut\u0103.<\/p>\n\n\n\n<p>Pentru c\u0103 ne pas\u0103 de tine:<\/p>\n\n\n\n<ul class=\"wp-block-list\">\n<li>Suntem mereu aten\u021bi la p\u0103rerea \u0219i opiniile tale. Vei fi implicat \u00een alegerile de \u00eengrijire \u0219i tratament<\/li>\n\n\n\n<li>E\u0219ti tot timpul binevenit \u0219i te vei sim\u021bi relaxat \u0219i \u00eengrijit<\/li>\n\n\n\n<li>Vei \u00eent\u00e2lni o echip\u0103 de medici cu experien\u021b\u0103 \u0219i foarte califica\u021bi<\/li>\n<\/ul>\n\n<\/div><\/div>\n\n\n<div style=\"height:32px\" aria-hidden=\"true\" class=\"wp-block-spacer\"><\/div>\n\n\n<div class=\"gb-container gb-container-f9cbe27a\"><div class=\"gb-inside-container\">\n<div class=\"gb-grid-wrapper gb-grid-wrapper-b44d3459\">\n<div class=\"gb-grid-column gb-grid-column-2b827038\"><div class=\"gb-container gb-container-2b827038\"><div class=\"gb-inside-container\">\n\n<h3 class=\"gb-headline gb-headline-ede0d2eb gb-headline-text\"><strong>Neurochirurgie<\/strong><\/h3>\n\n\n\n<ul class=\"wp-block-list\">\n<li>Dr. Iosif Alexandru<\/li>\n\n\n\n<li>Dr. Iustinian Ioachim Simion<\/li>\n<\/ul>\n\n\n\n<div style=\"height:12px\" aria-hidden=\"true\" class=\"wp-block-spacer\"><\/div>\n\n<\/div><\/div><\/div>\n\n<div class=\"gb-grid-column gb-grid-column-cb48357d\"><div class=\"gb-container gb-container-cb48357d\"><div class=\"gb-inside-container\">\n\n<h3 class=\"gb-headline gb-headline-6043c0ca gb-headline-text\"><strong>Chirurgie General<meta charset=\"utf-8\">\u0103<meta charset=\"utf-8\"><\/strong><\/h3>\n\n\n\n<ul class=\"wp-block-list\">\n<li><a href=\"https:\/\/anastasios.ro\/zalau\/dr-nicoleta-rebrisorean\/\">Dr. Nicoleta Rebri\u0219orean<\/a><\/li>\n\n\n\n<li><a href=\"https:\/\/anastasios.ro\/zalau\/dr-gabriel-emil-petre\/\">Dr. Gabriel Petre<\/a><\/li>\n\n\n\n<li>Dr. Balogh Tibor<\/li>\n\n\n\n<li>Dr. Neciu Cristian<\/li>\n\n\n\n<li>Dr. Bordian Alexandru<\/li>\n<\/ul>\n\n\n\n<div style=\"height:12px\" aria-hidden=\"true\" class=\"wp-block-spacer\"><\/div>\n\n<\/div><\/div><\/div>\n\n<div class=\"gb-grid-column gb-grid-column-e58973e8\"><div class=\"gb-container gb-container-e58973e8\"><div class=\"gb-inside-container\">\n\n<h3 class=\"gb-headline gb-headline-538a7773 gb-headline-text\"><strong>Chirurgie Plastic<meta charset=\"utf-8\">\u0103<\/strong><\/h3>\n\n\n\n<ul class=\"wp-block-list\">\n<li><a href=\"https:\/\/anastasios.ro\/zalau\/dr-yusef-sallum\/\">Dr. Yusef Sallum<\/a><\/li>\n<\/ul>\n\n\n\n<div style=\"height:12px\" aria-hidden=\"true\" class=\"wp-block-spacer\"><\/div>\n\n<\/div><\/div><\/div>\n<\/div>\n\n<div class=\"gb-grid-wrapper gb-grid-wrapper-dd812f18\">\n<div class=\"gb-grid-column gb-grid-column-e73bd833\"><div class=\"gb-container gb-container-e73bd833\"><div class=\"gb-inside-container\">\n\n<h3 class=\"gb-headline gb-headline-59229db4 gb-headline-text\"><strong>Chirurgie Vascular<meta charset=\"utf-8\"><strong>\u0103<\/strong><\/strong><\/h3>\n\n\n\n<ul class=\"wp-block-list\">\n<li>Dr. Raul \u0218andor<\/li>\n\n\n\n<li>Dr. Mocian Adriana<\/li>\n<\/ul>\n\n\n\n<div style=\"height:12px\" aria-hidden=\"true\" class=\"wp-block-spacer\"><\/div>\n\n<\/div><\/div><\/div>\n\n<div class=\"gb-grid-column gb-grid-column-dbec0d5b\"><div class=\"gb-container gb-container-dbec0d5b\"><div class=\"gb-inside-container\">\n\n<h3 class=\"gb-headline gb-headline-92332d0c gb-headline-text\"><strong>Proctologie<meta charset=\"utf-8\"><\/strong><\/h3>\n\n\n\n<ul class=\"wp-block-list\">\n<li><a href=\"https:\/\/anastasios.ro\/zalau\/dr-nicoleta-rebrisorean\/\">Dr. Nicoleta Rebri\u0219orean<\/a><\/li>\n\n\n\n<li>Dr. Neciu Cristian<\/li>\n\n\n\n<li>Dr. Bordian Alexandru<\/li>\n<\/ul>\n\n\n\n<div style=\"height:12px\" aria-hidden=\"true\" class=\"wp-block-spacer\"><\/div>\n\n<\/div><\/div><\/div>\n\n<div class=\"gb-grid-column gb-grid-column-2ea497ec\"><div class=\"gb-container gb-container-2ea497ec\"><div class=\"gb-inside-container\">\n\n<h3 class=\"gb-headline gb-headline-ebff4958 gb-headline-text\"><strong>Flebologie<\/strong><\/h3>\n\n\n\n<ul class=\"wp-block-list\">\n<li><a href=\"https:\/\/anastasios.ro\/zalau\/dr-nicoleta-rebrisorean\/\">Dr. Nicoleta Rebri\u0219orean<\/a><\/li>\n\n\n\n<li>Dr. Raul \u0218andor<\/li>\n\n\n\n<li>Dr. Mocian Adriana<\/li>\n<\/ul>\n\n\n\n<div style=\"height:12px\" aria-hidden=\"true\" class=\"wp-block-spacer\"><\/div>\n\n<\/div><\/div><\/div>\n<\/div>\n\n<div class=\"gb-grid-wrapper gb-grid-wrapper-3aaceb88\">\n<div class=\"gb-grid-column gb-grid-column-85184037\"><div class=\"gb-container gb-container-85184037\"><div class=\"gb-inside-container\">\n\n<h3 class=\"gb-headline gb-headline-96eb9b0a gb-headline-text\"><strong>Gastroenterologie<\/strong><\/h3>\n\n\n\n<ul class=\"wp-block-list\">\n<li><a href=\"https:\/\/anastasios.ro\/zalau\/medic-dr-gabriela-negrean\/\">Dr. Gabriela Negrean<\/a><\/li>\n\n\n\n<li>Dr. Turtureanu Ana Maria<\/li>\n<\/ul>\n\n\n\n<div style=\"height:12px\" aria-hidden=\"true\" class=\"wp-block-spacer\"><\/div>\n\n<\/div><\/div><\/div>\n\n<div class=\"gb-grid-column gb-grid-column-b6b2235d\"><div class=\"gb-container gb-container-b6b2235d\"><div class=\"gb-inside-container\">\n\n<h3 class=\"gb-headline gb-headline-dcf20e40 gb-headline-text\"><strong>Urologie<meta charset=\"utf-8\"><\/strong><\/h3>\n\n\n\n<ul class=\"wp-block-list\">\n<li><a href=\"https:\/\/anastasios.ro\/zalau\/dr-bogdan-ene\/\">Dr. Bogdan Ene<\/a><\/li>\n\n\n\n<li><a href=\"https:\/\/anastasios.ro\/zalau\/dr-andrei-dumitrescu\/\">Dr. Andrei Dumitrescu<\/a><\/li>\n\n\n\n<li>Dr. Vlad-Ionu\u021b Cojocariu<\/li>\n<\/ul>\n\n\n\n<div style=\"height:12px\" aria-hidden=\"true\" class=\"wp-block-spacer\"><\/div>\n\n<\/div><\/div><\/div>\n\n<div class=\"gb-grid-column gb-grid-column-48194c08\"><div class=\"gb-container gb-container-48194c08\"><div class=\"gb-inside-container\">\n\n<h3 class=\"gb-headline gb-headline-4170fee8 gb-headline-text\"><strong>Dermatovenerologie<\/strong><\/h3>\n\n\n\n<ul class=\"wp-block-list\">\n<li>Dr. B\u00eerlea Stanca<\/li>\n\n\n\n<li>Dr. Anda Sufle\u021bel<\/li>\n\n\n\n<li>Dr. Dana Velichie<\/li>\n<\/ul>\n\n\n\n<div style=\"height:12px\" aria-hidden=\"true\" class=\"wp-block-spacer\"><\/div>\n\n<\/div><\/div><\/div>\n<\/div>\n\n<div class=\"gb-grid-wrapper gb-grid-wrapper-3a89e63d\">\n<div class=\"gb-grid-column gb-grid-column-28df50d6\"><div class=\"gb-container gb-container-28df50d6\"><div class=\"gb-inside-container\">\n\n<h3 class=\"gb-headline gb-headline-782b4989 gb-headline-text\"><strong><strong>Obstetric\u0103-Ginecologie<\/strong><\/strong><\/h3>\n\n\n\n<ul class=\"wp-block-list\">\n<li><a href=\"https:\/\/anastasios.ro\/zalau\/dr-victor-radu\/\">Dr. Victor Radu<\/a><\/li>\n\n\n\n<li><a href=\"https:\/\/anastasios.ro\/zalau\/dr-teodora-radu\/\">Dr. Teodora Radu<\/a><\/li>\n\n\n\n<li><mark style=\"background-color:rgba(0, 0, 0, 0)\" class=\"has-inline-color has-global-color-8-color\"><a href=\"https:\/\/anastasios.ro\/zalau\/dr-gozman-teodora\/\">Dr. Gozman Teodora<\/a><\/mark><\/li>\n<\/ul>\n\n\n\n<div style=\"height:12px\" aria-hidden=\"true\" class=\"wp-block-spacer\"><\/div>\n\n<\/div><\/div><\/div>\n\n<div class=\"gb-grid-column gb-grid-column-dd6a919c\"><div class=\"gb-container gb-container-dd6a919c\"><div class=\"gb-inside-container\">\n\n<h3 class=\"gb-headline gb-headline-e0792a54 gb-headline-text\"><strong><strong><strong>Anestezie \u0219i Terapie Intensiv\u0103<\/strong><\/strong><meta charset=\"utf-8\"><\/strong><\/h3>\n\n\n\n<ul class=\"wp-block-list\">\n<li>Dr. Georgeta Diaconescu<\/li>\n<\/ul>\n\n\n\n<div style=\"height:12px\" aria-hidden=\"true\" class=\"wp-block-spacer\"><\/div>\n\n<\/div><\/div><\/div>\n\n<div class=\"gb-grid-column gb-grid-column-339967f0\"><div class=\"gb-container gb-container-339967f0\"><div class=\"gb-inside-container\">\n\n<h3 class=\"gb-headline gb-headline-31fa0f59 gb-headline-text\"><strong>Endocrinologie<\/strong><\/h3>\n\n\n\n<ul class=\"wp-block-list\">\n<li>Dr. Mate Cristina<\/li>\n\n\n\n<li>Dr. Brai Andrada<\/li>\n<\/ul>\n\n\n\n<div style=\"height:12px\" aria-hidden=\"true\" class=\"wp-block-spacer\"><\/div>\n\n<\/div><\/div><\/div>\n<\/div>\n\n<div class=\"gb-grid-wrapper gb-grid-wrapper-9a3aa6d1\">\n<div class=\"gb-grid-column gb-grid-column-d9fe39c9\"><div class=\"gb-container gb-container-d9fe39c9\"><div class=\"gb-inside-container\">\n\n<h3 class=\"gb-headline gb-headline-1802d221 gb-headline-text\"><strong>Ortopedie<meta charset=\"utf-8\"><\/strong><\/h3>\n\n\n\n<ul class=\"wp-block-list\">\n<li>Dr. Zejly Mohammed<\/li>\n\n\n\n<li>Dr. Boca Alexandru<\/li>\n<\/ul>\n\n\n\n<div style=\"height:12px\" aria-hidden=\"true\" class=\"wp-block-spacer\"><\/div>\n\n<\/div><\/div><\/div>\n\n<div class=\"gb-grid-column gb-grid-column-85074941\"><div class=\"gb-container gb-container-85074941\"><div class=\"gb-inside-container\">\n\n<h3 class=\"gb-headline gb-headline-d3dffec2 gb-headline-text\"><strong>ORL<meta charset=\"utf-8\"><\/strong><\/h3>\n\n\n\n<ul class=\"wp-block-list\">\n<li>Dr. Greta Andra<\/li>\n\n\n\n<li>Dr. Nigim Ahmed<\/li>\n<\/ul>\n\n\n\n<div style=\"height:12px\" aria-hidden=\"true\" class=\"wp-block-spacer\"><\/div>\n\n<\/div><\/div><\/div>\n\n<div class=\"gb-grid-column gb-grid-column-efa3f52f\"><div class=\"gb-container gb-container-efa3f52f\"><div class=\"gb-inside-container\">\n\n<h3 class=\"gb-headline gb-headline-ec5decd9 gb-headline-text\"><strong>Cardiologie<meta charset=\"utf-8\"><\/strong><\/h3>\n\n\n\n<ul class=\"wp-block-list\">\n<li>Dr. H\u0103r\u0103ngu\u0219 Hadrian<\/li>\n\n\n\n<li>Dr. Maria Iszlai<\/li>\n\n\n\n<li>Dr. Jozsa Roland<\/li>\n<\/ul>\n\n\n\n<div style=\"height:12px\" aria-hidden=\"true\" class=\"wp-block-spacer\"><\/div>\n\n<\/div><\/div><\/div>\n<\/div>\n\n<div class=\"gb-grid-wrapper gb-grid-wrapper-ed86791c\">\n<div class=\"gb-grid-column gb-grid-column-5a3614cf\"><div class=\"gb-container gb-container-5a3614cf\"><div class=\"gb-inside-container\">\n\n<h3 class=\"gb-headline gb-headline-3a4a0d93 gb-headline-text\"><strong>Ecografie<meta charset=\"utf-8\"><\/strong><\/h3>\n\n\n\n<ul class=\"wp-block-list\">\n<li>Dr. Mitea Daniela<\/li>\n<\/ul>\n\n\n\n<div style=\"height:12px\" aria-hidden=\"true\" class=\"wp-block-spacer\"><\/div>\n\n<\/div><\/div><\/div>\n<\/div>\n<\/div><\/div>\n\n<div class=\"gb-container gb-container-56e06c4d\">\n<div class=\"gb-container gb-container-89c1d193\"><div class=\"gb-inside-container\">\n\n<h5 class=\"gb-headline gb-headline-07913fbc gb-headline-text\"><strong><strong>Ce spun pacien\u021bii despre clinica Anastasios din Zal\u0103u?<\/strong><\/strong><\/h5>\n\n<\/div><\/div>\n\n<div class=\"gb-container gb-container-c33b3f67\"><div class=\"gb-inside-container\">\n\n<p class=\"gb-headline gb-headline-bc949a66 gb-headline-text\">Pacien\u021bii no\u0219tri revin frecvent la noi, iar recenziile pe care ni le ofer\u0103 cu mult\u0103 amabilitate ne arat\u0103 c\u0103 sunt mul\u021bumi\u021bi de clinca noastr\u0103.<\/p>\n\n<\/div><\/div>\n\n<div data-src=\"https:\/\/cdn.trustindex.io\/loader.js?7bfd14212525856e20068e802cc\"><\/div>\n\n<\/div>\n\n\n<div style=\"height:32px\" aria-hidden=\"true\" class=\"wp-block-spacer\"><\/div>\n\n\n<div class=\"gb-container gb-container-ba740789\"><div class=\"gb-inside-container\">\n\n<h4 class=\"gb-headline gb-headline-1e2b83c8 gb-headline-text\"><strong><strong>Scurta prezentare video a clinicii noastre:<\/strong><\/strong><\/h4>\n\n\n\n<figure class=\"wp-block-embed is-type-video is-provider-youtube wp-block-embed-youtube wp-embed-aspect-16-9 wp-has-aspect-ratio\"><div class=\"wp-block-embed__wrapper\">\n<div class=\"epyt-video-wrapper\"><div  id=\"_ytid_56432\"  width=\"1200\" height=\"675\"  data-origwidth=\"1200\" data-origheight=\"675\"  data-relstop=\"1\" data-facadesrc=\"https:\/\/www.youtube.com\/embed\/T5ZJ1b5JSZ0?enablejsapi=1&#038;autoplay=0&#038;cc_load_policy=0&#038;cc_lang_pref=&#038;iv_load_policy=1&#038;loop=0&#038;rel=0&#038;fs=1&#038;playsinline=0&#038;autohide=2&#038;theme=dark&#038;color=red&#038;controls=1&#038;disablekb=0&#038;\" class=\"__youtube_prefs__ epyt-facade epyt-is-override  no-lazyload\" data-epautoplay=\"1\" ><img decoding=\"async\" data-spai-excluded=\"true\" class=\"epyt-facade-poster skip-lazy\" loading=\"lazy\"  alt=\"YouTube player\"  src=\"https:\/\/i.ytimg.com\/vi\/T5ZJ1b5JSZ0\/maxresdefault.jpg\"  \/><button class=\"epyt-facade-play\" aria-label=\"Play\"><svg data-no-lazy=\"1\" height=\"100%\" version=\"1.1\" viewBox=\"0 0 68 48\" width=\"100%\"><path class=\"ytp-large-play-button-bg\" d=\"M66.52,7.74c-0.78-2.93-2.49-5.41-5.42-6.19C55.79,.13,34,0,34,0S12.21,.13,6.9,1.55 C3.97,2.33,2.27,4.81,1.48,7.74C0.06,13.05,0,24,0,24s0.06,10.95,1.48,16.26c0.78,2.93,2.49,5.41,5.42,6.19 C12.21,47.87,34,48,34,48s21.79-0.13,27.1-1.55c2.93-0.78,4.64-3.26,5.42-6.19C67.94,34.95,68,24,68,24S67.94,13.05,66.52,7.74z\" fill=\"#f00\"><\/path><path d=\"M 45,24 27,14 27,34\" fill=\"#fff\"><\/path><\/svg><\/button><\/div><\/div>\n<\/div><\/figure>\n\n\n\n<div style=\"height:16px\" aria-hidden=\"true\" class=\"wp-block-spacer\"><\/div>\n\n\n\n<p class=\"has-text-align-center\">\u0218tim c\u0103 v\u0103 dori\u021bi s\u0103 g\u0103si\u021bi cea mai bun\u0103 cale de rezolvare a problemelor dumneavoastr\u0103 medicale, de aceea echipa noastr\u0103 de speciali\u0219ti este gata s\u0103 v\u0103 ajute. \u00cen clinicile Anastasios trat\u0103m fiecare pacient cu profesionalism, discre\u021bie \u0219i compasiune.<\/p>\n\n\n<div class=\"gb-container gb-container-c7356c12\"><div class=\"gb-inside-container\">\n\n<div class=\"wp-block-buttons is-horizontal is-content-justification-center is-layout-flex wp-container-core-buttons-is-layout-1 wp-block-buttons-is-layout-flex\">\n<div class=\"wp-block-button is-style-outline main-button sg-popup-id-1058 is-style-outline--1\"><a class=\"wp-block-button__link has-accent-color has-base-3-background-color has-text-color has-background wp-element-button\" style=\"border-radius:20px\"><meta charset=\"utf-8\">Programeaz\u0103-te<\/a><\/div>\n<\/div>\n\n<\/div><\/div>\n<\/div><\/div>","protected":false},"excerpt":{"rendered":"<p>Echipa medical\u0103 Centrul Medical Anastasios Zal\u0103u Centrul medical Anastasios a fost deschis cu scopul de a crea un nou concept \u00een domeniul \u00eengrijirilor ambulatorii din Romania \u0219i din Zal\u0103u, ridic\u00e2nd standardul serviciilor medicale la un nivel superior. Ast\u0103zi ne m\u00e2ndrim cu o echip\u0103 de peste 50 de medici primari \u0219i speciali\u0219ti, asistente medicale, secretare medicale &#8230; <a title=\"Echipa Medical\u0103\" class=\"read-more\" href=\"https:\/\/anastasios.ro\/zalau\/echipa-medicala\/\" aria-label=\"Read more about Echipa Medical\u0103\">Read more<\/a><\/p>\n","protected":false},"author":1,"featured_media":2032,"parent":0,"menu_order":0,"comment_status":"closed","ping_status":"closed","template":"","meta":{"inline_featured_image":false,"footnotes":""},"class_list":["post-82","page","type-page","status-publish","has-post-thumbnail"],"yoast_head":"<!-- This site is optimized with the Yoast SEO plugin v26.8 - https:\/\/yoast.com\/product\/yoast-seo-wordpress\/ -->\n<title>Echipa Medical\u0103 - Anastasios Zal\u0103u<\/title>\n<meta name=\"description\" content=\"Echipa Anastasios este mereu atent\u0103 la p\u0103rerile \u0219i opiniile tale. Vei fi implicat \u00een alegerile de \u00eengrijire \u0219i tratament. Programeaz\u0103-te azi!\" \/>\n<meta name=\"robots\" content=\"index, follow, max-snippet:-1, max-image-preview:large, max-video-preview:-1\" \/>\n<link rel=\"canonical\" href=\"https:\/\/anastasios.ro\/zalau\/echipa-medicala\/\" \/>\n<meta property=\"og:locale\" content=\"en_US\" \/>\n<meta property=\"og:type\" content=\"article\" \/>\n<meta property=\"og:title\" content=\"Echipa Medical\u0103 - Anastasios Zal\u0103u\" \/>\n<meta property=\"og:description\" content=\"Echipa Anastasios este mereu atent\u0103 la p\u0103rerile \u0219i opiniile tale. Vei fi implicat \u00een alegerile de \u00eengrijire \u0219i tratament. Programeaz\u0103-te azi!\" \/>\n<meta property=\"og:url\" content=\"https:\/\/anastasios.ro\/zalau\/echipa-medicala\/\" \/>\n<meta property=\"og:site_name\" content=\"Centrul Medical Anastasios Zal\u0103u\" \/>\n<meta property=\"article:modified_time\" content=\"2026-02-11T16:18:30+00:00\" \/>\n<meta property=\"og:image\" content=\"https:\/\/anastasios.ro\/zalau\/wp-content\/uploads\/2023\/01\/echipa-medicala-anastasios-zalau.jpg\" \/>\n\t<meta property=\"og:image:width\" content=\"800\" \/>\n\t<meta property=\"og:image:height\" content=\"800\" \/>\n\t<meta property=\"og:image:type\" content=\"image\/jpeg\" \/>\n<meta name=\"twitter:card\" content=\"summary_large_image\" \/>\n<meta name=\"twitter:label1\" content=\"Est. reading time\" \/>\n\t<meta name=\"twitter:data1\" content=\"2 minutes\" \/>\n<script type=\"application\/ld+json\" class=\"yoast-schema-graph\">{\"@context\":\"https:\/\/schema.org\",\"@graph\":[{\"@type\":\"WebPage\",\"@id\":\"https:\/\/anastasios.ro\/zalau\/echipa-medicala\/\",\"url\":\"https:\/\/anastasios.ro\/zalau\/echipa-medicala\/\",\"name\":\"Echipa Medical\u0103 - Anastasios Zal\u0103u\",\"isPartOf\":{\"@id\":\"https:\/\/anastasios.ro\/zalau\/#website\"},\"primaryImageOfPage\":{\"@id\":\"https:\/\/anastasios.ro\/zalau\/echipa-medicala\/#primaryimage\"},\"image\":{\"@id\":\"https:\/\/anastasios.ro\/zalau\/echipa-medicala\/#primaryimage\"},\"thumbnailUrl\":\"https:\/\/anastasios.ro\/zalau\/wp-content\/uploads\/2023\/01\/echipa-medicala-anastasios-zalau.jpg\",\"datePublished\":\"2021-11-11T12:55:48+00:00\",\"dateModified\":\"2026-02-11T16:18:30+00:00\",\"description\":\"Echipa Anastasios este mereu atent\u0103 la p\u0103rerile \u0219i opiniile tale. Vei fi implicat \u00een alegerile de \u00eengrijire \u0219i tratament. Programeaz\u0103-te azi!\",\"breadcrumb\":{\"@id\":\"https:\/\/anastasios.ro\/zalau\/echipa-medicala\/#breadcrumb\"},\"inLanguage\":\"en-US\",\"potentialAction\":[{\"@type\":\"ReadAction\",\"target\":[\"https:\/\/anastasios.ro\/zalau\/echipa-medicala\/\"]}]},{\"@type\":\"ImageObject\",\"inLanguage\":\"en-US\",\"@id\":\"https:\/\/anastasios.ro\/zalau\/echipa-medicala\/#primaryimage\",\"url\":\"https:\/\/anastasios.ro\/zalau\/wp-content\/uploads\/2023\/01\/echipa-medicala-anastasios-zalau.jpg\",\"contentUrl\":\"https:\/\/anastasios.ro\/zalau\/wp-content\/uploads\/2023\/01\/echipa-medicala-anastasios-zalau.jpg\",\"width\":800,\"height\":800,\"caption\":\"echipa medicala anastasios zalau\"},{\"@type\":\"BreadcrumbList\",\"@id\":\"https:\/\/anastasios.ro\/zalau\/echipa-medicala\/#breadcrumb\",\"itemListElement\":[{\"@type\":\"ListItem\",\"position\":1,\"name\":\"Home\",\"item\":\"https:\/\/anastasios.ro\/zalau\/\"},{\"@type\":\"ListItem\",\"position\":2,\"name\":\"Echipa Medical\u0103\"}]},{\"@type\":\"WebSite\",\"@id\":\"https:\/\/anastasios.ro\/zalau\/#website\",\"url\":\"https:\/\/anastasios.ro\/zalau\/\",\"name\":\"Centrul Medical Anastasios Zal\u0103u\",\"description\":\"\",\"publisher\":{\"@id\":\"https:\/\/anastasios.ro\/zalau\/#organization\"},\"potentialAction\":[{\"@type\":\"SearchAction\",\"target\":{\"@type\":\"EntryPoint\",\"urlTemplate\":\"https:\/\/anastasios.ro\/zalau\/?s={search_term_string}\"},\"query-input\":{\"@type\":\"PropertyValueSpecification\",\"valueRequired\":true,\"valueName\":\"search_term_string\"}}],\"inLanguage\":\"en-US\"},{\"@type\":\"Organization\",\"@id\":\"https:\/\/anastasios.ro\/zalau\/#organization\",\"name\":\"Centrul Medical Anastasios Zal\u0103u\",\"url\":\"https:\/\/anastasios.ro\/zalau\/\",\"logo\":{\"@type\":\"ImageObject\",\"inLanguage\":\"en-US\",\"@id\":\"https:\/\/anastasios.ro\/zalau\/#\/schema\/logo\/image\/\",\"url\":\"https:\/\/anastasios.ro\/zalau\/wp-content\/uploads\/2022\/12\/anastasios_zalau.svg\",\"contentUrl\":\"https:\/\/anastasios.ro\/zalau\/wp-content\/uploads\/2022\/12\/anastasios_zalau.svg\",\"caption\":\"Centrul Medical Anastasios Zal\u0103u\"},\"image\":{\"@id\":\"https:\/\/anastasios.ro\/zalau\/#\/schema\/logo\/image\/\"}}]}<\/script>\n<!-- \/ Yoast SEO plugin. -->","yoast_head_json":{"title":"Echipa Medical\u0103 - Anastasios Zal\u0103u","description":"Echipa Anastasios este mereu atent\u0103 la p\u0103rerile \u0219i opiniile tale. Vei fi implicat \u00een alegerile de \u00eengrijire \u0219i tratament. Programeaz\u0103-te azi!","robots":{"index":"index","follow":"follow","max-snippet":"max-snippet:-1","max-image-preview":"max-image-preview:large","max-video-preview":"max-video-preview:-1"},"canonical":"https:\/\/anastasios.ro\/zalau\/echipa-medicala\/","og_locale":"en_US","og_type":"article","og_title":"Echipa Medical\u0103 - Anastasios Zal\u0103u","og_description":"Echipa Anastasios este mereu atent\u0103 la p\u0103rerile \u0219i opiniile tale. Vei fi implicat \u00een alegerile de \u00eengrijire \u0219i tratament. Programeaz\u0103-te azi!","og_url":"https:\/\/anastasios.ro\/zalau\/echipa-medicala\/","og_site_name":"Centrul Medical Anastasios Zal\u0103u","article_modified_time":"2026-02-11T16:18:30+00:00","og_image":[{"width":800,"height":800,"url":"https:\/\/anastasios.ro\/zalau\/wp-content\/uploads\/2023\/01\/echipa-medicala-anastasios-zalau.jpg","type":"image\/jpeg"}],"twitter_card":"summary_large_image","twitter_misc":{"Est. reading time":"2 minutes"},"schema":{"@context":"https:\/\/schema.org","@graph":[{"@type":"WebPage","@id":"https:\/\/anastasios.ro\/zalau\/echipa-medicala\/","url":"https:\/\/anastasios.ro\/zalau\/echipa-medicala\/","name":"Echipa Medical\u0103 - Anastasios Zal\u0103u","isPartOf":{"@id":"https:\/\/anastasios.ro\/zalau\/#website"},"primaryImageOfPage":{"@id":"https:\/\/anastasios.ro\/zalau\/echipa-medicala\/#primaryimage"},"image":{"@id":"https:\/\/anastasios.ro\/zalau\/echipa-medicala\/#primaryimage"},"thumbnailUrl":"https:\/\/anastasios.ro\/zalau\/wp-content\/uploads\/2023\/01\/echipa-medicala-anastasios-zalau.jpg","datePublished":"2021-11-11T12:55:48+00:00","dateModified":"2026-02-11T16:18:30+00:00","description":"Echipa Anastasios este mereu atent\u0103 la p\u0103rerile \u0219i opiniile tale. Vei fi implicat \u00een alegerile de \u00eengrijire \u0219i tratament. Programeaz\u0103-te azi!","breadcrumb":{"@id":"https:\/\/anastasios.ro\/zalau\/echipa-medicala\/#breadcrumb"},"inLanguage":"en-US","potentialAction":[{"@type":"ReadAction","target":["https:\/\/anastasios.ro\/zalau\/echipa-medicala\/"]}]},{"@type":"ImageObject","inLanguage":"en-US","@id":"https:\/\/anastasios.ro\/zalau\/echipa-medicala\/#primaryimage","url":"https:\/\/anastasios.ro\/zalau\/wp-content\/uploads\/2023\/01\/echipa-medicala-anastasios-zalau.jpg","contentUrl":"https:\/\/anastasios.ro\/zalau\/wp-content\/uploads\/2023\/01\/echipa-medicala-anastasios-zalau.jpg","width":800,"height":800,"caption":"echipa medicala anastasios zalau"},{"@type":"BreadcrumbList","@id":"https:\/\/anastasios.ro\/zalau\/echipa-medicala\/#breadcrumb","itemListElement":[{"@type":"ListItem","position":1,"name":"Home","item":"https:\/\/anastasios.ro\/zalau\/"},{"@type":"ListItem","position":2,"name":"Echipa Medical\u0103"}]},{"@type":"WebSite","@id":"https:\/\/anastasios.ro\/zalau\/#website","url":"https:\/\/anastasios.ro\/zalau\/","name":"Centrul Medical Anastasios Zal\u0103u","description":"","publisher":{"@id":"https:\/\/anastasios.ro\/zalau\/#organization"},"potentialAction":[{"@type":"SearchAction","target":{"@type":"EntryPoint","urlTemplate":"https:\/\/anastasios.ro\/zalau\/?s={search_term_string}"},"query-input":{"@type":"PropertyValueSpecification","valueRequired":true,"valueName":"search_term_string"}}],"inLanguage":"en-US"},{"@type":"Organization","@id":"https:\/\/anastasios.ro\/zalau\/#organization","name":"Centrul Medical Anastasios Zal\u0103u","url":"https:\/\/anastasios.ro\/zalau\/","logo":{"@type":"ImageObject","inLanguage":"en-US","@id":"https:\/\/anastasios.ro\/zalau\/#\/schema\/logo\/image\/","url":"https:\/\/anastasios.ro\/zalau\/wp-content\/uploads\/2022\/12\/anastasios_zalau.svg","contentUrl":"https:\/\/anastasios.ro\/zalau\/wp-content\/uploads\/2022\/12\/anastasios_zalau.svg","caption":"Centrul Medical Anastasios Zal\u0103u"},"image":{"@id":"https:\/\/anastasios.ro\/zalau\/#\/schema\/logo\/image\/"}}]}},"_links":{"self":[{"href":"https:\/\/anastasios.ro\/zalau\/wp-json\/wp\/v2\/pages\/82","targetHints":{"allow":["GET"]}}],"collection":[{"href":"https:\/\/anastasios.ro\/zalau\/wp-json\/wp\/v2\/pages"}],"about":[{"href":"https:\/\/anastasios.ro\/zalau\/wp-json\/wp\/v2\/types\/page"}],"author":[{"embeddable":true,"href":"https:\/\/anastasios.ro\/zalau\/wp-json\/wp\/v2\/users\/1"}],"replies":[{"embeddable":true,"href":"https:\/\/anastasios.ro\/zalau\/wp-json\/wp\/v2\/comments?post=82"}],"version-history":[{"count":55,"href":"https:\/\/anastasios.ro\/zalau\/wp-json\/wp\/v2\/pages\/82\/revisions"}],"predecessor-version":[{"id":2963,"href":"https:\/\/anastasios.ro\/zalau\/wp-json\/wp\/v2\/pages\/82\/revisions\/2963"}],"wp:featuredmedia":[{"embeddable":true,"href":"https:\/\/anastasios.ro\/zalau\/wp-json\/wp\/v2\/media\/2032"}],"wp:attachment":[{"href":"https:\/\/anastasios.ro\/zalau\/wp-json\/wp\/v2\/media?parent=82"}],"curies":[{"name":"wp","href":"https:\/\/api.w.org\/{rel}","templated":true}]}}