{"id":2856,"date":"2025-09-25T12:26:26","date_gmt":"2025-09-25T09:26:26","guid":{"rendered":"https:\/\/anastasios.ro\/zalau\/?page_id=2856"},"modified":"2025-09-25T12:27:36","modified_gmt":"2025-09-25T09:27:36","slug":"dr-vlad-ionut-cojocariu","status":"publish","type":"page","link":"https:\/\/anastasios.ro\/zalau\/dr-vlad-ionut-cojocariu\/","title":{"rendered":"Medic &#8211; Dr. Vlad-Ionu\u021b Cojocariu"},"content":{"rendered":"<div class=\"gb-container gb-container-9092b670\"><div class=\"gb-inside-container\">\n\n<h1 class=\"gb-headline gb-headline-a3365616 gb-headline-text\">Vlad-Ionu\u021b Cojocariu<\/h1>\n\n\n\n<h2 class=\"gb-headline gb-headline-c5999d27 gb-headline-text\"><strong><strong><strong>Medic Specialist Urologie<\/strong><\/strong><\/strong><\/h2>\n\n\n\n<div class=\"line-separator\"><\/div>\n\n\n\n<h2 class=\"gb-headline gb-headline-986fa71f gb-headline-text\"><strong>Centrul Medical Anastasios Zal\u0103u<\/strong><\/h2>\n\n<\/div><\/div>\n\n\n<div style=\"height:32px\" aria-hidden=\"true\" class=\"wp-block-spacer\"><\/div>\n\n\n<div class=\"gb-container gb-container-0a10d290\"><div class=\"gb-inside-container\">\n<div class=\"gb-grid-wrapper gb-grid-wrapper-cae0effe\">\n<div class=\"gb-grid-column gb-grid-column-340a889e\"><div class=\"gb-container gb-container-340a889e contaier-box-with-shadow\"><div class=\"gb-inside-container\">\n<div class=\"gb-container gb-container-665d604d\"><div class=\"gb-inside-container\">\n\n<figure class=\"wp-block-image size-full container-image-with-shadow\"><img loading=\"lazy\" decoding=\"async\" width=\"600\" height=\"900\" src=\"https:\/\/anastasios.ro\/zalau\/wp-content\/uploads\/2025\/09\/vlad-ionut-cojocariu.webp\" alt=\"vlad ionut cojocariu\" class=\"wp-image-2854\" srcset=\"https:\/\/anastasios.ro\/zalau\/wp-content\/uploads\/2025\/09\/vlad-ionut-cojocariu.webp 600w, https:\/\/anastasios.ro\/zalau\/wp-content\/uploads\/2025\/09\/vlad-ionut-cojocariu-200x300.webp 200w\" sizes=\"auto, (max-width: 600px) 100vw, 600px\" \/><\/figure>\n\n<\/div><\/div>\n\n\n<div style=\"height:12px\" aria-hidden=\"true\" class=\"wp-block-spacer\"><\/div>\n\n<\/div><\/div><\/div>\n\n<div class=\"gb-grid-column gb-grid-column-8648c16b\"><div class=\"gb-container gb-container-8648c16b\"><div class=\"gb-inside-container\">\n\n<p>Dr. Vlad-Ionu\u021b Cojocariu este medic specialist urolog, format at\u00e2t \u00een Cluj-Napoca (sub \u00eendrumarea Dl. Prof. Dr. Nicolae Cri\u0219an), c\u00e2t \u0219i \u00een Fran\u021ba, \u00een spitale cu prestigiu, unde s-a preg\u0103tit riguros \u00een uro-oncologie, transplant renal, andrologie-sexologie, tratamentul minim-invaziv al calculilor urinari \u0219i al hipertrofiei benigne de prostat\u0103, infertilitate masculin\u0103, chirurgie robotic\u0103.<\/p>\n\n\n\n<ul class=\"wp-block-list list-elements\">\n<li>1 an \u00een cel mai mare centru de transplant renal din Fran\u021ba Spitalul European Georges Pompidou-Necker din Paris<\/li>\n\n\n\n<li>6 luni \u00een spitalul APHP Cochin \u2013 Port Royal, Paris<\/li>\n\n\n\n<li>1 an \u00een Spitalul din Troyes<\/li>\n<\/ul>\n\n\n\n<p>A urmat cursurile facult\u0103\u021bii Sorbona (Paris) unde a ob\u021binut Diploma Universitar\u0103 \u00een \u201cEndo-urologia aparatului urinar jos \u0219i \u00eenalt\u201d, sub \u00eendrumarea profesorului Traxer \u2013 lider mondial \u00een Endo-urologie \u0219i tratamentul litiazei urinare. <\/p>\n\n\n\n<p>\u00cen plus, a urmat cursurile facult\u0103\u021bii din Montpellier unde a ob\u021binut Diploma Universitar\u0103 \u00een \u201cInfertilitatea masculin\u0103 \u0219i asisten\u021b\u0103 medical\u0103 \u00een procreere\u201d. Dr. Vlad-Ionu\u021b Cojocariu este membru al Asocia\u021biei Rom\u00e2ne de Urologie \u0219i Asocia\u021biei Europene de Urologie<\/p>\n\n<\/div><\/div><\/div>\n<\/div>\n<\/div><\/div>","protected":false},"excerpt":{"rendered":"<p>Vlad-Ionu\u021b Cojocariu Medic Specialist Urologie Centrul Medical Anastasios Zal\u0103u<\/p>\n","protected":false},"author":1,"featured_media":2854,"parent":0,"menu_order":0,"comment_status":"closed","ping_status":"closed","template":"","meta":{"inline_featured_image":false,"footnotes":""},"class_list":["post-2856","page","type-page","status-publish","has-post-thumbnail"],"yoast_head":"<!-- This site is optimized with the Yoast SEO plugin v26.8 - https:\/\/yoast.com\/product\/yoast-seo-wordpress\/ -->\n<title>Dr. Vlad-Ionu\u021b Cojocariu | Clinica Anastasios Zal\u0103u<\/title>\n<meta name=\"description\" content=\"Dr. Vlad-Ionu\u021b Cojocariu este medic specialist urolog specializat, membru al Asocia\u021biei Rom\u00e2ne de Urologie \u0219i Asocia\u021biei Europene de Urologie.\" \/>\n<meta name=\"robots\" content=\"index, follow, max-snippet:-1, max-image-preview:large, max-video-preview:-1\" \/>\n<link rel=\"canonical\" href=\"https:\/\/anastasios.ro\/zalau\/dr-vlad-ionut-cojocariu\/\" \/>\n<meta property=\"og:locale\" content=\"en_US\" \/>\n<meta property=\"og:type\" content=\"article\" \/>\n<meta property=\"og:title\" content=\"Dr. Vlad-Ionu\u021b Cojocariu | Clinica Anastasios Zal\u0103u\" \/>\n<meta property=\"og:description\" content=\"Dr. Vlad-Ionu\u021b Cojocariu este medic specialist urolog specializat, membru al Asocia\u021biei Rom\u00e2ne de Urologie \u0219i Asocia\u021biei Europene de Urologie.\" \/>\n<meta property=\"og:url\" content=\"https:\/\/anastasios.ro\/zalau\/dr-vlad-ionut-cojocariu\/\" \/>\n<meta property=\"og:site_name\" content=\"Centrul Medical Anastasios Zal\u0103u\" \/>\n<meta property=\"article:modified_time\" content=\"2025-09-25T09:27:36+00:00\" \/>\n<meta property=\"og:image\" content=\"https:\/\/anastasios.ro\/zalau\/wp-content\/uploads\/2025\/09\/vlad-ionut-cojocariu.webp\" \/>\n\t<meta property=\"og:image:width\" content=\"600\" \/>\n\t<meta property=\"og:image:height\" content=\"900\" \/>\n\t<meta property=\"og:image:type\" content=\"image\/webp\" \/>\n<meta name=\"twitter:card\" content=\"summary_large_image\" \/>\n<meta name=\"twitter:label1\" content=\"Est. reading time\" \/>\n\t<meta name=\"twitter:data1\" content=\"2 minutes\" \/>\n<script type=\"application\/ld+json\" class=\"yoast-schema-graph\">{\"@context\":\"https:\/\/schema.org\",\"@graph\":[{\"@type\":\"WebPage\",\"@id\":\"https:\/\/anastasios.ro\/zalau\/dr-vlad-ionut-cojocariu\/\",\"url\":\"https:\/\/anastasios.ro\/zalau\/dr-vlad-ionut-cojocariu\/\",\"name\":\"Dr. Vlad-Ionu\u021b Cojocariu | Clinica Anastasios Zal\u0103u\",\"isPartOf\":{\"@id\":\"https:\/\/anastasios.ro\/zalau\/#website\"},\"primaryImageOfPage\":{\"@id\":\"https:\/\/anastasios.ro\/zalau\/dr-vlad-ionut-cojocariu\/#primaryimage\"},\"image\":{\"@id\":\"https:\/\/anastasios.ro\/zalau\/dr-vlad-ionut-cojocariu\/#primaryimage\"},\"thumbnailUrl\":\"https:\/\/anastasios.ro\/zalau\/wp-content\/uploads\/2025\/09\/vlad-ionut-cojocariu.webp\",\"datePublished\":\"2025-09-25T09:26:26+00:00\",\"dateModified\":\"2025-09-25T09:27:36+00:00\",\"description\":\"Dr. Vlad-Ionu\u021b Cojocariu este medic specialist urolog specializat, membru al Asocia\u021biei Rom\u00e2ne de Urologie \u0219i Asocia\u021biei Europene de Urologie.\",\"breadcrumb\":{\"@id\":\"https:\/\/anastasios.ro\/zalau\/dr-vlad-ionut-cojocariu\/#breadcrumb\"},\"inLanguage\":\"en-US\",\"potentialAction\":[{\"@type\":\"ReadAction\",\"target\":[\"https:\/\/anastasios.ro\/zalau\/dr-vlad-ionut-cojocariu\/\"]}]},{\"@type\":\"ImageObject\",\"inLanguage\":\"en-US\",\"@id\":\"https:\/\/anastasios.ro\/zalau\/dr-vlad-ionut-cojocariu\/#primaryimage\",\"url\":\"https:\/\/anastasios.ro\/zalau\/wp-content\/uploads\/2025\/09\/vlad-ionut-cojocariu.webp\",\"contentUrl\":\"https:\/\/anastasios.ro\/zalau\/wp-content\/uploads\/2025\/09\/vlad-ionut-cojocariu.webp\",\"width\":600,\"height\":900,\"caption\":\"vlad ionut cojocariu\"},{\"@type\":\"BreadcrumbList\",\"@id\":\"https:\/\/anastasios.ro\/zalau\/dr-vlad-ionut-cojocariu\/#breadcrumb\",\"itemListElement\":[{\"@type\":\"ListItem\",\"position\":1,\"name\":\"Home\",\"item\":\"https:\/\/anastasios.ro\/zalau\/\"},{\"@type\":\"ListItem\",\"position\":2,\"name\":\"Medic &#8211; Dr. Vlad-Ionu\u021b Cojocariu\"}]},{\"@type\":\"WebSite\",\"@id\":\"https:\/\/anastasios.ro\/zalau\/#website\",\"url\":\"https:\/\/anastasios.ro\/zalau\/\",\"name\":\"Centrul Medical Anastasios Zal\u0103u\",\"description\":\"\",\"publisher\":{\"@id\":\"https:\/\/anastasios.ro\/zalau\/#organization\"},\"potentialAction\":[{\"@type\":\"SearchAction\",\"target\":{\"@type\":\"EntryPoint\",\"urlTemplate\":\"https:\/\/anastasios.ro\/zalau\/?s={search_term_string}\"},\"query-input\":{\"@type\":\"PropertyValueSpecification\",\"valueRequired\":true,\"valueName\":\"search_term_string\"}}],\"inLanguage\":\"en-US\"},{\"@type\":\"Organization\",\"@id\":\"https:\/\/anastasios.ro\/zalau\/#organization\",\"name\":\"Centrul Medical Anastasios Zal\u0103u\",\"url\":\"https:\/\/anastasios.ro\/zalau\/\",\"logo\":{\"@type\":\"ImageObject\",\"inLanguage\":\"en-US\",\"@id\":\"https:\/\/anastasios.ro\/zalau\/#\/schema\/logo\/image\/\",\"url\":\"https:\/\/anastasios.ro\/zalau\/wp-content\/uploads\/2022\/12\/anastasios_zalau.svg\",\"contentUrl\":\"https:\/\/anastasios.ro\/zalau\/wp-content\/uploads\/2022\/12\/anastasios_zalau.svg\",\"caption\":\"Centrul Medical Anastasios Zal\u0103u\"},\"image\":{\"@id\":\"https:\/\/anastasios.ro\/zalau\/#\/schema\/logo\/image\/\"}}]}<\/script>\n<!-- \/ Yoast SEO plugin. -->","yoast_head_json":{"title":"Dr. Vlad-Ionu\u021b Cojocariu | Clinica Anastasios Zal\u0103u","description":"Dr. Vlad-Ionu\u021b Cojocariu este medic specialist urolog specializat, membru al Asocia\u021biei Rom\u00e2ne de Urologie \u0219i Asocia\u021biei Europene de Urologie.","robots":{"index":"index","follow":"follow","max-snippet":"max-snippet:-1","max-image-preview":"max-image-preview:large","max-video-preview":"max-video-preview:-1"},"canonical":"https:\/\/anastasios.ro\/zalau\/dr-vlad-ionut-cojocariu\/","og_locale":"en_US","og_type":"article","og_title":"Dr. Vlad-Ionu\u021b Cojocariu | Clinica Anastasios Zal\u0103u","og_description":"Dr. Vlad-Ionu\u021b Cojocariu este medic specialist urolog specializat, membru al Asocia\u021biei Rom\u00e2ne de Urologie \u0219i Asocia\u021biei Europene de Urologie.","og_url":"https:\/\/anastasios.ro\/zalau\/dr-vlad-ionut-cojocariu\/","og_site_name":"Centrul Medical Anastasios Zal\u0103u","article_modified_time":"2025-09-25T09:27:36+00:00","og_image":[{"width":600,"height":900,"url":"https:\/\/anastasios.ro\/zalau\/wp-content\/uploads\/2025\/09\/vlad-ionut-cojocariu.webp","type":"image\/webp"}],"twitter_card":"summary_large_image","twitter_misc":{"Est. reading time":"2 minutes"},"schema":{"@context":"https:\/\/schema.org","@graph":[{"@type":"WebPage","@id":"https:\/\/anastasios.ro\/zalau\/dr-vlad-ionut-cojocariu\/","url":"https:\/\/anastasios.ro\/zalau\/dr-vlad-ionut-cojocariu\/","name":"Dr. Vlad-Ionu\u021b Cojocariu | Clinica Anastasios Zal\u0103u","isPartOf":{"@id":"https:\/\/anastasios.ro\/zalau\/#website"},"primaryImageOfPage":{"@id":"https:\/\/anastasios.ro\/zalau\/dr-vlad-ionut-cojocariu\/#primaryimage"},"image":{"@id":"https:\/\/anastasios.ro\/zalau\/dr-vlad-ionut-cojocariu\/#primaryimage"},"thumbnailUrl":"https:\/\/anastasios.ro\/zalau\/wp-content\/uploads\/2025\/09\/vlad-ionut-cojocariu.webp","datePublished":"2025-09-25T09:26:26+00:00","dateModified":"2025-09-25T09:27:36+00:00","description":"Dr. Vlad-Ionu\u021b Cojocariu este medic specialist urolog specializat, membru al Asocia\u021biei Rom\u00e2ne de Urologie \u0219i Asocia\u021biei Europene de Urologie.","breadcrumb":{"@id":"https:\/\/anastasios.ro\/zalau\/dr-vlad-ionut-cojocariu\/#breadcrumb"},"inLanguage":"en-US","potentialAction":[{"@type":"ReadAction","target":["https:\/\/anastasios.ro\/zalau\/dr-vlad-ionut-cojocariu\/"]}]},{"@type":"ImageObject","inLanguage":"en-US","@id":"https:\/\/anastasios.ro\/zalau\/dr-vlad-ionut-cojocariu\/#primaryimage","url":"https:\/\/anastasios.ro\/zalau\/wp-content\/uploads\/2025\/09\/vlad-ionut-cojocariu.webp","contentUrl":"https:\/\/anastasios.ro\/zalau\/wp-content\/uploads\/2025\/09\/vlad-ionut-cojocariu.webp","width":600,"height":900,"caption":"vlad ionut cojocariu"},{"@type":"BreadcrumbList","@id":"https:\/\/anastasios.ro\/zalau\/dr-vlad-ionut-cojocariu\/#breadcrumb","itemListElement":[{"@type":"ListItem","position":1,"name":"Home","item":"https:\/\/anastasios.ro\/zalau\/"},{"@type":"ListItem","position":2,"name":"Medic &#8211; Dr. Vlad-Ionu\u021b Cojocariu"}]},{"@type":"WebSite","@id":"https:\/\/anastasios.ro\/zalau\/#website","url":"https:\/\/anastasios.ro\/zalau\/","name":"Centrul Medical Anastasios Zal\u0103u","description":"","publisher":{"@id":"https:\/\/anastasios.ro\/zalau\/#organization"},"potentialAction":[{"@type":"SearchAction","target":{"@type":"EntryPoint","urlTemplate":"https:\/\/anastasios.ro\/zalau\/?s={search_term_string}"},"query-input":{"@type":"PropertyValueSpecification","valueRequired":true,"valueName":"search_term_string"}}],"inLanguage":"en-US"},{"@type":"Organization","@id":"https:\/\/anastasios.ro\/zalau\/#organization","name":"Centrul Medical Anastasios Zal\u0103u","url":"https:\/\/anastasios.ro\/zalau\/","logo":{"@type":"ImageObject","inLanguage":"en-US","@id":"https:\/\/anastasios.ro\/zalau\/#\/schema\/logo\/image\/","url":"https:\/\/anastasios.ro\/zalau\/wp-content\/uploads\/2022\/12\/anastasios_zalau.svg","contentUrl":"https:\/\/anastasios.ro\/zalau\/wp-content\/uploads\/2022\/12\/anastasios_zalau.svg","caption":"Centrul Medical Anastasios Zal\u0103u"},"image":{"@id":"https:\/\/anastasios.ro\/zalau\/#\/schema\/logo\/image\/"}}]}},"_links":{"self":[{"href":"https:\/\/anastasios.ro\/zalau\/wp-json\/wp\/v2\/pages\/2856","targetHints":{"allow":["GET"]}}],"collection":[{"href":"https:\/\/anastasios.ro\/zalau\/wp-json\/wp\/v2\/pages"}],"about":[{"href":"https:\/\/anastasios.ro\/zalau\/wp-json\/wp\/v2\/types\/page"}],"author":[{"embeddable":true,"href":"https:\/\/anastasios.ro\/zalau\/wp-json\/wp\/v2\/users\/1"}],"replies":[{"embeddable":true,"href":"https:\/\/anastasios.ro\/zalau\/wp-json\/wp\/v2\/comments?post=2856"}],"version-history":[{"count":3,"href":"https:\/\/anastasios.ro\/zalau\/wp-json\/wp\/v2\/pages\/2856\/revisions"}],"predecessor-version":[{"id":2861,"href":"https:\/\/anastasios.ro\/zalau\/wp-json\/wp\/v2\/pages\/2856\/revisions\/2861"}],"wp:featuredmedia":[{"embeddable":true,"href":"https:\/\/anastasios.ro\/zalau\/wp-json\/wp\/v2\/media\/2854"}],"wp:attachment":[{"href":"https:\/\/anastasios.ro\/zalau\/wp-json\/wp\/v2\/media?parent=2856"}],"curies":[{"name":"wp","href":"https:\/\/api.w.org\/{rel}","templated":true}]}}