{"id":2150,"date":"2023-02-22T15:14:50","date_gmt":"2023-02-22T12:14:50","guid":{"rendered":"https:\/\/anastasios.ro\/zalau\/?page_id=2150"},"modified":"2023-04-04T11:00:36","modified_gmt":"2023-04-04T08:00:36","slug":"dr-teodora-radu","status":"publish","type":"page","link":"https:\/\/anastasios.ro\/zalau\/dr-teodora-radu\/","title":{"rendered":"Medic &#8211; Dr. Teodora Radu"},"content":{"rendered":"<div class=\"gb-container gb-container-9092b670\"><div class=\"gb-inside-container\">\n\n<h1 class=\"gb-headline gb-headline-a3365616 gb-headline-text\">Dr. Teodora Adina Radu<\/h1>\n\n\n\n<h2 class=\"gb-headline gb-headline-c5999d27 gb-headline-text\"><strong><strong>Medic Specialist <strong><strong>Obstetric\u0103-Ginecologie<\/strong><\/strong><\/strong><\/strong><\/h2>\n\n\n\n<div class=\"line-separator\"><\/div>\n\n\n\n<h2 class=\"gb-headline gb-headline-986fa71f gb-headline-text\"><strong>Centrul Medical Anastasios Zal<strong><strong><strong><strong>\u0103<\/strong><\/strong><\/strong><\/strong>u<\/strong><\/h2>\n\n<\/div><\/div>\n\n\n<div style=\"height:32px\" aria-hidden=\"true\" class=\"wp-block-spacer\"><\/div>\n\n\n<div class=\"gb-container gb-container-0a10d290\"><div class=\"gb-inside-container\">\n<div class=\"gb-grid-wrapper gb-grid-wrapper-cae0effe\">\n<div class=\"gb-grid-column gb-grid-column-340a889e\"><div class=\"gb-container gb-container-340a889e contaier-box-with-shadow\"><div class=\"gb-inside-container\">\n<div class=\"gb-container gb-container-665d604d\"><div class=\"gb-inside-container\">\n\n<figure class=\"wp-block-image size-full container-image-with-shadow\"><img loading=\"lazy\" decoding=\"async\" width=\"600\" height=\"900\" src=\"https:\/\/anastasios.ro\/zalau\/wp-content\/uploads\/2023\/04\/dr-teodora-radu.webp\" alt=\"\" class=\"wp-image-2334\" srcset=\"https:\/\/anastasios.ro\/zalau\/wp-content\/uploads\/2023\/04\/dr-teodora-radu.webp 600w, https:\/\/anastasios.ro\/zalau\/wp-content\/uploads\/2023\/04\/dr-teodora-radu-200x300.webp 200w\" sizes=\"auto, (max-width: 600px) 100vw, 600px\" \/><\/figure>\n\n<\/div><\/div>\n\n\n<div style=\"height:12px\" aria-hidden=\"true\" class=\"wp-block-spacer\"><\/div>\n\n<\/div><\/div><\/div>\n\n<div class=\"gb-grid-column gb-grid-column-8648c16b\"><div class=\"gb-container gb-container-8648c16b\"><div class=\"gb-inside-container\">\n\n<h3 class=\"gb-headline gb-headline-b7fcf07a gb-headline-text\"><strong>Formare profesional\u0103:<\/strong><\/h3>\n\n\n\n<p>Dr.  Teodora Adina Radu este medic specialist Obstetric\u0103-Ginecologie, absolvent\u0103 a Universit\u0103\u021bii de Medicin\u0103 \u0219i Farmacie \u201cIuliu Ha\u021bieganu\u201d Cluj-Napoca, promo\u021bia 2011, cu reziden\u021biatul efectuat \u00een cadrul Clinicii \u201cDominic Stanca\u201d, Cluj-Napoca \u0219i a Institutului Oncologic &#8220;Prof. Dr. Ion Chiricuta&#8221;, Cluj-Napoca \u00een perioada 2012 &#8211; 2016. Competen\u021be:<\/p>\n\n\n\n<ul class=\"wp-block-list\">\n<li>Ultrasonografie \u00een Obstetric\u0103 \u0219i Ginecologie;<\/li>\n\n\n\n<li>Colposcopie;<\/li>\n\n\n\n<li>Tehnici Fundamentale \u00een Chirurgia Laparoscopic\u0103 Ginecologic\u0103.<\/li>\n<\/ul>\n\n\n\n<p>Am ales aceast\u0103 specialitate pentru c\u0103 nu m-am imaginat f\u0103c\u00e2nd altceva \u0219i, \u00een ciuda dificult\u0103\u021bilor \u0219i a provoc\u0103rilor, a programului de multe ori \u00eenc\u0103rcat, dac\u0103 ar fi s\u0103 o iau de la cap\u0103t nu a\u0219 opta pentru alt domeniu.&nbsp;<\/p>\n\n\n\n<p>Medicul reprezint\u0103 latura puternic\u0103 \u0219i ra\u021bional\u0103 a pacientei \u00een situa\u021bii delicate. Personal, ofer sprijin \u0219i confort emo\u021bional, dar \u00een aceea\u0219i m\u0103sur\u0103 \u00eemi p\u0103strez stricte\u021bea medical\u0103 pentru a mobiliza pacienta s\u0103 ia c\u00e2t mai repede \u0219i eficient m\u0103surile necesare pentru a se face bine. Implicarea emo\u021bional\u0103 poate s\u0103 sustrag\u0103 din energia dedicat\u0103 analizei medicale, atunci c\u00e2nd nu este dr\u0103muit\u0103 s\u0103n\u0103tos de c\u0103tre medic.<\/p>\n\n\n\n<blockquote class=\"wp-block-quote is-layout-flow wp-block-quote-is-layout-flow\">\n<p><strong>S\u0103 provoci z\u00e2mbetul unei viitoare mame atunci c\u00e2nd \u00ee\u0219i vede prima dat\u0103 copilul \u0219i \u00eei aude pentru prima dat\u0103 b\u0103t\u0103ile inimii reprezint\u0103 o satisfac\u021bie enorma pe care cred c\u0103 nicio alt\u0103 specializare nu le ofer\u0103.<\/strong><\/p>\n<cite>Teodora Adina Radu<\/cite><\/blockquote>\n\n\n\n<p>De aceea, \u00een cazul unui diagnostic grav, \u00eei explic pacientei clar \u0219i direct ceea ce v\u0103d \u0219i ulterior am \u00een vedere componenta emo\u021bional\u0103. Spun acest lucru pentru c\u0103 este important ca pacienta s\u0103 \u00een\u021beleag\u0103 cu ce se confrunt\u0103 \u0219i ce trebuie s\u0103 fac\u0103 mai departe c\u00e2t \u00eenc\u0103 este receptiv\u0103 \u0219i nu se las\u0103 cuprins\u0103 de \u00eengrijorare.<\/p>\n\n<\/div><\/div><\/div>\n<\/div>\n<\/div><\/div>\n\n\n<div style=\"height:32px\" aria-hidden=\"true\" class=\"wp-block-spacer\"><\/div>\n\n\n\n<h3 class=\"gb-headline gb-headline-2904b656 gb-headline-text\"><strong>Infec\u021biile tractului genital. Cauze, transmitere, diagnostic, tratament \u0219i preven\u021bie cu Dr. Teodora Radu<\/strong><\/h3>\n\n\n\n<figure class=\"wp-block-embed is-type-video is-provider-youtube wp-block-embed-youtube wp-embed-aspect-16-9 wp-has-aspect-ratio\"><div class=\"wp-block-embed__wrapper\">\n<div class=\"epyt-video-wrapper\"><div  id=\"_ytid_11583\"  width=\"1200\" height=\"675\"  data-origwidth=\"1200\" data-origheight=\"675\"  data-relstop=\"1\" data-facadesrc=\"https:\/\/www.youtube.com\/embed\/2ozrxvWBicQ?enablejsapi=1&#038;autoplay=0&#038;cc_load_policy=0&#038;cc_lang_pref=&#038;iv_load_policy=1&#038;loop=0&#038;rel=0&#038;fs=1&#038;playsinline=0&#038;autohide=2&#038;theme=dark&#038;color=red&#038;controls=1&#038;disablekb=0&#038;\" class=\"__youtube_prefs__ epyt-facade epyt-is-override  no-lazyload\" data-epautoplay=\"1\" ><img decoding=\"async\" data-spai-excluded=\"true\" class=\"epyt-facade-poster skip-lazy\" loading=\"lazy\"  alt=\"YouTube player\"  src=\"https:\/\/i.ytimg.com\/vi\/2ozrxvWBicQ\/maxresdefault.jpg\"  \/><button class=\"epyt-facade-play\" aria-label=\"Play\"><svg data-no-lazy=\"1\" height=\"100%\" version=\"1.1\" viewBox=\"0 0 68 48\" width=\"100%\"><path class=\"ytp-large-play-button-bg\" d=\"M66.52,7.74c-0.78-2.93-2.49-5.41-5.42-6.19C55.79,.13,34,0,34,0S12.21,.13,6.9,1.55 C3.97,2.33,2.27,4.81,1.48,7.74C0.06,13.05,0,24,0,24s0.06,10.95,1.48,16.26c0.78,2.93,2.49,5.41,5.42,6.19 C12.21,47.87,34,48,34,48s21.79-0.13,27.1-1.55c2.93-0.78,4.64-3.26,5.42-6.19C67.94,34.95,68,24,68,24S67.94,13.05,66.52,7.74z\" fill=\"#f00\"><\/path><path d=\"M 45,24 27,14 27,34\" fill=\"#fff\"><\/path><\/svg><\/button><\/div><\/div>\n<\/div><\/figure>\n","protected":false},"excerpt":{"rendered":"<p>Dr. Teodora Adina Radu Medic Specialist Obstetric\u0103-Ginecologie Centrul Medical Anastasios Zal\u0103u Infec\u021biile tractului genital. Cauze, transmitere, diagnostic, tratament \u0219i preven\u021bie cu Dr. Teodora Radu<\/p>\n","protected":false},"author":1,"featured_media":895,"parent":0,"menu_order":0,"comment_status":"closed","ping_status":"closed","template":"","meta":{"inline_featured_image":false,"footnotes":""},"class_list":["post-2150","page","type-page","status-publish","has-post-thumbnail"],"yoast_head":"<!-- This site is optimized with the Yoast SEO plugin v26.8 - https:\/\/yoast.com\/product\/yoast-seo-wordpress\/ -->\n<title>Dr. Teodora Adina Radu - Medic Specialist Obstetric\u0103-Ginecologie<\/title>\n<meta name=\"description\" content=\"Competen\u021be: Ultrasonografie \u00een Obstetric\u0103 \u0219i Ginecologie; Colposcopie; Tehnici Fundamentale \u00een Chirurgia Laparoscopic\u0103 Ginecologic\u0103.\" \/>\n<meta name=\"robots\" content=\"index, follow, max-snippet:-1, max-image-preview:large, max-video-preview:-1\" \/>\n<link rel=\"canonical\" href=\"https:\/\/anastasios.ro\/zalau\/dr-teodora-radu\/\" \/>\n<meta property=\"og:locale\" content=\"en_US\" \/>\n<meta property=\"og:type\" content=\"article\" \/>\n<meta property=\"og:title\" content=\"Dr. Teodora Adina Radu - Medic Specialist Obstetric\u0103-Ginecologie\" \/>\n<meta property=\"og:description\" content=\"Competen\u021be: Ultrasonografie \u00een Obstetric\u0103 \u0219i Ginecologie; Colposcopie; Tehnici Fundamentale \u00een Chirurgia Laparoscopic\u0103 Ginecologic\u0103.\" \/>\n<meta property=\"og:url\" content=\"https:\/\/anastasios.ro\/zalau\/dr-teodora-radu\/\" \/>\n<meta property=\"og:site_name\" content=\"Centrul Medical Anastasios Zal\u0103u\" \/>\n<meta property=\"article:modified_time\" content=\"2023-04-04T08:00:36+00:00\" \/>\n<meta property=\"og:image\" content=\"https:\/\/anastasios.ro\/zalau\/wp-content\/uploads\/2022\/01\/prezentare-doctor-Teodora-Radu.jpg\" \/>\n\t<meta property=\"og:image:width\" content=\"800\" \/>\n\t<meta property=\"og:image:height\" content=\"800\" \/>\n\t<meta property=\"og:image:type\" content=\"image\/jpeg\" \/>\n<meta name=\"twitter:card\" content=\"summary_large_image\" \/>\n<meta name=\"twitter:label1\" content=\"Est. reading time\" \/>\n\t<meta name=\"twitter:data1\" content=\"2 minutes\" \/>\n<script type=\"application\/ld+json\" class=\"yoast-schema-graph\">{\"@context\":\"https:\/\/schema.org\",\"@graph\":[{\"@type\":\"WebPage\",\"@id\":\"https:\/\/anastasios.ro\/zalau\/dr-teodora-radu\/\",\"url\":\"https:\/\/anastasios.ro\/zalau\/dr-teodora-radu\/\",\"name\":\"Dr. Teodora Adina Radu - Medic Specialist Obstetric\u0103-Ginecologie\",\"isPartOf\":{\"@id\":\"https:\/\/anastasios.ro\/zalau\/#website\"},\"primaryImageOfPage\":{\"@id\":\"https:\/\/anastasios.ro\/zalau\/dr-teodora-radu\/#primaryimage\"},\"image\":{\"@id\":\"https:\/\/anastasios.ro\/zalau\/dr-teodora-radu\/#primaryimage\"},\"thumbnailUrl\":\"https:\/\/anastasios.ro\/zalau\/wp-content\/uploads\/2022\/01\/prezentare-doctor-Teodora-Radu.jpg\",\"datePublished\":\"2023-02-22T12:14:50+00:00\",\"dateModified\":\"2023-04-04T08:00:36+00:00\",\"description\":\"Competen\u021be: Ultrasonografie \u00een Obstetric\u0103 \u0219i Ginecologie; Colposcopie; Tehnici Fundamentale \u00een Chirurgia Laparoscopic\u0103 Ginecologic\u0103.\",\"breadcrumb\":{\"@id\":\"https:\/\/anastasios.ro\/zalau\/dr-teodora-radu\/#breadcrumb\"},\"inLanguage\":\"en-US\",\"potentialAction\":[{\"@type\":\"ReadAction\",\"target\":[\"https:\/\/anastasios.ro\/zalau\/dr-teodora-radu\/\"]}]},{\"@type\":\"ImageObject\",\"inLanguage\":\"en-US\",\"@id\":\"https:\/\/anastasios.ro\/zalau\/dr-teodora-radu\/#primaryimage\",\"url\":\"https:\/\/anastasios.ro\/zalau\/wp-content\/uploads\/2022\/01\/prezentare-doctor-Teodora-Radu.jpg\",\"contentUrl\":\"https:\/\/anastasios.ro\/zalau\/wp-content\/uploads\/2022\/01\/prezentare-doctor-Teodora-Radu.jpg\",\"width\":800,\"height\":800,\"caption\":\"prezentare doctor Teodora Radu\"},{\"@type\":\"BreadcrumbList\",\"@id\":\"https:\/\/anastasios.ro\/zalau\/dr-teodora-radu\/#breadcrumb\",\"itemListElement\":[{\"@type\":\"ListItem\",\"position\":1,\"name\":\"Home\",\"item\":\"https:\/\/anastasios.ro\/zalau\/\"},{\"@type\":\"ListItem\",\"position\":2,\"name\":\"Medic &#8211; Dr. Teodora Radu\"}]},{\"@type\":\"WebSite\",\"@id\":\"https:\/\/anastasios.ro\/zalau\/#website\",\"url\":\"https:\/\/anastasios.ro\/zalau\/\",\"name\":\"Centrul Medical Anastasios Zal\u0103u\",\"description\":\"\",\"publisher\":{\"@id\":\"https:\/\/anastasios.ro\/zalau\/#organization\"},\"potentialAction\":[{\"@type\":\"SearchAction\",\"target\":{\"@type\":\"EntryPoint\",\"urlTemplate\":\"https:\/\/anastasios.ro\/zalau\/?s={search_term_string}\"},\"query-input\":{\"@type\":\"PropertyValueSpecification\",\"valueRequired\":true,\"valueName\":\"search_term_string\"}}],\"inLanguage\":\"en-US\"},{\"@type\":\"Organization\",\"@id\":\"https:\/\/anastasios.ro\/zalau\/#organization\",\"name\":\"Centrul Medical Anastasios Zal\u0103u\",\"url\":\"https:\/\/anastasios.ro\/zalau\/\",\"logo\":{\"@type\":\"ImageObject\",\"inLanguage\":\"en-US\",\"@id\":\"https:\/\/anastasios.ro\/zalau\/#\/schema\/logo\/image\/\",\"url\":\"https:\/\/anastasios.ro\/zalau\/wp-content\/uploads\/2022\/12\/anastasios_zalau.svg\",\"contentUrl\":\"https:\/\/anastasios.ro\/zalau\/wp-content\/uploads\/2022\/12\/anastasios_zalau.svg\",\"caption\":\"Centrul Medical Anastasios Zal\u0103u\"},\"image\":{\"@id\":\"https:\/\/anastasios.ro\/zalau\/#\/schema\/logo\/image\/\"}}]}<\/script>\n<!-- \/ Yoast SEO plugin. -->","yoast_head_json":{"title":"Dr. Teodora Adina Radu - Medic Specialist Obstetric\u0103-Ginecologie","description":"Competen\u021be: Ultrasonografie \u00een Obstetric\u0103 \u0219i Ginecologie; Colposcopie; Tehnici Fundamentale \u00een Chirurgia Laparoscopic\u0103 Ginecologic\u0103.","robots":{"index":"index","follow":"follow","max-snippet":"max-snippet:-1","max-image-preview":"max-image-preview:large","max-video-preview":"max-video-preview:-1"},"canonical":"https:\/\/anastasios.ro\/zalau\/dr-teodora-radu\/","og_locale":"en_US","og_type":"article","og_title":"Dr. Teodora Adina Radu - Medic Specialist Obstetric\u0103-Ginecologie","og_description":"Competen\u021be: Ultrasonografie \u00een Obstetric\u0103 \u0219i Ginecologie; Colposcopie; Tehnici Fundamentale \u00een Chirurgia Laparoscopic\u0103 Ginecologic\u0103.","og_url":"https:\/\/anastasios.ro\/zalau\/dr-teodora-radu\/","og_site_name":"Centrul Medical Anastasios Zal\u0103u","article_modified_time":"2023-04-04T08:00:36+00:00","og_image":[{"width":800,"height":800,"url":"https:\/\/anastasios.ro\/zalau\/wp-content\/uploads\/2022\/01\/prezentare-doctor-Teodora-Radu.jpg","type":"image\/jpeg"}],"twitter_card":"summary_large_image","twitter_misc":{"Est. reading time":"2 minutes"},"schema":{"@context":"https:\/\/schema.org","@graph":[{"@type":"WebPage","@id":"https:\/\/anastasios.ro\/zalau\/dr-teodora-radu\/","url":"https:\/\/anastasios.ro\/zalau\/dr-teodora-radu\/","name":"Dr. Teodora Adina Radu - Medic Specialist Obstetric\u0103-Ginecologie","isPartOf":{"@id":"https:\/\/anastasios.ro\/zalau\/#website"},"primaryImageOfPage":{"@id":"https:\/\/anastasios.ro\/zalau\/dr-teodora-radu\/#primaryimage"},"image":{"@id":"https:\/\/anastasios.ro\/zalau\/dr-teodora-radu\/#primaryimage"},"thumbnailUrl":"https:\/\/anastasios.ro\/zalau\/wp-content\/uploads\/2022\/01\/prezentare-doctor-Teodora-Radu.jpg","datePublished":"2023-02-22T12:14:50+00:00","dateModified":"2023-04-04T08:00:36+00:00","description":"Competen\u021be: Ultrasonografie \u00een Obstetric\u0103 \u0219i Ginecologie; Colposcopie; Tehnici Fundamentale \u00een Chirurgia Laparoscopic\u0103 Ginecologic\u0103.","breadcrumb":{"@id":"https:\/\/anastasios.ro\/zalau\/dr-teodora-radu\/#breadcrumb"},"inLanguage":"en-US","potentialAction":[{"@type":"ReadAction","target":["https:\/\/anastasios.ro\/zalau\/dr-teodora-radu\/"]}]},{"@type":"ImageObject","inLanguage":"en-US","@id":"https:\/\/anastasios.ro\/zalau\/dr-teodora-radu\/#primaryimage","url":"https:\/\/anastasios.ro\/zalau\/wp-content\/uploads\/2022\/01\/prezentare-doctor-Teodora-Radu.jpg","contentUrl":"https:\/\/anastasios.ro\/zalau\/wp-content\/uploads\/2022\/01\/prezentare-doctor-Teodora-Radu.jpg","width":800,"height":800,"caption":"prezentare doctor Teodora Radu"},{"@type":"BreadcrumbList","@id":"https:\/\/anastasios.ro\/zalau\/dr-teodora-radu\/#breadcrumb","itemListElement":[{"@type":"ListItem","position":1,"name":"Home","item":"https:\/\/anastasios.ro\/zalau\/"},{"@type":"ListItem","position":2,"name":"Medic &#8211; Dr. Teodora Radu"}]},{"@type":"WebSite","@id":"https:\/\/anastasios.ro\/zalau\/#website","url":"https:\/\/anastasios.ro\/zalau\/","name":"Centrul Medical Anastasios Zal\u0103u","description":"","publisher":{"@id":"https:\/\/anastasios.ro\/zalau\/#organization"},"potentialAction":[{"@type":"SearchAction","target":{"@type":"EntryPoint","urlTemplate":"https:\/\/anastasios.ro\/zalau\/?s={search_term_string}"},"query-input":{"@type":"PropertyValueSpecification","valueRequired":true,"valueName":"search_term_string"}}],"inLanguage":"en-US"},{"@type":"Organization","@id":"https:\/\/anastasios.ro\/zalau\/#organization","name":"Centrul Medical Anastasios Zal\u0103u","url":"https:\/\/anastasios.ro\/zalau\/","logo":{"@type":"ImageObject","inLanguage":"en-US","@id":"https:\/\/anastasios.ro\/zalau\/#\/schema\/logo\/image\/","url":"https:\/\/anastasios.ro\/zalau\/wp-content\/uploads\/2022\/12\/anastasios_zalau.svg","contentUrl":"https:\/\/anastasios.ro\/zalau\/wp-content\/uploads\/2022\/12\/anastasios_zalau.svg","caption":"Centrul Medical Anastasios Zal\u0103u"},"image":{"@id":"https:\/\/anastasios.ro\/zalau\/#\/schema\/logo\/image\/"}}]}},"_links":{"self":[{"href":"https:\/\/anastasios.ro\/zalau\/wp-json\/wp\/v2\/pages\/2150","targetHints":{"allow":["GET"]}}],"collection":[{"href":"https:\/\/anastasios.ro\/zalau\/wp-json\/wp\/v2\/pages"}],"about":[{"href":"https:\/\/anastasios.ro\/zalau\/wp-json\/wp\/v2\/types\/page"}],"author":[{"embeddable":true,"href":"https:\/\/anastasios.ro\/zalau\/wp-json\/wp\/v2\/users\/1"}],"replies":[{"embeddable":true,"href":"https:\/\/anastasios.ro\/zalau\/wp-json\/wp\/v2\/comments?post=2150"}],"version-history":[{"count":2,"href":"https:\/\/anastasios.ro\/zalau\/wp-json\/wp\/v2\/pages\/2150\/revisions"}],"predecessor-version":[{"id":2335,"href":"https:\/\/anastasios.ro\/zalau\/wp-json\/wp\/v2\/pages\/2150\/revisions\/2335"}],"wp:featuredmedia":[{"embeddable":true,"href":"https:\/\/anastasios.ro\/zalau\/wp-json\/wp\/v2\/media\/895"}],"wp:attachment":[{"href":"https:\/\/anastasios.ro\/zalau\/wp-json\/wp\/v2\/media?parent=2150"}],"curies":[{"name":"wp","href":"https:\/\/api.w.org\/{rel}","templated":true}]}}