{"id":82,"date":"2021-11-11T15:55:48","date_gmt":"2021-11-11T12:55:48","guid":{"rendered":"https:\/\/anastasios.ro\/satu-mare\/?page_id=82"},"modified":"2025-12-09T18:47:16","modified_gmt":"2025-12-09T15:47:16","slug":"echipa-medicala","status":"publish","type":"page","link":"https:\/\/anastasios.ro\/satu-mare\/echipa-medicala\/","title":{"rendered":"Echipa Medical\u0103"},"content":{"rendered":"<div class=\"gb-container gb-container-50c32d58\"><div class=\"gb-inside-container\">\n\n<h1 class=\"gb-headline gb-headline-ac2f2844 gb-headline-text\">Echipa medical\u0103<\/h1>\n\n\n\n<div class=\"line-separator\"><\/div>\n\n\n\n<h2 class=\"gb-headline gb-headline-a8590673 gb-headline-text\"><strong>Centrul Medical Anastasios Satu Mare<\/strong><\/h2>\n\n\n\n<p>Clinicile Anastasios au fost deschise cu scopul de a crea un nou concept \u00een domeniul \u00eengrijirilor ambulatorii din Transilvania, ridic\u00e2nd standardul serviciilor medicale la un nivel superior.<\/p>\n\n\n\n<p>Ast\u0103zi ne m\u00e2ndrim cu o echip\u0103 preg\u0103tit\u0103 \u0219i dedicat\u0103 de medici primari \u0219i speciali\u0219ti, asistente medicale, secretare medicale \u0219i al\u021bi colegi care se asigur\u0103 \u00een fiecare zi de confortul pacien\u021bilor no\u0219tri.<\/p>\n\n\n\n<p>Lucr\u0103m intens \u0219i atent pentru ca&nbsp;pacien\u021bii no\u0219tri s\u0103 aib\u0103&nbsp;o experien\u021b\u0103 pl\u0103cut\u0103, pozitiv\u0103 \u0219i complet\u0103:<\/p>\n\n\n\n<ul class=\"wp-block-list list-number-elements\">\n<li>Vom fi mereu aten\u021bi la p\u0103rerea \u0219i opiniile tale;<\/li>\n\n\n\n<li>Vei fi implicat \u00een alegerile de \u00eengrijire \u0219i tratament;<\/li>\n\n\n\n<li>E\u0219ti tot timpul binevenit \u0219i te vei sim\u021bi relaxat \u0219i \u00eengrijit;<\/li>\n\n\n\n<li>Vei \u00eent\u00e2lni o echip\u0103 de medici cu experien\u021b\u0103 \u0219i califica\u021bi care te vor trata cu toat\u0103 aten\u021bia pe care o meri\u021bi.<\/li>\n<\/ul>\n\n<\/div><\/div>\n\n\n<div style=\"height:32px\" aria-hidden=\"true\" class=\"wp-block-spacer\"><\/div>\n\n\n<div class=\"gb-container gb-container-f9cbe27a\"><div class=\"gb-inside-container\">\n<div class=\"gb-grid-wrapper gb-grid-wrapper-b44d3459\">\n<div class=\"gb-grid-column gb-grid-column-2b827038\"><div class=\"gb-container gb-container-2b827038\"><div class=\"gb-inside-container\">\n\n<h3 class=\"gb-headline gb-headline-ede0d2eb gb-headline-text\"><strong>Neurochirurgie<\/strong><\/h3>\n\n\n\n<ul class=\"wp-block-list list-elements\">\n<li>Dr. Iustinian Ioachim Simion<\/li>\n\n\n\n<li>Dr. Beni Lehel<\/li>\n<\/ul>\n\n\n\n<div style=\"height:12px\" aria-hidden=\"true\" class=\"wp-block-spacer\"><\/div>\n\n<\/div><\/div><\/div>\n\n<div class=\"gb-grid-column gb-grid-column-cb48357d\"><div class=\"gb-container gb-container-cb48357d\"><div class=\"gb-inside-container\">\n\n<h3 class=\"gb-headline gb-headline-6043c0ca gb-headline-text\"><strong>Chirurgie General<meta charset=\"utf-8\">\u0103<meta charset=\"utf-8\"><\/strong><\/h3>\n\n\n\n<ul class=\"wp-block-list list-elements\">\n<li>Dr. Neciu Cristian<\/li>\n\n\n\n<li>Dr. Bordian Alexandru<\/li>\n<\/ul>\n\n\n\n<div style=\"height:12px\" aria-hidden=\"true\" class=\"wp-block-spacer\"><\/div>\n\n<\/div><\/div><\/div>\n\n<div class=\"gb-grid-column gb-grid-column-e58973e8\"><div class=\"gb-container gb-container-e58973e8\"><div class=\"gb-inside-container\">\n\n<h3 class=\"gb-headline gb-headline-538a7773 gb-headline-text\"><strong>Chirurgie Plastic<meta charset=\"utf-8\">\u0103<\/strong><\/h3>\n\n\n\n<ul class=\"wp-block-list list-elements\">\n<li>Dr. Sallum Yusef<\/li>\n<\/ul>\n\n\n\n<div style=\"height:12px\" aria-hidden=\"true\" class=\"wp-block-spacer\"><\/div>\n\n<\/div><\/div><\/div>\n<\/div>\n\n<div class=\"gb-grid-wrapper gb-grid-wrapper-b84440c0\">\n<div class=\"gb-grid-column gb-grid-column-0c149f86\"><div class=\"gb-container gb-container-0c149f86\"><div class=\"gb-inside-container\">\n\n<h3 class=\"gb-headline gb-headline-4e50cf4d gb-headline-text\"><strong>Chirurgie Cardiac\u0103<\/strong><\/h3>\n\n\n\n<ul class=\"wp-block-list list-elements\">\n<li>Dr. Barabas Lorand<\/li>\n<\/ul>\n\n\n\n<div style=\"height:12px\" aria-hidden=\"true\" class=\"wp-block-spacer\"><\/div>\n\n<\/div><\/div><\/div>\n\n<div class=\"gb-grid-column gb-grid-column-b44608c4\"><div class=\"gb-container gb-container-b44608c4\"><div class=\"gb-inside-container\">\n\n<h3 class=\"gb-headline gb-headline-7f397625 gb-headline-text\"><strong>Ortopedie<meta charset=\"utf-8\"><\/strong><\/h3>\n\n\n\n<ul class=\"wp-block-list list-elements\">\n<li>Dr. Boca Alexandru<\/li>\n<\/ul>\n\n\n\n<div style=\"height:12px\" aria-hidden=\"true\" class=\"wp-block-spacer\"><\/div>\n\n<\/div><\/div><\/div>\n\n<div class=\"gb-grid-column gb-grid-column-2ee4816f\"><div class=\"gb-container gb-container-2ee4816f\"><div class=\"gb-inside-container\">\n\n<h3 class=\"gb-headline gb-headline-0b206192 gb-headline-text\"><strong>ORL<\/strong><\/h3>\n\n\n\n<ul class=\"wp-block-list list-elements\">\n<li>Dr. Nigim Ahmed<\/li>\n<\/ul>\n\n\n\n<div style=\"height:12px\" aria-hidden=\"true\" class=\"wp-block-spacer\"><\/div>\n\n<\/div><\/div><\/div>\n<\/div>\n\n<div class=\"gb-grid-wrapper gb-grid-wrapper-dd812f18\">\n<div class=\"gb-grid-column gb-grid-column-e73bd833\"><div class=\"gb-container gb-container-e73bd833\"><div class=\"gb-inside-container\">\n\n<h3 class=\"gb-headline gb-headline-59229db4 gb-headline-text\"><strong>Chirurgie Vascular<meta charset=\"utf-8\"><strong>\u0103<\/strong><\/strong><\/h3>\n\n\n\n<ul class=\"wp-block-list list-elements\">\n<li>Dr. Barabas Lorand<\/li>\n\n\n\n<li>Dr. Bontea Dana<\/li>\n\n\n\n<li>Dr. Mocian Adriana<\/li>\n<\/ul>\n\n\n\n<div style=\"height:12px\" aria-hidden=\"true\" class=\"wp-block-spacer\"><\/div>\n\n<\/div><\/div><\/div>\n\n<div class=\"gb-grid-column gb-grid-column-dbec0d5b\"><div class=\"gb-container gb-container-dbec0d5b\"><div class=\"gb-inside-container\">\n\n<h3 class=\"gb-headline gb-headline-92332d0c gb-headline-text\"><strong>Proctologie<meta charset=\"utf-8\"><\/strong><\/h3>\n\n\n\n<ul class=\"wp-block-list list-elements\">\n<li>Dr. Neciu Cristian<\/li>\n\n\n\n<li>Dr. Bordian Alexandru<\/li>\n<\/ul>\n\n\n\n<div style=\"height:12px\" aria-hidden=\"true\" class=\"wp-block-spacer\"><\/div>\n\n<\/div><\/div><\/div>\n\n<div class=\"gb-grid-column gb-grid-column-2ea497ec\"><div class=\"gb-container gb-container-2ea497ec\"><div class=\"gb-inside-container\">\n\n<h3 class=\"gb-headline gb-headline-ebff4958 gb-headline-text\"><strong>Flebologie<\/strong><\/h3>\n\n\n\n<ul class=\"wp-block-list list-elements\">\n<li>Dr. Barabas Lorand<\/li>\n\n\n\n<li>Dr. Mocian Adriana<\/li>\n<\/ul>\n\n\n\n<div style=\"height:12px\" aria-hidden=\"true\" class=\"wp-block-spacer\"><\/div>\n\n<\/div><\/div><\/div>\n<\/div>\n\n<div class=\"gb-grid-wrapper gb-grid-wrapper-3aaceb88\">\n<div class=\"gb-grid-column gb-grid-column-85184037\"><div class=\"gb-container gb-container-85184037\"><div class=\"gb-inside-container\">\n\n<h3 class=\"gb-headline gb-headline-96eb9b0a gb-headline-text\"><strong>Gastroenterologie<\/strong><\/h3>\n\n\n\n<ul class=\"wp-block-list list-elements\">\n<li>Dr. Roman Lucian<\/li>\n\n\n\n<li>Dr. Posmag Vladimir<\/li>\n<\/ul>\n\n\n\n<div style=\"height:12px\" aria-hidden=\"true\" class=\"wp-block-spacer\"><\/div>\n\n<\/div><\/div><\/div>\n\n<div class=\"gb-grid-column gb-grid-column-b6b2235d\"><div class=\"gb-container gb-container-b6b2235d\"><div class=\"gb-inside-container\">\n\n<h3 class=\"gb-headline gb-headline-dcf20e40 gb-headline-text\"><strong>Urologie<meta charset=\"utf-8\"><\/strong><\/h3>\n\n\n\n<ul class=\"wp-block-list list-elements\">\n<li>Dr. Neciu Cristian<\/li>\n\n\n\n<li>Dr. Slezinger Lorant<\/li>\n\n\n\n<li>Dr. Botezan Tiberiu<\/li>\n<\/ul>\n\n\n\n<div style=\"height:12px\" aria-hidden=\"true\" class=\"wp-block-spacer\"><\/div>\n\n<\/div><\/div><\/div>\n\n<div class=\"gb-grid-column gb-grid-column-48194c08\"><div class=\"gb-container gb-container-48194c08\"><div class=\"gb-inside-container\">\n\n<h3 class=\"gb-headline gb-headline-4170fee8 gb-headline-text\"><strong>Dermatovenerologie<\/strong><\/h3>\n\n\n\n<ul class=\"wp-block-list list-elements\">\n<li>Dr. Bo\u021ban Matei<\/li>\n\n\n\n<li>Dr. Ciortea Diana<\/li>\n<\/ul>\n\n\n\n<div style=\"height:12px\" aria-hidden=\"true\" class=\"wp-block-spacer\"><\/div>\n\n<\/div><\/div><\/div>\n<\/div>\n\n<div class=\"gb-grid-wrapper gb-grid-wrapper-3a89e63d\">\n<div class=\"gb-grid-column gb-grid-column-28df50d6\"><div class=\"gb-container gb-container-28df50d6\"><div class=\"gb-inside-container\">\n\n<h3 class=\"gb-headline gb-headline-782b4989 gb-headline-text\"><strong><strong>Obstetric\u0103-Ginecologie<\/strong><\/strong><\/h3>\n\n\n\n<ul class=\"wp-block-list list-elements\">\n<li>Dr. Gozman Teodora<\/li>\n<\/ul>\n\n\n\n<div style=\"height:12px\" aria-hidden=\"true\" class=\"wp-block-spacer\"><\/div>\n\n<\/div><\/div><\/div>\n\n<div class=\"gb-grid-column gb-grid-column-dd6a919c\"><div class=\"gb-container gb-container-dd6a919c\"><div class=\"gb-inside-container\">\n\n<h3 class=\"gb-headline gb-headline-e0792a54 gb-headline-text\"><strong><strong><strong>Cardiologie<\/strong><\/strong><meta charset=\"utf-8\"><\/strong><\/h3>\n\n\n\n<ul class=\"wp-block-list list-elements\">\n<li>Dr. \u0218erban Tudor<\/li>\n<\/ul>\n\n\n\n<div style=\"height:12px\" aria-hidden=\"true\" class=\"wp-block-spacer\"><\/div>\n\n<\/div><\/div><\/div>\n\n<div class=\"gb-grid-column gb-grid-column-339967f0\"><div class=\"gb-container gb-container-339967f0\"><div class=\"gb-inside-container\">\n\n<h3 class=\"gb-headline gb-headline-31fa0f59 gb-headline-text\"><strong>Endocrinologie<\/strong><\/h3>\n\n\n\n<ul class=\"wp-block-list list-elements\">\n<li>Dr. Mate Cristina<\/li>\n\n\n\n<li>Dr. Bor\u0219a Petru\u021ba<\/li>\n\n\n\n<li>Dr. Dalos Ramona<\/li>\n<\/ul>\n\n\n\n<div style=\"height:12px\" aria-hidden=\"true\" class=\"wp-block-spacer\"><\/div>\n\n<\/div><\/div><\/div>\n<\/div>\n\n<div class=\"gb-grid-wrapper gb-grid-wrapper-65084275\">\n<div class=\"gb-grid-column gb-grid-column-0c54a909\"><div class=\"gb-container gb-container-0c54a909\"><div class=\"gb-inside-container\">\n\n<h3 class=\"gb-headline gb-headline-8624daed gb-headline-text\"><strong><strong><strong><strong>Oncologie Medical\u0103<\/strong><\/strong><\/strong><\/strong><\/h3>\n\n\n\n<ul class=\"wp-block-list list-elements\">\n<li>Dr. Trif Cristina<\/li>\n<\/ul>\n\n\n\n<div style=\"height:12px\" aria-hidden=\"true\" class=\"wp-block-spacer\"><\/div>\n\n<\/div><\/div><\/div>\n\n<div class=\"gb-grid-column gb-grid-column-1400090a\"><div class=\"gb-container gb-container-1400090a\"><div class=\"gb-inside-container\">\n\n<h3 class=\"gb-headline gb-headline-afc3b22e gb-headline-text\"><strong><strong><strong><strong>Ecografie<\/strong><\/strong><\/strong><\/strong><\/h3>\n\n\n\n<ul class=\"wp-block-list list-elements\">\n<li>Dr. Gozman Teodora<\/li>\n\n\n\n<li>Dr. Mate Cristina<\/li>\n\n\n\n<li>Dr. Barabas Lorand<\/li>\n\n\n\n<li>Dr. Neciu Cristian<\/li>\n\n\n\n<li>Dr. \u0218erban Tudor<\/li>\n<\/ul>\n\n\n\n<div style=\"height:12px\" aria-hidden=\"true\" class=\"wp-block-spacer\"><\/div>\n\n<\/div><\/div><\/div>\n\n<div class=\"gb-grid-column gb-grid-column-65bbf426\"><div class=\"gb-container gb-container-65bbf426\"><div class=\"gb-inside-container\">\n\n<h3 class=\"gb-headline gb-headline-75a32b52 gb-headline-text\"><strong><strong><strong>Anestezie \u0219i Terapie Intensiv\u0103<\/strong><\/strong><\/strong><\/h3>\n\n\n\n<ul class=\"wp-block-list list-elements\">\n<li>Dr. Filip Cosmin<\/li>\n<\/ul>\n\n\n\n<div style=\"height:12px\" aria-hidden=\"true\" class=\"wp-block-spacer\"><\/div>\n\n<\/div><\/div><\/div>\n<\/div>\n\n<div class=\"gb-grid-wrapper gb-grid-wrapper-d98d48ae\">\n<div class=\"gb-grid-column gb-grid-column-8ceba4b7\"><div class=\"gb-container gb-container-8ceba4b7\"><div class=\"gb-inside-container\">\n\n<h3 class=\"gb-headline gb-headline-59db4043 gb-headline-text\"><strong><strong><strong><strong>Neurologie<\/strong><\/strong><\/strong><\/strong><\/h3>\n\n\n\n<ul class=\"wp-block-list list-elements\">\n<li>Dr. Botez Cristina<\/li>\n<\/ul>\n\n\n\n<div style=\"height:12px\" aria-hidden=\"true\" class=\"wp-block-spacer\"><\/div>\n\n<\/div><\/div><\/div>\n<\/div>\n<\/div><\/div>\n\n<div class=\"gb-container gb-container-b2fd909c\">\n\n<h5 class=\"gb-headline gb-headline-5f69912f gb-headline-text\"><strong>Ce spun pacien\u021bii despre clinica Anastasios din Satu Mare?<\/strong><\/h5>\n\n\n\n<p class=\"has-text-align-center\">Pacien\u021bii no\u0219tri revin frecvent la noi, iar recenziile pe care ni le ofer\u0103 cu mult\u0103 amabilitate ne arat\u0103 c\u00e2t de mul\u021bumi\u021bi sunt de clinica noastr\u0103.<\/p>\n\n\n<div class=\"gb-container gb-container-c507535a\"><div class=\"gb-inside-container\">\n<div data-src=\"https:\/\/cdn.trustindex.io\/loader.js?308478c4859d76890536b10e282\"><\/div>\n\n<\/div><\/div>\n<\/div>\n\n\n<div style=\"height:64px\" aria-hidden=\"true\" class=\"wp-block-spacer\"><\/div>\n\n\n<div class=\"gb-container gb-container-ba740789\"><div class=\"gb-inside-container\">\n\n<h4 class=\"gb-headline gb-headline-1e2b83c8 gb-headline-text\"><strong><strong>Prezentare video clinica Anastasios din Satu Mare<\/strong><\/strong><\/h4>\n\n\n\n<figure class=\"wp-block-embed is-type-video is-provider-youtube wp-block-embed-youtube wp-embed-aspect-16-9 wp-has-aspect-ratio\"><div class=\"wp-block-embed__wrapper\">\n<div class=\"epyt-video-wrapper\"><div  id=\"_ytid_32592\"  width=\"1200\" height=\"675\"  data-origwidth=\"1200\" data-origheight=\"675\"  data-relstop=\"1\" data-facadesrc=\"https:\/\/www.youtube.com\/embed\/ge5eN0hE_Tk?enablejsapi=1&#038;autoplay=0&#038;cc_load_policy=0&#038;cc_lang_pref=&#038;iv_load_policy=1&#038;loop=0&#038;rel=0&#038;fs=1&#038;playsinline=0&#038;autohide=2&#038;theme=dark&#038;color=red&#038;controls=1&#038;disablekb=0&#038;\" class=\"__youtube_prefs__ epyt-facade epyt-is-override  no-lazyload\" data-epautoplay=\"1\" ><img decoding=\"async\" data-spai-excluded=\"true\" class=\"epyt-facade-poster skip-lazy\" loading=\"lazy\"  alt=\"YouTube player\"  src=\"https:\/\/i.ytimg.com\/vi\/ge5eN0hE_Tk\/maxresdefault.jpg\"  \/><button class=\"epyt-facade-play\" aria-label=\"Play\"><svg data-no-lazy=\"1\" height=\"100%\" version=\"1.1\" viewBox=\"0 0 68 48\" width=\"100%\"><path class=\"ytp-large-play-button-bg\" d=\"M66.52,7.74c-0.78-2.93-2.49-5.41-5.42-6.19C55.79,.13,34,0,34,0S12.21,.13,6.9,1.55 C3.97,2.33,2.27,4.81,1.48,7.74C0.06,13.05,0,24,0,24s0.06,10.95,1.48,16.26c0.78,2.93,2.49,5.41,5.42,6.19 C12.21,47.87,34,48,34,48s21.79-0.13,27.1-1.55c2.93-0.78,4.64-3.26,5.42-6.19C67.94,34.95,68,24,68,24S67.94,13.05,66.52,7.74z\" fill=\"#f00\"><\/path><path d=\"M 45,24 27,14 27,34\" fill=\"#fff\"><\/path><\/svg><\/button><\/div><\/div>\n<\/div><\/figure>\n\n\n\n<div style=\"height:16px\" aria-hidden=\"true\" class=\"wp-block-spacer\"><\/div>\n\n\n\n<p class=\"has-text-align-center\">\u0218tim c\u0103 v\u0103 dori\u021bi s\u0103 g\u0103si\u021bi cea mai bun\u0103 cale de rezolvare a problemelor dumneavoastr\u0103 medicale, de aceea echipa noastr\u0103 de speciali\u0219ti este gata s\u0103 v\u0103 ajute. \u00cen clinicile Anastasios trat\u0103m fiecare pacient cu profesionalism, discre\u021bie \u0219i compasiune.<\/p>\n\n<\/div><\/div>","protected":false},"excerpt":{"rendered":"<p>Echipa medical\u0103 Centrul Medical Anastasios Satu Mare Clinicile Anastasios au fost deschise cu scopul de a crea un nou concept \u00een domeniul \u00eengrijirilor ambulatorii din Transilvania, ridic\u00e2nd standardul serviciilor medicale la un nivel superior. Ast\u0103zi ne m\u00e2ndrim cu o echip\u0103 preg\u0103tit\u0103 \u0219i dedicat\u0103 de medici primari \u0219i speciali\u0219ti, asistente medicale, secretare medicale \u0219i al\u021bi colegi &#8230; <a title=\"Echipa Medical\u0103\" class=\"read-more\" href=\"https:\/\/anastasios.ro\/satu-mare\/echipa-medicala\/\" aria-label=\"Read more about Echipa Medical\u0103\">Read more<\/a><\/p>\n","protected":false},"author":1,"featured_media":2625,"parent":0,"menu_order":0,"comment_status":"closed","ping_status":"closed","template":"","meta":{"inline_featured_image":false,"footnotes":""},"class_list":["post-82","page","type-page","status-publish","has-post-thumbnail"],"yoast_head":"<!-- This site is optimized with the Yoast SEO plugin v27.3 - https:\/\/yoast.com\/product\/yoast-seo-wordpress\/ -->\n<title>Echipa Medical\u0103 | Clinica Anastasios Satu Mare<\/title>\n<meta name=\"description\" content=\"Echipa Anastasios este mereu atent\u0103 la p\u0103rerile \u0219i opiniile tale. Vei fi implicat \u00een alegerile de \u00eengrijire \u0219i tratament. Programeaz\u0103-te azi!\" \/>\n<meta name=\"robots\" content=\"index, follow, max-snippet:-1, max-image-preview:large, max-video-preview:-1\" \/>\n<link rel=\"canonical\" href=\"https:\/\/anastasios.ro\/satu-mare\/echipa-medicala\/\" \/>\n<meta property=\"og:locale\" content=\"en_US\" \/>\n<meta property=\"og:type\" content=\"article\" \/>\n<meta property=\"og:title\" content=\"Echipa Medical\u0103 | Clinica Anastasios Satu Mare\" \/>\n<meta property=\"og:description\" content=\"Echipa Anastasios este mereu atent\u0103 la p\u0103rerile \u0219i opiniile tale. Vei fi implicat \u00een alegerile de \u00eengrijire \u0219i tratament. Programeaz\u0103-te azi!\" \/>\n<meta property=\"og:url\" content=\"https:\/\/anastasios.ro\/satu-mare\/echipa-medicala\/\" \/>\n<meta property=\"og:site_name\" content=\"Centrul Medical Anastasios Satu Mare\" \/>\n<meta property=\"article:modified_time\" content=\"2025-12-09T15:47:16+00:00\" \/>\n<meta property=\"og:image\" content=\"https:\/\/anastasios.ro\/satu-mare\/wp-content\/uploads\/2025\/05\/echipa-medicala-anastasios-satu-mare.jpg\" \/>\n\t<meta property=\"og:image:width\" content=\"600\" \/>\n\t<meta property=\"og:image:height\" content=\"600\" \/>\n\t<meta property=\"og:image:type\" content=\"image\/jpeg\" \/>\n<meta name=\"twitter:card\" content=\"summary_large_image\" \/>\n<meta name=\"twitter:label1\" content=\"Est. reading time\" \/>\n\t<meta name=\"twitter:data1\" content=\"3 minutes\" \/>\n<script type=\"application\/ld+json\" class=\"yoast-schema-graph\">{\"@context\":\"https:\\\/\\\/schema.org\",\"@graph\":[{\"@type\":\"WebPage\",\"@id\":\"https:\\\/\\\/anastasios.ro\\\/satu-mare\\\/echipa-medicala\\\/\",\"url\":\"https:\\\/\\\/anastasios.ro\\\/satu-mare\\\/echipa-medicala\\\/\",\"name\":\"Echipa Medical\u0103 | Clinica Anastasios Satu Mare\",\"isPartOf\":{\"@id\":\"https:\\\/\\\/anastasios.ro\\\/satu-mare\\\/#website\"},\"primaryImageOfPage\":{\"@id\":\"https:\\\/\\\/anastasios.ro\\\/satu-mare\\\/echipa-medicala\\\/#primaryimage\"},\"image\":{\"@id\":\"https:\\\/\\\/anastasios.ro\\\/satu-mare\\\/echipa-medicala\\\/#primaryimage\"},\"thumbnailUrl\":\"https:\\\/\\\/anastasios.ro\\\/satu-mare\\\/wp-content\\\/uploads\\\/2025\\\/05\\\/echipa-medicala-anastasios-satu-mare.jpg\",\"datePublished\":\"2021-11-11T12:55:48+00:00\",\"dateModified\":\"2025-12-09T15:47:16+00:00\",\"description\":\"Echipa Anastasios este mereu atent\u0103 la p\u0103rerile \u0219i opiniile tale. Vei fi implicat \u00een alegerile de \u00eengrijire \u0219i tratament. Programeaz\u0103-te azi!\",\"breadcrumb\":{\"@id\":\"https:\\\/\\\/anastasios.ro\\\/satu-mare\\\/echipa-medicala\\\/#breadcrumb\"},\"inLanguage\":\"en-US\",\"potentialAction\":[{\"@type\":\"ReadAction\",\"target\":[\"https:\\\/\\\/anastasios.ro\\\/satu-mare\\\/echipa-medicala\\\/\"]}]},{\"@type\":\"ImageObject\",\"inLanguage\":\"en-US\",\"@id\":\"https:\\\/\\\/anastasios.ro\\\/satu-mare\\\/echipa-medicala\\\/#primaryimage\",\"url\":\"https:\\\/\\\/anastasios.ro\\\/satu-mare\\\/wp-content\\\/uploads\\\/2025\\\/05\\\/echipa-medicala-anastasios-satu-mare.jpg\",\"contentUrl\":\"https:\\\/\\\/anastasios.ro\\\/satu-mare\\\/wp-content\\\/uploads\\\/2025\\\/05\\\/echipa-medicala-anastasios-satu-mare.jpg\",\"width\":600,\"height\":600,\"caption\":\"echipa medicala anastasios satu mare\"},{\"@type\":\"BreadcrumbList\",\"@id\":\"https:\\\/\\\/anastasios.ro\\\/satu-mare\\\/echipa-medicala\\\/#breadcrumb\",\"itemListElement\":[{\"@type\":\"ListItem\",\"position\":1,\"name\":\"Home\",\"item\":\"https:\\\/\\\/anastasios.ro\\\/satu-mare\\\/\"},{\"@type\":\"ListItem\",\"position\":2,\"name\":\"Echipa Medical\u0103\"}]},{\"@type\":\"WebSite\",\"@id\":\"https:\\\/\\\/anastasios.ro\\\/satu-mare\\\/#website\",\"url\":\"https:\\\/\\\/anastasios.ro\\\/satu-mare\\\/\",\"name\":\"Centrul Medical Anastasios Satu Mare\",\"description\":\"\",\"publisher\":{\"@id\":\"https:\\\/\\\/anastasios.ro\\\/satu-mare\\\/#organization\"},\"potentialAction\":[{\"@type\":\"SearchAction\",\"target\":{\"@type\":\"EntryPoint\",\"urlTemplate\":\"https:\\\/\\\/anastasios.ro\\\/satu-mare\\\/?s={search_term_string}\"},\"query-input\":{\"@type\":\"PropertyValueSpecification\",\"valueRequired\":true,\"valueName\":\"search_term_string\"}}],\"inLanguage\":\"en-US\"},{\"@type\":\"Organization\",\"@id\":\"https:\\\/\\\/anastasios.ro\\\/satu-mare\\\/#organization\",\"name\":\"Centrul Medical Anastasios Satu Mare\",\"url\":\"https:\\\/\\\/anastasios.ro\\\/satu-mare\\\/\",\"logo\":{\"@type\":\"ImageObject\",\"inLanguage\":\"en-US\",\"@id\":\"https:\\\/\\\/anastasios.ro\\\/satu-mare\\\/#\\\/schema\\\/logo\\\/image\\\/\",\"url\":\"https:\\\/\\\/anastasios.ro\\\/satu-mare\\\/wp-content\\\/uploads\\\/2025\\\/05\\\/clinica-anastaios-medical-satu-mare-logo.svg\",\"contentUrl\":\"https:\\\/\\\/anastasios.ro\\\/satu-mare\\\/wp-content\\\/uploads\\\/2025\\\/05\\\/clinica-anastaios-medical-satu-mare-logo.svg\",\"width\":605,\"height\":171,\"caption\":\"Centrul Medical Anastasios Satu Mare\"},\"image\":{\"@id\":\"https:\\\/\\\/anastasios.ro\\\/satu-mare\\\/#\\\/schema\\\/logo\\\/image\\\/\"}}]}<\/script>\n<!-- \/ Yoast SEO plugin. -->","yoast_head_json":{"title":"Echipa Medical\u0103 | Clinica Anastasios Satu Mare","description":"Echipa Anastasios este mereu atent\u0103 la p\u0103rerile \u0219i opiniile tale. Vei fi implicat \u00een alegerile de \u00eengrijire \u0219i tratament. Programeaz\u0103-te azi!","robots":{"index":"index","follow":"follow","max-snippet":"max-snippet:-1","max-image-preview":"max-image-preview:large","max-video-preview":"max-video-preview:-1"},"canonical":"https:\/\/anastasios.ro\/satu-mare\/echipa-medicala\/","og_locale":"en_US","og_type":"article","og_title":"Echipa Medical\u0103 | Clinica Anastasios Satu Mare","og_description":"Echipa Anastasios este mereu atent\u0103 la p\u0103rerile \u0219i opiniile tale. Vei fi implicat \u00een alegerile de \u00eengrijire \u0219i tratament. Programeaz\u0103-te azi!","og_url":"https:\/\/anastasios.ro\/satu-mare\/echipa-medicala\/","og_site_name":"Centrul Medical Anastasios Satu Mare","article_modified_time":"2025-12-09T15:47:16+00:00","og_image":[{"width":600,"height":600,"url":"https:\/\/anastasios.ro\/satu-mare\/wp-content\/uploads\/2025\/05\/echipa-medicala-anastasios-satu-mare.jpg","type":"image\/jpeg"}],"twitter_card":"summary_large_image","twitter_misc":{"Est. reading time":"3 minutes"},"schema":{"@context":"https:\/\/schema.org","@graph":[{"@type":"WebPage","@id":"https:\/\/anastasios.ro\/satu-mare\/echipa-medicala\/","url":"https:\/\/anastasios.ro\/satu-mare\/echipa-medicala\/","name":"Echipa Medical\u0103 | Clinica Anastasios Satu Mare","isPartOf":{"@id":"https:\/\/anastasios.ro\/satu-mare\/#website"},"primaryImageOfPage":{"@id":"https:\/\/anastasios.ro\/satu-mare\/echipa-medicala\/#primaryimage"},"image":{"@id":"https:\/\/anastasios.ro\/satu-mare\/echipa-medicala\/#primaryimage"},"thumbnailUrl":"https:\/\/anastasios.ro\/satu-mare\/wp-content\/uploads\/2025\/05\/echipa-medicala-anastasios-satu-mare.jpg","datePublished":"2021-11-11T12:55:48+00:00","dateModified":"2025-12-09T15:47:16+00:00","description":"Echipa Anastasios este mereu atent\u0103 la p\u0103rerile \u0219i opiniile tale. Vei fi implicat \u00een alegerile de \u00eengrijire \u0219i tratament. Programeaz\u0103-te azi!","breadcrumb":{"@id":"https:\/\/anastasios.ro\/satu-mare\/echipa-medicala\/#breadcrumb"},"inLanguage":"en-US","potentialAction":[{"@type":"ReadAction","target":["https:\/\/anastasios.ro\/satu-mare\/echipa-medicala\/"]}]},{"@type":"ImageObject","inLanguage":"en-US","@id":"https:\/\/anastasios.ro\/satu-mare\/echipa-medicala\/#primaryimage","url":"https:\/\/anastasios.ro\/satu-mare\/wp-content\/uploads\/2025\/05\/echipa-medicala-anastasios-satu-mare.jpg","contentUrl":"https:\/\/anastasios.ro\/satu-mare\/wp-content\/uploads\/2025\/05\/echipa-medicala-anastasios-satu-mare.jpg","width":600,"height":600,"caption":"echipa medicala anastasios satu mare"},{"@type":"BreadcrumbList","@id":"https:\/\/anastasios.ro\/satu-mare\/echipa-medicala\/#breadcrumb","itemListElement":[{"@type":"ListItem","position":1,"name":"Home","item":"https:\/\/anastasios.ro\/satu-mare\/"},{"@type":"ListItem","position":2,"name":"Echipa Medical\u0103"}]},{"@type":"WebSite","@id":"https:\/\/anastasios.ro\/satu-mare\/#website","url":"https:\/\/anastasios.ro\/satu-mare\/","name":"Centrul Medical Anastasios Satu Mare","description":"","publisher":{"@id":"https:\/\/anastasios.ro\/satu-mare\/#organization"},"potentialAction":[{"@type":"SearchAction","target":{"@type":"EntryPoint","urlTemplate":"https:\/\/anastasios.ro\/satu-mare\/?s={search_term_string}"},"query-input":{"@type":"PropertyValueSpecification","valueRequired":true,"valueName":"search_term_string"}}],"inLanguage":"en-US"},{"@type":"Organization","@id":"https:\/\/anastasios.ro\/satu-mare\/#organization","name":"Centrul Medical Anastasios Satu Mare","url":"https:\/\/anastasios.ro\/satu-mare\/","logo":{"@type":"ImageObject","inLanguage":"en-US","@id":"https:\/\/anastasios.ro\/satu-mare\/#\/schema\/logo\/image\/","url":"https:\/\/anastasios.ro\/satu-mare\/wp-content\/uploads\/2025\/05\/clinica-anastaios-medical-satu-mare-logo.svg","contentUrl":"https:\/\/anastasios.ro\/satu-mare\/wp-content\/uploads\/2025\/05\/clinica-anastaios-medical-satu-mare-logo.svg","width":605,"height":171,"caption":"Centrul Medical Anastasios Satu Mare"},"image":{"@id":"https:\/\/anastasios.ro\/satu-mare\/#\/schema\/logo\/image\/"}}]}},"_links":{"self":[{"href":"https:\/\/anastasios.ro\/satu-mare\/wp-json\/wp\/v2\/pages\/82","targetHints":{"allow":["GET"]}}],"collection":[{"href":"https:\/\/anastasios.ro\/satu-mare\/wp-json\/wp\/v2\/pages"}],"about":[{"href":"https:\/\/anastasios.ro\/satu-mare\/wp-json\/wp\/v2\/types\/page"}],"author":[{"embeddable":true,"href":"https:\/\/anastasios.ro\/satu-mare\/wp-json\/wp\/v2\/users\/1"}],"replies":[{"embeddable":true,"href":"https:\/\/anastasios.ro\/satu-mare\/wp-json\/wp\/v2\/comments?post=82"}],"version-history":[{"count":51,"href":"https:\/\/anastasios.ro\/satu-mare\/wp-json\/wp\/v2\/pages\/82\/revisions"}],"predecessor-version":[{"id":3058,"href":"https:\/\/anastasios.ro\/satu-mare\/wp-json\/wp\/v2\/pages\/82\/revisions\/3058"}],"wp:featuredmedia":[{"embeddable":true,"href":"https:\/\/anastasios.ro\/satu-mare\/wp-json\/wp\/v2\/media\/2625"}],"wp:attachment":[{"href":"https:\/\/anastasios.ro\/satu-mare\/wp-json\/wp\/v2\/media?parent=82"}],"curies":[{"name":"wp","href":"https:\/\/api.w.org\/{rel}","templated":true}]}}