{"id":76,"date":"2021-11-11T15:54:27","date_gmt":"2021-11-11T12:54:27","guid":{"rendered":"https:\/\/anastasios.ro\/satu-mare\/?page_id=76"},"modified":"2025-05-07T17:22:48","modified_gmt":"2025-05-07T14:22:48","slug":"contact","status":"publish","type":"page","link":"https:\/\/anastasios.ro\/satu-mare\/contact\/","title":{"rendered":"Contact"},"content":{"rendered":"<div class=\"gb-container gb-container-ae9b0f5b\"><div class=\"gb-inside-container\">\n\n<h1 class=\"gb-headline gb-headline-8b4a57d4 gb-headline-text\">Contact<\/h1>\n\n\n\n<div class=\"line-separator\"><\/div>\n\n\n\n<h2 class=\"gb-headline gb-headline-b27ca614 gb-headline-text\"><strong>Centrul Medical Anastasios Satu Mare<\/strong><\/h2>\n\n\n\n<div style=\"height:32px\" aria-hidden=\"true\" class=\"wp-block-spacer\"><\/div>\n\n\n<div class=\"gb-grid-wrapper gb-grid-wrapper-2c7d6b4d\">\n<div class=\"gb-grid-column gb-grid-column-3b36b21c\"><div class=\"gb-container gb-container-3b36b21c\"><div class=\"gb-inside-container\">\n\n<h2 class=\"gb-headline gb-headline-5bc351ca gb-headline-text\"><strong>Loca\u021bie clinic\u0103<\/strong><\/h2>\n\n\n\n<p class=\"has-text-align-center\">Str. Alexandru Ioan Cuza, Nr. 14-16, Cod Po\u0219tal 440011, Satu Mare<\/p>\n\n<\/div><\/div><\/div>\n\n<div class=\"gb-grid-column gb-grid-column-bf0b6a05\"><div class=\"gb-container gb-container-bf0b6a05\"><div class=\"gb-inside-container\">\n\n<h1 class=\"gb-headline gb-headline-084098b4 gb-headline-text\"><strong>Program\u0103ri consulta\u021bii<\/strong><\/h1>\n\n\n\n<ul class=\"wp-block-list\">\n<li>Luni &#8211; Duminic\u0103: 8.00 \u2013 20.00<\/li>\n\n\n\n<li><a href=\"tel:0770789163\">0770 789 163<\/a><\/li>\n\n\n\n<li><a href=\"mailto:contact.sm@anastasios.ro\">contact.sm@anastasios.ro<\/a><\/li>\n<\/ul>\n\n<\/div><\/div><\/div>\n\n<div class=\"gb-grid-column gb-grid-column-1db8e570\"><div class=\"gb-container gb-container-1db8e570\"><div class=\"gb-inside-container\">\n\n<h2 class=\"gb-headline gb-headline-4db077c8 gb-headline-text\"><strong>Program de lucru clinic\u0103<\/strong><\/h2>\n\n\n\n<ul class=\"wp-block-list\">\n<li>Luni-Vineri: 8.00 \u2013 20.00<\/li>\n\n\n\n<li>S\u00e2mb\u0103t\u0103: 8.00 \u2013 14.00<\/li>\n<\/ul>\n\n<\/div><\/div><\/div>\n<\/div>\n<\/div><\/div>\n\n\n<div style=\"height:32px\" aria-hidden=\"true\" class=\"wp-block-spacer\"><\/div>\n\n\n<div class=\"gb-container gb-container-e57fa4e1\"><div class=\"gb-inside-container\">\n\n<iframe src=\"https:\/\/www.google.com\/maps\/embed?pb=!1m18!1m12!1m3!1d3591.4996063327035!2d22.876424577001394!3d47.790441775263574!2m3!1f0!2f0!3f0!3m2!1i1024!2i768!4f13.1!3m3!1m2!1s0x4738056e802ad94b%3A0xaee575d43acc501d!2sClinica%20Anastasios%20Satu%20Mare!5e1!3m2!1sen!2sro!4v1746627636324!5m2!1sen!2sro\" width=\"1200\" height=\"600\" style=\"border:0;\" allowfullscreen=\"\" loading=\"lazy\" referrerpolicy=\"no-referrer-when-downgrade\"><\/iframe>\n\n<\/div><\/div>\n\n\n<div style=\"height:32px\" aria-hidden=\"true\" class=\"wp-block-spacer\"><\/div>\n","protected":false},"excerpt":{"rendered":"<p>Contact Centrul Medical Anastasios Satu Mare<\/p>\n","protected":false},"author":1,"featured_media":2586,"parent":0,"menu_order":0,"comment_status":"closed","ping_status":"closed","template":"","meta":{"inline_featured_image":false,"footnotes":""},"class_list":["post-76","page","type-page","status-publish","has-post-thumbnail"],"yoast_head":"<!-- This site is optimized with the Yoast SEO plugin v27.3 - https:\/\/yoast.com\/product\/yoast-seo-wordpress\/ -->\n<title>Contact | Clinica Anastasios Satu Mare<\/title>\n<meta name=\"description\" content=\"Asigur\u0103m servicii medicale de specialitate \u00een Satu Mare. Medici supraspecializa\u021bi \u0219i cu experimen\u021b\u0103 vast\u0103. Programeaz\u0103-te azi.\" \/>\n<meta name=\"robots\" content=\"index, follow, max-snippet:-1, max-image-preview:large, max-video-preview:-1\" \/>\n<link rel=\"canonical\" href=\"https:\/\/anastasios.ro\/satu-mare\/contact\/\" \/>\n<meta property=\"og:locale\" content=\"en_US\" \/>\n<meta property=\"og:type\" content=\"article\" \/>\n<meta property=\"og:title\" content=\"Contact | Clinica Anastasios Satu Mare\" \/>\n<meta property=\"og:description\" content=\"Asigur\u0103m servicii medicale de specialitate \u00een Satu Mare. Medici supraspecializa\u021bi \u0219i cu experimen\u021b\u0103 vast\u0103. Programeaz\u0103-te azi.\" \/>\n<meta property=\"og:url\" content=\"https:\/\/anastasios.ro\/satu-mare\/contact\/\" \/>\n<meta property=\"og:site_name\" content=\"Centrul Medical Anastasios Satu Mare\" \/>\n<meta property=\"article:modified_time\" content=\"2025-05-07T14:22:48+00:00\" \/>\n<meta property=\"og:image\" content=\"https:\/\/anastasios.ro\/satu-mare\/wp-content\/uploads\/2025\/05\/contact-anastasios-satu-mare.jpg\" \/>\n\t<meta property=\"og:image:width\" content=\"600\" \/>\n\t<meta property=\"og:image:height\" content=\"600\" \/>\n\t<meta property=\"og:image:type\" content=\"image\/jpeg\" \/>\n<meta name=\"twitter:card\" content=\"summary_large_image\" \/>\n<meta name=\"twitter:label1\" content=\"Est. reading time\" \/>\n\t<meta name=\"twitter:data1\" content=\"1 minute\" \/>\n<script type=\"application\/ld+json\" class=\"yoast-schema-graph\">{\"@context\":\"https:\\\/\\\/schema.org\",\"@graph\":[{\"@type\":\"WebPage\",\"@id\":\"https:\\\/\\\/anastasios.ro\\\/satu-mare\\\/contact\\\/\",\"url\":\"https:\\\/\\\/anastasios.ro\\\/satu-mare\\\/contact\\\/\",\"name\":\"Contact | Clinica Anastasios Satu Mare\",\"isPartOf\":{\"@id\":\"https:\\\/\\\/anastasios.ro\\\/satu-mare\\\/#website\"},\"primaryImageOfPage\":{\"@id\":\"https:\\\/\\\/anastasios.ro\\\/satu-mare\\\/contact\\\/#primaryimage\"},\"image\":{\"@id\":\"https:\\\/\\\/anastasios.ro\\\/satu-mare\\\/contact\\\/#primaryimage\"},\"thumbnailUrl\":\"https:\\\/\\\/anastasios.ro\\\/satu-mare\\\/wp-content\\\/uploads\\\/2025\\\/05\\\/contact-anastasios-satu-mare.jpg\",\"datePublished\":\"2021-11-11T12:54:27+00:00\",\"dateModified\":\"2025-05-07T14:22:48+00:00\",\"description\":\"Asigur\u0103m servicii medicale de specialitate \u00een Satu Mare. Medici supraspecializa\u021bi \u0219i cu experimen\u021b\u0103 vast\u0103. Programeaz\u0103-te azi.\",\"breadcrumb\":{\"@id\":\"https:\\\/\\\/anastasios.ro\\\/satu-mare\\\/contact\\\/#breadcrumb\"},\"inLanguage\":\"en-US\",\"potentialAction\":[{\"@type\":\"ReadAction\",\"target\":[\"https:\\\/\\\/anastasios.ro\\\/satu-mare\\\/contact\\\/\"]}]},{\"@type\":\"ImageObject\",\"inLanguage\":\"en-US\",\"@id\":\"https:\\\/\\\/anastasios.ro\\\/satu-mare\\\/contact\\\/#primaryimage\",\"url\":\"https:\\\/\\\/anastasios.ro\\\/satu-mare\\\/wp-content\\\/uploads\\\/2025\\\/05\\\/contact-anastasios-satu-mare.jpg\",\"contentUrl\":\"https:\\\/\\\/anastasios.ro\\\/satu-mare\\\/wp-content\\\/uploads\\\/2025\\\/05\\\/contact-anastasios-satu-mare.jpg\",\"width\":600,\"height\":600,\"caption\":\"contact anastasios satu mare\"},{\"@type\":\"BreadcrumbList\",\"@id\":\"https:\\\/\\\/anastasios.ro\\\/satu-mare\\\/contact\\\/#breadcrumb\",\"itemListElement\":[{\"@type\":\"ListItem\",\"position\":1,\"name\":\"Home\",\"item\":\"https:\\\/\\\/anastasios.ro\\\/satu-mare\\\/\"},{\"@type\":\"ListItem\",\"position\":2,\"name\":\"Contact\"}]},{\"@type\":\"WebSite\",\"@id\":\"https:\\\/\\\/anastasios.ro\\\/satu-mare\\\/#website\",\"url\":\"https:\\\/\\\/anastasios.ro\\\/satu-mare\\\/\",\"name\":\"Centrul Medical Anastasios Satu Mare\",\"description\":\"\",\"publisher\":{\"@id\":\"https:\\\/\\\/anastasios.ro\\\/satu-mare\\\/#organization\"},\"potentialAction\":[{\"@type\":\"SearchAction\",\"target\":{\"@type\":\"EntryPoint\",\"urlTemplate\":\"https:\\\/\\\/anastasios.ro\\\/satu-mare\\\/?s={search_term_string}\"},\"query-input\":{\"@type\":\"PropertyValueSpecification\",\"valueRequired\":true,\"valueName\":\"search_term_string\"}}],\"inLanguage\":\"en-US\"},{\"@type\":\"Organization\",\"@id\":\"https:\\\/\\\/anastasios.ro\\\/satu-mare\\\/#organization\",\"name\":\"Centrul Medical Anastasios Satu Mare\",\"url\":\"https:\\\/\\\/anastasios.ro\\\/satu-mare\\\/\",\"logo\":{\"@type\":\"ImageObject\",\"inLanguage\":\"en-US\",\"@id\":\"https:\\\/\\\/anastasios.ro\\\/satu-mare\\\/#\\\/schema\\\/logo\\\/image\\\/\",\"url\":\"https:\\\/\\\/anastasios.ro\\\/satu-mare\\\/wp-content\\\/uploads\\\/2025\\\/05\\\/clinica-anastaios-medical-satu-mare-logo.svg\",\"contentUrl\":\"https:\\\/\\\/anastasios.ro\\\/satu-mare\\\/wp-content\\\/uploads\\\/2025\\\/05\\\/clinica-anastaios-medical-satu-mare-logo.svg\",\"width\":605,\"height\":171,\"caption\":\"Centrul Medical Anastasios Satu Mare\"},\"image\":{\"@id\":\"https:\\\/\\\/anastasios.ro\\\/satu-mare\\\/#\\\/schema\\\/logo\\\/image\\\/\"}}]}<\/script>\n<!-- \/ Yoast SEO plugin. -->","yoast_head_json":{"title":"Contact | Clinica Anastasios Satu Mare","description":"Asigur\u0103m servicii medicale de specialitate \u00een Satu Mare. Medici supraspecializa\u021bi \u0219i cu experimen\u021b\u0103 vast\u0103. Programeaz\u0103-te azi.","robots":{"index":"index","follow":"follow","max-snippet":"max-snippet:-1","max-image-preview":"max-image-preview:large","max-video-preview":"max-video-preview:-1"},"canonical":"https:\/\/anastasios.ro\/satu-mare\/contact\/","og_locale":"en_US","og_type":"article","og_title":"Contact | Clinica Anastasios Satu Mare","og_description":"Asigur\u0103m servicii medicale de specialitate \u00een Satu Mare. Medici supraspecializa\u021bi \u0219i cu experimen\u021b\u0103 vast\u0103. Programeaz\u0103-te azi.","og_url":"https:\/\/anastasios.ro\/satu-mare\/contact\/","og_site_name":"Centrul Medical Anastasios Satu Mare","article_modified_time":"2025-05-07T14:22:48+00:00","og_image":[{"width":600,"height":600,"url":"https:\/\/anastasios.ro\/satu-mare\/wp-content\/uploads\/2025\/05\/contact-anastasios-satu-mare.jpg","type":"image\/jpeg"}],"twitter_card":"summary_large_image","twitter_misc":{"Est. reading time":"1 minute"},"schema":{"@context":"https:\/\/schema.org","@graph":[{"@type":"WebPage","@id":"https:\/\/anastasios.ro\/satu-mare\/contact\/","url":"https:\/\/anastasios.ro\/satu-mare\/contact\/","name":"Contact | Clinica Anastasios Satu Mare","isPartOf":{"@id":"https:\/\/anastasios.ro\/satu-mare\/#website"},"primaryImageOfPage":{"@id":"https:\/\/anastasios.ro\/satu-mare\/contact\/#primaryimage"},"image":{"@id":"https:\/\/anastasios.ro\/satu-mare\/contact\/#primaryimage"},"thumbnailUrl":"https:\/\/anastasios.ro\/satu-mare\/wp-content\/uploads\/2025\/05\/contact-anastasios-satu-mare.jpg","datePublished":"2021-11-11T12:54:27+00:00","dateModified":"2025-05-07T14:22:48+00:00","description":"Asigur\u0103m servicii medicale de specialitate \u00een Satu Mare. Medici supraspecializa\u021bi \u0219i cu experimen\u021b\u0103 vast\u0103. Programeaz\u0103-te azi.","breadcrumb":{"@id":"https:\/\/anastasios.ro\/satu-mare\/contact\/#breadcrumb"},"inLanguage":"en-US","potentialAction":[{"@type":"ReadAction","target":["https:\/\/anastasios.ro\/satu-mare\/contact\/"]}]},{"@type":"ImageObject","inLanguage":"en-US","@id":"https:\/\/anastasios.ro\/satu-mare\/contact\/#primaryimage","url":"https:\/\/anastasios.ro\/satu-mare\/wp-content\/uploads\/2025\/05\/contact-anastasios-satu-mare.jpg","contentUrl":"https:\/\/anastasios.ro\/satu-mare\/wp-content\/uploads\/2025\/05\/contact-anastasios-satu-mare.jpg","width":600,"height":600,"caption":"contact anastasios satu mare"},{"@type":"BreadcrumbList","@id":"https:\/\/anastasios.ro\/satu-mare\/contact\/#breadcrumb","itemListElement":[{"@type":"ListItem","position":1,"name":"Home","item":"https:\/\/anastasios.ro\/satu-mare\/"},{"@type":"ListItem","position":2,"name":"Contact"}]},{"@type":"WebSite","@id":"https:\/\/anastasios.ro\/satu-mare\/#website","url":"https:\/\/anastasios.ro\/satu-mare\/","name":"Centrul Medical Anastasios Satu Mare","description":"","publisher":{"@id":"https:\/\/anastasios.ro\/satu-mare\/#organization"},"potentialAction":[{"@type":"SearchAction","target":{"@type":"EntryPoint","urlTemplate":"https:\/\/anastasios.ro\/satu-mare\/?s={search_term_string}"},"query-input":{"@type":"PropertyValueSpecification","valueRequired":true,"valueName":"search_term_string"}}],"inLanguage":"en-US"},{"@type":"Organization","@id":"https:\/\/anastasios.ro\/satu-mare\/#organization","name":"Centrul Medical Anastasios Satu Mare","url":"https:\/\/anastasios.ro\/satu-mare\/","logo":{"@type":"ImageObject","inLanguage":"en-US","@id":"https:\/\/anastasios.ro\/satu-mare\/#\/schema\/logo\/image\/","url":"https:\/\/anastasios.ro\/satu-mare\/wp-content\/uploads\/2025\/05\/clinica-anastaios-medical-satu-mare-logo.svg","contentUrl":"https:\/\/anastasios.ro\/satu-mare\/wp-content\/uploads\/2025\/05\/clinica-anastaios-medical-satu-mare-logo.svg","width":605,"height":171,"caption":"Centrul Medical Anastasios Satu Mare"},"image":{"@id":"https:\/\/anastasios.ro\/satu-mare\/#\/schema\/logo\/image\/"}}]}},"_links":{"self":[{"href":"https:\/\/anastasios.ro\/satu-mare\/wp-json\/wp\/v2\/pages\/76","targetHints":{"allow":["GET"]}}],"collection":[{"href":"https:\/\/anastasios.ro\/satu-mare\/wp-json\/wp\/v2\/pages"}],"about":[{"href":"https:\/\/anastasios.ro\/satu-mare\/wp-json\/wp\/v2\/types\/page"}],"author":[{"embeddable":true,"href":"https:\/\/anastasios.ro\/satu-mare\/wp-json\/wp\/v2\/users\/1"}],"replies":[{"embeddable":true,"href":"https:\/\/anastasios.ro\/satu-mare\/wp-json\/wp\/v2\/comments?post=76"}],"version-history":[{"count":17,"href":"https:\/\/anastasios.ro\/satu-mare\/wp-json\/wp\/v2\/pages\/76\/revisions"}],"predecessor-version":[{"id":2589,"href":"https:\/\/anastasios.ro\/satu-mare\/wp-json\/wp\/v2\/pages\/76\/revisions\/2589"}],"wp:featuredmedia":[{"embeddable":true,"href":"https:\/\/anastasios.ro\/satu-mare\/wp-json\/wp\/v2\/media\/2586"}],"wp:attachment":[{"href":"https:\/\/anastasios.ro\/satu-mare\/wp-json\/wp\/v2\/media?parent=76"}],"curies":[{"name":"wp","href":"https:\/\/api.w.org\/{rel}","templated":true}]}}