{"id":2598,"date":"2025-05-07T17:31:47","date_gmt":"2025-05-07T14:31:47","guid":{"rendered":"https:\/\/anastasios.ro\/satu-mare\/?page_id=2598"},"modified":"2026-02-02T12:27:27","modified_gmt":"2026-02-02T09:27:27","slug":"ortopedie","status":"publish","type":"page","link":"https:\/\/anastasios.ro\/satu-mare\/ortopedie\/","title":{"rendered":"Ortopedie"},"content":{"rendered":"<div class=\"gb-container gb-container-9092b670\"><div class=\"gb-inside-container\">\n\n<div style=\"height:16px\" aria-hidden=\"true\" class=\"wp-block-spacer\"><\/div>\n\n\n\n<h1 class=\"gb-headline gb-headline-a3365616 gb-headline-text\">Ortopedie Satu Mare<\/h1>\n\n\n\n<div class=\"line-separator\"><\/div>\n\n\n\n<h2 class=\"gb-headline gb-headline-986fa71f gb-headline-text\"><strong>Centrul Medical Anastasios<\/strong><\/h2>\n\n\n\n<p class=\"has-text-align-center\"><meta charset=\"utf-8\">\u00cen cadrul specializ\u0103rii de Ortopedie din Satu Mare, ne ajut\u0103m pacien\u021bii s\u0103-\u0219i rezolve afec\u021biunile ortopedice diagnostic\u00e2nd ferm problema medical\u0103, stabilind un tratament clar si eficient, asigur\u00e2ndu-ne c\u0103 \u00een final ei se vor sim\u021bi bine din nou.<\/p>\n\n\n<div class=\"wp-block-image\">\n<figure class=\"aligncenter size-full\"><img decoding=\"async\" src=\"https:\/\/anastasios.ro\/zalau\/wp-content\/uploads\/2023\/09\/ortopedie-zalau-clinica-anastasios.jpg\" alt=\"\" class=\"wp-image-2486\"\/><\/figure>\n<\/div>\n\n\n<div style=\"height:16px\" aria-hidden=\"true\" class=\"wp-block-spacer\"><\/div>\n\n\n\n<p><meta charset=\"utf-8\">Chirurgia ortopedic\u0103 sau ortopedia, este ramura chirurgiei care se ocup\u0103 de afec\u021biunile ce implic\u0103 sistemul musculo-scheletic.<\/p>\n\n\n\n<p>Chirurgii ortopedici folosesc at\u00e2t mijloace chirurgicale, c\u00e2t \u0219i nechirurgicale pentru a trata traume musculo-scheletice, boli ale coloanei vertebrale, leziuni sportive, boli degenerative, infec\u021bii, tumori \u0219i tulbur\u0103ri congenitale.<\/p>\n\n\n\n<h3 class=\"gb-headline gb-headline-30b580e0 gb-headline-text\"><meta charset=\"utf-8\">Suntem specializa\u021bi \u00een:<\/h3>\n\n\n\n<ol class=\"wp-block-list list-number-elements\">\n<li>Artroscopia genunchiului \u0219i meniscectomia<\/li>\n\n\n\n<li>Artroscopia um\u0103rului \u0219i decompresia<\/li>\n\n\n\n<li>Eliberarea tunelului carpian<\/li>\n\n\n\n<li>Artroscopia genunchiului \u0219i condroplastia<\/li>\n\n\n\n<li>\u00cendep\u0103rtarea implantului de sus\u021binere<\/li>\n\n\n\n<li>Artroscopia genunchiului \u0219i reconstruc\u021bia ligamentului \u00eencruci\u0219at anterior<\/li>\n\n\n\n<li>\u00cenlocuirea genunchiului<\/li>\n\n\n\n<li>Repararea fracturii colului femural<\/li>\n\n\n\n<li>Repararea fracturii trohanteriene<\/li>\n\n\n\n<li>Debridarea pielii\/mu\u0219chilor\/osului\/ fracturii<\/li>\n\n\n\n<li>Artroscopia genunchiului repararea ambelor meniscuri<\/li>\n\n\n\n<li>Inlocuire de sold<\/li>\n\n\n\n<li>Artroscopia um\u0103rului\/excizia distal\u0103 a claviculei<\/li>\n\n\n\n<li>Repararea tendonului man\u0219etei rotatorilor<\/li>\n\n\n\n<li>Repararea fracturii radiusului (osului)\/ulna<\/li>\n\n\n\n<li>Laminectomie<\/li>\n\n\n\n<li>Repararea fracturii gleznei (tip bimaleolar)<\/li>\n\n\n\n<li>Artroscopia um\u0103rului \u0219i debridarea<\/li>\n\n\n\n<li>Fuziunea lombar\u0103 a coloanei vertebrale<\/li>\n\n\n\n<li>Repara\u021bi fractura p\u0103r\u021bii distale a radiusului<\/li>\n\n\n\n<li>Chirurgia discului intervertebral al spatelui inferior<\/li>\n\n\n\n<li>Teaca incizat\u0103 a tendonului degetului<\/li>\n\n\n\n<li>Repararea fracturii de glezn\u0103 (fibula)<\/li>\n\n\n\n<li>Repararea fracturii diafiselor femurale<\/li>\n\n\n\n<li>Repararea fracturii trohanteriene<\/li>\n<\/ol>\n\n\n\n<p class=\"has-text-align-center\"><meta charset=\"utf-8\">\u0218tim c\u0103 v\u0103 dori\u021bi s\u0103 g\u0103si\u021bi cea mai bun\u0103 cale de rezolvare a problemelor dumneavoastr\u0103 medicale, de aceea echipa noastr\u0103 de speciali\u0219ti este gata s\u0103 v\u0103 ajute.<\/p>\n\n<\/div><\/div>\n\n\n<div style=\"height:16px\" aria-hidden=\"true\" class=\"wp-block-spacer\"><\/div>\n\n\n<div class=\"gb-container gb-container-346fe004\"><div class=\"gb-inside-container\">\n\n<h3 class=\"gb-headline gb-headline-9856e4e1 gb-headline-text\"><strong>Medici Ortopedie Satu Mare<\/strong><\/h3>\n\n\n<div class=\"gb-grid-wrapper gb-grid-wrapper-26699414 contaier-box-with-shadow\">\n<div class=\"gb-grid-column gb-grid-column-ee135908\"><div class=\"gb-container gb-container-ee135908\"><div class=\"gb-inside-container\">\n\n<figure class=\"wp-block-image size-full\"><img decoding=\"async\" src=\"https:\/\/anastasios.ro\/baia-mare\/wp-content\/uploads\/2024\/08\/m-medic-anastasios.jpg\" alt=\"m medic anastasios\" class=\"wp-image-2573\"\/><\/figure>\n\n\n\n<div style=\"height:16px\" aria-hidden=\"true\" class=\"wp-block-spacer\"><\/div>\n\n\n\n<h3 class=\"wp-block-heading has-text-align-center has-text-color has-medium-font-size\" id=\"dr-georgeta-diaconescu\" style=\"color:#143f6f\"><strong>Dr. Boca Alexandru<\/strong><\/h3>\n\n\n\n<div class=\"line-separator\"><\/div>\n\n\n\n<p class=\"has-text-align-center has-contrast-color has-text-color\"><strong><strong><strong><strong><strong>Medic Specialist Ortopedie-Traumatologie<\/strong><\/strong><\/strong><\/strong><\/strong><\/p>\n\n<\/div><\/div><\/div>\n<\/div>\n<\/div><\/div>\n\n\n<div style=\"height:32px\" aria-hidden=\"true\" class=\"wp-block-spacer\"><\/div>\n\n\n<div class=\"gb-container gb-container-f52d5f4a\"><div class=\"gb-inside-container\">\n\n<p class=\"has-text-align-center\">\u0218tim c\u0103 v\u0103 dori\u021bi s\u0103 g\u0103si\u021bi cea mai bun\u0103 cale de rezolvare a problemelor dumneavoastr\u0103 medicale, de aceea echipa noastr\u0103 de speciali\u0219ti este gata s\u0103 v\u0103 ajute. <\/p>\n\n\n\n<p class=\"has-text-align-center\">Programa\u021bi-v\u0103 pentru o consulta\u021bie \u00een clinica noastr\u0103 \u0219i noi v\u0103 garant\u0103m c\u0103 ve\u021bi fi tratat cu toat\u0103&nbsp;<strong>discre\u021bia \u0219i aten\u021bia<\/strong>&nbsp;pe care o merita\u021bi de c\u0103tre echipa noastr\u0103 medical\u0103.<\/p>\n\n<\/div><\/div>\n\n<div class=\"gb-container gb-container-651f23e8\"><div class=\"gb-inside-container\">\n\n<p class=\"has-text-align-center\">Pentru program\u0103ri, apela\u021bi:<\/p>\n\n\n\n<h3 class=\"gb-headline gb-headline-0196d58e gb-headline-text\"><strong><a href=\"tel:0770 789 163\"><\/a><a href=\"tel:0770789163\">0770 789 163<\/a><\/strong><\/h3>\n\n<\/div><\/div>\n\n\n<p class=\"has-text-align-center\">sau ap\u0103sa\u021bi butonul de mai jos:<\/p>\n\n\n\n<div class=\"wp-block-buttons is-horizontal is-content-justification-center is-layout-flex wp-container-core-buttons-is-layout-499968f5 wp-block-buttons-is-layout-flex\">\n<div class=\"wp-block-button is-style-outline main-button sg-popup-id-1058 is-style-outline--1\"><a class=\"wp-block-button__link has-accent-color has-base-3-background-color has-text-color has-background wp-element-button\" style=\"border-radius:20px\"><strong>Programeaz\u0103-te<\/strong><\/a><\/div>\n<\/div>\n\n\n<div class=\"gb-container gb-container-b2fd909c\">\n\n<h5 class=\"gb-headline gb-headline-5f69912f gb-headline-text\"><strong>Ce spun pacien\u021bii despre clinica Anastasios din Satu Mare?<\/strong><\/h5>\n\n\n\n<p class=\"has-text-align-center\">Pacien\u021bii no\u0219tri revin frecvent la noi, iar recenziile pe care ni le ofer\u0103 cu mult\u0103 amabilitate ne arat\u0103 c\u00e2t de mul\u021bumi\u021bi sunt de clinica noastr\u0103.<\/p>\n\n\n<div class=\"gb-container gb-container-c507535a\"><div class=\"gb-inside-container\">\n<div data-src=\"https:\/\/cdn.trustindex.io\/loader.js?308478c4859d76890536b10e282\"><\/div>\n\n<\/div><\/div>\n<\/div>\n\n\n<div style=\"height:32px\" aria-hidden=\"true\" class=\"wp-block-spacer\"><\/div>\n\n\n<div class=\"gb-container gb-container-0eb449f1\"><div class=\"gb-inside-container\">\n\n<h4 class=\"gb-headline gb-headline-2d21b6d4 gb-headline-text\"><strong>Pre\u021buri Ortopedie Satu Mare<\/strong><\/h4>\n\n\n\n<figure class=\"wp-block-table is-style-stripes styled-table\"><table><tbody><tr><td><strong>Nume Serviciu<\/strong><\/td><td class=\"has-text-align-center\" data-align=\"center\"><strong>Pre\u021b (Lei)<\/strong><\/td><\/tr><tr><td>Consulta\u021bie ini\u021bial\u0103 ortopedie<\/td><td class=\"has-text-align-center\" data-align=\"center\">260<\/td><\/tr><tr><td>Control ortopedie<\/td><td class=\"has-text-align-center\" data-align=\"center\">160<\/td><\/tr><tr><td>Infiltra\u021bie<\/td><td class=\"has-text-align-center\" data-align=\"center\">250<\/td><\/tr><tr><td>Injectare cu acid hialuronic<\/td><td class=\"has-text-align-center\" data-align=\"center\">800<\/td><\/tr><tr><td>Punc\u021bie<\/td><td class=\"has-text-align-center\" data-align=\"center\">220<\/td><\/tr><\/tbody><\/table><\/figure>\n\n<\/div><\/div>\n\n\n<div style=\"height:32px\" aria-hidden=\"true\" class=\"wp-block-spacer\"><\/div>\n\n\n<div class=\"gb-container gb-container-31b7055b\"><div class=\"gb-inside-container\">\n\n<h3 class=\"wp-block-heading has-text-align-center has-global-color-8-color has-text-color has-medium-font-size\"><strong><meta charset=\"utf-8\"><strong><strong><strong>Prezentare video clinica Anastasios Satu Mare<\/strong><\/strong><\/strong><\/strong><\/h3>\n\n\n\n<figure class=\"wp-block-embed is-type-video is-provider-youtube wp-block-embed-youtube wp-embed-aspect-16-9 wp-has-aspect-ratio\"><div class=\"wp-block-embed__wrapper\">\n<div class=\"epyt-video-wrapper\"><div  id=\"_ytid_62180\"  width=\"1200\" height=\"675\"  data-origwidth=\"1200\" data-origheight=\"675\"  data-relstop=\"1\" data-facadesrc=\"https:\/\/www.youtube.com\/embed\/ge5eN0hE_Tk?enablejsapi=1&#038;autoplay=0&#038;cc_load_policy=0&#038;cc_lang_pref=&#038;iv_load_policy=1&#038;loop=0&#038;rel=0&#038;fs=1&#038;playsinline=0&#038;autohide=2&#038;theme=dark&#038;color=red&#038;controls=1&#038;disablekb=0&#038;\" class=\"__youtube_prefs__ epyt-facade epyt-is-override  no-lazyload\" data-epautoplay=\"1\" ><img decoding=\"async\" data-spai-excluded=\"true\" class=\"epyt-facade-poster skip-lazy\" loading=\"lazy\"  alt=\"YouTube player\"  src=\"https:\/\/i.ytimg.com\/vi\/ge5eN0hE_Tk\/maxresdefault.jpg\"  \/><button class=\"epyt-facade-play\" aria-label=\"Play\"><svg data-no-lazy=\"1\" height=\"100%\" version=\"1.1\" viewBox=\"0 0 68 48\" width=\"100%\"><path class=\"ytp-large-play-button-bg\" d=\"M66.52,7.74c-0.78-2.93-2.49-5.41-5.42-6.19C55.79,.13,34,0,34,0S12.21,.13,6.9,1.55 C3.97,2.33,2.27,4.81,1.48,7.74C0.06,13.05,0,24,0,24s0.06,10.95,1.48,16.26c0.78,2.93,2.49,5.41,5.42,6.19 C12.21,47.87,34,48,34,48s21.79-0.13,27.1-1.55c2.93-0.78,4.64-3.26,5.42-6.19C67.94,34.95,68,24,68,24S67.94,13.05,66.52,7.74z\" fill=\"#f00\"><\/path><path d=\"M 45,24 27,14 27,34\" fill=\"#fff\"><\/path><\/svg><\/button><\/div><\/div>\n<\/div><\/figure>\n\n\n\n<div style=\"height:16px\" aria-hidden=\"true\" class=\"wp-block-spacer\"><\/div>\n\n\n<div class=\"gb-container gb-container-86c06f66\">\n\n<h5 class=\"gb-headline gb-headline-65727000 gb-headline-text\">\u00centreb\u0103ri frecvente<\/h5>\n\n\n<div class=\"lightweight-accordion\"><details><summary class=\"lightweight-accordion-title\"><span>Ce este un ortoped \u0219i cu ce se ocup\u0103?<\/span><\/summary><div class=\"lightweight-accordion-body\">\n\n<p>Un ortoped este un medic specializat \u00een diagnosticarea, tratarea \u0219i prevenirea afec\u021biunilor sistemului musculo-scheletal, care include oasele, articula\u021biile, ligamentele, tendoanele \u0219i mu\u0219chii. Ortopedul trateaz\u0103 diverse probleme, cum ar fi fracturile, leziunile sportive, durerile de spate, artrita \u0219i deform\u0103rile osoase. De asemenea, poate efectua interven\u021bii chirurgicale, precum artroscopia sau \u00eenlocuirea articula\u021biilor, pentru a restabili func\u021bia \u0219i mobilitatea pacientului.<\/p>\n\n<\/div><\/details><\/div>\n\n<div class=\"lightweight-accordion\"><details><summary class=\"lightweight-accordion-title\"><span>Care este cel mai bun ortoped \u00een Satu Mare?<\/span><\/summary><div class=\"lightweight-accordion-body\">\n\n<p>Pentru a g\u0103si cel mai bun ortoped \u00eentr-o anumit\u0103 loca\u021bie, te po\u021bi baza pe recomand\u0103rile din cercul de cuno\u0219tin\u021be, c\u0103ut\u0103rile online, verificarea calific\u0103rilor, programarea de consulta\u021bii \u0219i evaluarea compatibilit\u0103\u021bii personale. Alegerea unui ortoped cu experien\u021b\u0103 \u0219i calific\u0103ri relevante este esen\u021bial\u0103 pentru a asigura un tratament adecvat \u0219i \u00eengrijire corespunz\u0103toare a problemelor sistemului musculo-scheletal.<\/p>\n\n<\/div><\/details><\/div>\n\n<div class=\"lightweight-accordion\"><details><summary class=\"lightweight-accordion-title\"><span>Cu ce se ocup\u0103 Ortopedia?<\/span><\/summary><div class=\"lightweight-accordion-body\">\n\n<p>Ortopedia se ocup\u0103 cu diagnosticarea, tratamentul \u0219i prevenirea afec\u021biunilor sistemului musculo-scheletal, care include oasele, articula\u021biile, ligamentele, mu\u0219chii \u0219i tendoanele. Speciali\u0219tii \u00een ortopedie trateaz\u0103 fracturi, leziuni sportive, artrit\u0103, deform\u0103ri osoase \u0219i alte probleme care afecteaz\u0103 mobilitatea \u0219i func\u021bionalitatea corpului.<\/p>\n\n<\/div><\/details><\/div>\n\n<div class=\"lightweight-accordion\"><details><summary class=\"lightweight-accordion-title\"><span>C\u00e2nd ar trebui s\u0103 merg la un ortoped?<\/span><\/summary><div class=\"lightweight-accordion-body\">\n\n<p>Ar trebui s\u0103 mergi la un ortoped atunci c\u00e2nd experimentezi dureri persistente la nivelul oaselor, articula\u021biilor sau mu\u0219chilor, ai dificult\u0103\u021bi de mobilitate, te confrun\u021bi cu umfl\u0103turi sau rigiditate, sau dup\u0103 o leziune care afecteaz\u0103 func\u021bionalitatea normal\u0103 a unui membru. De asemenea, este recomandat s\u0103 consul\u021bi un ortoped dac\u0103 ai dureri de spate care nu cedeaz\u0103 la tratamente obi\u0219nuite sau dac\u0103 observi deform\u0103ri la nivelul oaselor sau articula\u021biilor.<\/p>\n\n<\/div><\/details><\/div>\n\n<div class=\"lightweight-accordion\"><details><summary class=\"lightweight-accordion-title\"><span>Care sunt cele mai bune exerci\u021bii pentru durerile articulare?<\/span><\/summary><div class=\"lightweight-accordion-body\">\n\n<p>Cele mai bune exerci\u021bii pentru durerile articulare includ \u00eentinderile u\u0219oare, care ajut\u0103 la men\u021binerea flexibilit\u0103\u021bii, \u0219i exerci\u021biile cu impact redus, cum ar fi \u00eenotul, ciclismul sau mersul pe jos, care reduc stresul asupra articula\u021biilor. Exerci\u021biile de \u00eent\u0103rire muscular\u0103, cum ar fi ridic\u0103rile u\u0219oare de greut\u0103\u021bi sau folosirea benzii elastice, ajut\u0103 la sus\u021binerea articula\u021biilor. Este important s\u0103 consul\u021bi un specialist \u00eenainte de a \u00eencepe orice program de exerci\u021bii pentru a adapta activit\u0103\u021bile la nevoile tale specifice.<\/p>\n\n<\/div><\/details><\/div>\n<\/div>\n\n\n<div style=\"height:16px\" aria-hidden=\"true\" class=\"wp-block-spacer\"><\/div>\n\n\n\n<p class=\"has-text-align-center\"> \u00cen clinicile Anastasios trat\u0103m fiecare pacient cu profesionalism, discre\u021bie \u0219i compasiune.<\/p>\n\n\n<div class=\"gb-container gb-container-edb7216e\"><div class=\"gb-inside-container\">\n\n<div class=\"wp-block-buttons is-horizontal is-content-justification-center is-layout-flex wp-container-core-buttons-is-layout-499968f5 wp-block-buttons-is-layout-flex\">\n<div class=\"wp-block-button is-style-outline main-button sg-popup-id-1058 is-style-outline--2\"><a class=\"wp-block-button__link has-accent-color has-base-3-background-color has-text-color has-background wp-element-button\" style=\"border-radius:20px\"><strong>Programeaz\u0103-te<\/strong><\/a><\/div>\n<\/div>\n\n<\/div><\/div>\n<\/div><\/div>\n\n\n<p><\/p>\n","protected":false},"excerpt":{"rendered":"<p>Ortopedie Satu Mare Centrul Medical Anastasios \u00cen cadrul specializ\u0103rii de Ortopedie din Satu Mare, ne ajut\u0103m pacien\u021bii s\u0103-\u0219i rezolve afec\u021biunile ortopedice diagnostic\u00e2nd ferm problema medical\u0103, stabilind un tratament clar si eficient, asigur\u00e2ndu-ne c\u0103 \u00een final ei se vor sim\u021bi bine din nou. Chirurgia ortopedic\u0103 sau ortopedia, este ramura chirurgiei care se ocup\u0103 de afec\u021biunile ce &#8230; <a title=\"Ortopedie\" class=\"read-more\" href=\"https:\/\/anastasios.ro\/satu-mare\/ortopedie\/\" aria-label=\"Read more about Ortopedie\">Read more<\/a><\/p>\n","protected":false},"author":1,"featured_media":2562,"parent":0,"menu_order":0,"comment_status":"closed","ping_status":"closed","template":"","meta":{"inline_featured_image":false,"footnotes":""},"class_list":["post-2598","page","type-page","status-publish","has-post-thumbnail"],"yoast_head":"<!-- This site is optimized with the Yoast SEO plugin v27.3 - https:\/\/yoast.com\/product\/yoast-seo-wordpress\/ -->\n<title>Ortopedie | Clinica Anastasios Satu Mare<\/title>\n<meta name=\"description\" content=\"Servicii ortopedice de excelen\u021b\u0103 \u00een Satu Mare: diagnostic, tratament \u0219i recuperare pentru afec\u021biuni musculo-scheletale. Programeaz\u0103-te azi.\" \/>\n<meta name=\"robots\" content=\"index, follow, max-snippet:-1, max-image-preview:large, max-video-preview:-1\" \/>\n<link rel=\"canonical\" href=\"https:\/\/anastasios.ro\/satu-mare\/ortopedie\/\" \/>\n<meta property=\"og:locale\" content=\"en_US\" \/>\n<meta property=\"og:type\" content=\"article\" \/>\n<meta property=\"og:title\" content=\"Ortopedie | Clinica Anastasios Satu Mare\" \/>\n<meta property=\"og:description\" content=\"Servicii ortopedice de excelen\u021b\u0103 \u00een Satu Mare: diagnostic, tratament \u0219i recuperare pentru afec\u021biuni musculo-scheletale. Programeaz\u0103-te azi.\" \/>\n<meta property=\"og:url\" content=\"https:\/\/anastasios.ro\/satu-mare\/ortopedie\/\" \/>\n<meta property=\"og:site_name\" content=\"Centrul Medical Anastasios Satu Mare\" \/>\n<meta property=\"article:modified_time\" content=\"2026-02-02T09:27:27+00:00\" \/>\n<meta property=\"og:image\" content=\"https:\/\/anastasios.ro\/satu-mare\/wp-content\/uploads\/2025\/05\/ortopedie-anastasios-satu-mare.jpg\" \/>\n\t<meta property=\"og:image:width\" content=\"600\" \/>\n\t<meta property=\"og:image:height\" content=\"600\" \/>\n\t<meta property=\"og:image:type\" content=\"image\/jpeg\" \/>\n<meta name=\"twitter:card\" content=\"summary_large_image\" \/>\n<meta name=\"twitter:label1\" content=\"Est. reading time\" \/>\n\t<meta name=\"twitter:data1\" content=\"4 minutes\" \/>\n<script type=\"application\/ld+json\" class=\"yoast-schema-graph\">{\"@context\":\"https:\\\/\\\/schema.org\",\"@graph\":[{\"@type\":\"WebPage\",\"@id\":\"https:\\\/\\\/anastasios.ro\\\/satu-mare\\\/ortopedie\\\/\",\"url\":\"https:\\\/\\\/anastasios.ro\\\/satu-mare\\\/ortopedie\\\/\",\"name\":\"Ortopedie | Clinica Anastasios Satu Mare\",\"isPartOf\":{\"@id\":\"https:\\\/\\\/anastasios.ro\\\/satu-mare\\\/#website\"},\"primaryImageOfPage\":{\"@id\":\"https:\\\/\\\/anastasios.ro\\\/satu-mare\\\/ortopedie\\\/#primaryimage\"},\"image\":{\"@id\":\"https:\\\/\\\/anastasios.ro\\\/satu-mare\\\/ortopedie\\\/#primaryimage\"},\"thumbnailUrl\":\"https:\\\/\\\/anastasios.ro\\\/satu-mare\\\/wp-content\\\/uploads\\\/2025\\\/05\\\/ortopedie-anastasios-satu-mare.jpg\",\"datePublished\":\"2025-05-07T14:31:47+00:00\",\"dateModified\":\"2026-02-02T09:27:27+00:00\",\"description\":\"Servicii ortopedice de excelen\u021b\u0103 \u00een Satu Mare: diagnostic, tratament \u0219i recuperare pentru afec\u021biuni musculo-scheletale. Programeaz\u0103-te azi.\",\"breadcrumb\":{\"@id\":\"https:\\\/\\\/anastasios.ro\\\/satu-mare\\\/ortopedie\\\/#breadcrumb\"},\"inLanguage\":\"en-US\",\"potentialAction\":[{\"@type\":\"ReadAction\",\"target\":[\"https:\\\/\\\/anastasios.ro\\\/satu-mare\\\/ortopedie\\\/\"]}]},{\"@type\":\"ImageObject\",\"inLanguage\":\"en-US\",\"@id\":\"https:\\\/\\\/anastasios.ro\\\/satu-mare\\\/ortopedie\\\/#primaryimage\",\"url\":\"https:\\\/\\\/anastasios.ro\\\/satu-mare\\\/wp-content\\\/uploads\\\/2025\\\/05\\\/ortopedie-anastasios-satu-mare.jpg\",\"contentUrl\":\"https:\\\/\\\/anastasios.ro\\\/satu-mare\\\/wp-content\\\/uploads\\\/2025\\\/05\\\/ortopedie-anastasios-satu-mare.jpg\",\"width\":600,\"height\":600,\"caption\":\"ortopedie anastasios satu mare\"},{\"@type\":\"BreadcrumbList\",\"@id\":\"https:\\\/\\\/anastasios.ro\\\/satu-mare\\\/ortopedie\\\/#breadcrumb\",\"itemListElement\":[{\"@type\":\"ListItem\",\"position\":1,\"name\":\"Home\",\"item\":\"https:\\\/\\\/anastasios.ro\\\/satu-mare\\\/\"},{\"@type\":\"ListItem\",\"position\":2,\"name\":\"Ortopedie\"}]},{\"@type\":\"WebSite\",\"@id\":\"https:\\\/\\\/anastasios.ro\\\/satu-mare\\\/#website\",\"url\":\"https:\\\/\\\/anastasios.ro\\\/satu-mare\\\/\",\"name\":\"Centrul Medical Anastasios Satu Mare\",\"description\":\"\",\"publisher\":{\"@id\":\"https:\\\/\\\/anastasios.ro\\\/satu-mare\\\/#organization\"},\"potentialAction\":[{\"@type\":\"SearchAction\",\"target\":{\"@type\":\"EntryPoint\",\"urlTemplate\":\"https:\\\/\\\/anastasios.ro\\\/satu-mare\\\/?s={search_term_string}\"},\"query-input\":{\"@type\":\"PropertyValueSpecification\",\"valueRequired\":true,\"valueName\":\"search_term_string\"}}],\"inLanguage\":\"en-US\"},{\"@type\":\"Organization\",\"@id\":\"https:\\\/\\\/anastasios.ro\\\/satu-mare\\\/#organization\",\"name\":\"Centrul Medical Anastasios Satu Mare\",\"url\":\"https:\\\/\\\/anastasios.ro\\\/satu-mare\\\/\",\"logo\":{\"@type\":\"ImageObject\",\"inLanguage\":\"en-US\",\"@id\":\"https:\\\/\\\/anastasios.ro\\\/satu-mare\\\/#\\\/schema\\\/logo\\\/image\\\/\",\"url\":\"https:\\\/\\\/anastasios.ro\\\/satu-mare\\\/wp-content\\\/uploads\\\/2025\\\/05\\\/clinica-anastaios-medical-satu-mare-logo.svg\",\"contentUrl\":\"https:\\\/\\\/anastasios.ro\\\/satu-mare\\\/wp-content\\\/uploads\\\/2025\\\/05\\\/clinica-anastaios-medical-satu-mare-logo.svg\",\"width\":605,\"height\":171,\"caption\":\"Centrul Medical Anastasios Satu Mare\"},\"image\":{\"@id\":\"https:\\\/\\\/anastasios.ro\\\/satu-mare\\\/#\\\/schema\\\/logo\\\/image\\\/\"}}]}<\/script>\n<!-- \/ Yoast SEO plugin. -->","yoast_head_json":{"title":"Ortopedie | Clinica Anastasios Satu Mare","description":"Servicii ortopedice de excelen\u021b\u0103 \u00een Satu Mare: diagnostic, tratament \u0219i recuperare pentru afec\u021biuni musculo-scheletale. Programeaz\u0103-te azi.","robots":{"index":"index","follow":"follow","max-snippet":"max-snippet:-1","max-image-preview":"max-image-preview:large","max-video-preview":"max-video-preview:-1"},"canonical":"https:\/\/anastasios.ro\/satu-mare\/ortopedie\/","og_locale":"en_US","og_type":"article","og_title":"Ortopedie | Clinica Anastasios Satu Mare","og_description":"Servicii ortopedice de excelen\u021b\u0103 \u00een Satu Mare: diagnostic, tratament \u0219i recuperare pentru afec\u021biuni musculo-scheletale. Programeaz\u0103-te azi.","og_url":"https:\/\/anastasios.ro\/satu-mare\/ortopedie\/","og_site_name":"Centrul Medical Anastasios Satu Mare","article_modified_time":"2026-02-02T09:27:27+00:00","og_image":[{"width":600,"height":600,"url":"https:\/\/anastasios.ro\/satu-mare\/wp-content\/uploads\/2025\/05\/ortopedie-anastasios-satu-mare.jpg","type":"image\/jpeg"}],"twitter_card":"summary_large_image","twitter_misc":{"Est. reading time":"4 minutes"},"schema":{"@context":"https:\/\/schema.org","@graph":[{"@type":"WebPage","@id":"https:\/\/anastasios.ro\/satu-mare\/ortopedie\/","url":"https:\/\/anastasios.ro\/satu-mare\/ortopedie\/","name":"Ortopedie | Clinica Anastasios Satu Mare","isPartOf":{"@id":"https:\/\/anastasios.ro\/satu-mare\/#website"},"primaryImageOfPage":{"@id":"https:\/\/anastasios.ro\/satu-mare\/ortopedie\/#primaryimage"},"image":{"@id":"https:\/\/anastasios.ro\/satu-mare\/ortopedie\/#primaryimage"},"thumbnailUrl":"https:\/\/anastasios.ro\/satu-mare\/wp-content\/uploads\/2025\/05\/ortopedie-anastasios-satu-mare.jpg","datePublished":"2025-05-07T14:31:47+00:00","dateModified":"2026-02-02T09:27:27+00:00","description":"Servicii ortopedice de excelen\u021b\u0103 \u00een Satu Mare: diagnostic, tratament \u0219i recuperare pentru afec\u021biuni musculo-scheletale. Programeaz\u0103-te azi.","breadcrumb":{"@id":"https:\/\/anastasios.ro\/satu-mare\/ortopedie\/#breadcrumb"},"inLanguage":"en-US","potentialAction":[{"@type":"ReadAction","target":["https:\/\/anastasios.ro\/satu-mare\/ortopedie\/"]}]},{"@type":"ImageObject","inLanguage":"en-US","@id":"https:\/\/anastasios.ro\/satu-mare\/ortopedie\/#primaryimage","url":"https:\/\/anastasios.ro\/satu-mare\/wp-content\/uploads\/2025\/05\/ortopedie-anastasios-satu-mare.jpg","contentUrl":"https:\/\/anastasios.ro\/satu-mare\/wp-content\/uploads\/2025\/05\/ortopedie-anastasios-satu-mare.jpg","width":600,"height":600,"caption":"ortopedie anastasios satu mare"},{"@type":"BreadcrumbList","@id":"https:\/\/anastasios.ro\/satu-mare\/ortopedie\/#breadcrumb","itemListElement":[{"@type":"ListItem","position":1,"name":"Home","item":"https:\/\/anastasios.ro\/satu-mare\/"},{"@type":"ListItem","position":2,"name":"Ortopedie"}]},{"@type":"WebSite","@id":"https:\/\/anastasios.ro\/satu-mare\/#website","url":"https:\/\/anastasios.ro\/satu-mare\/","name":"Centrul Medical Anastasios Satu Mare","description":"","publisher":{"@id":"https:\/\/anastasios.ro\/satu-mare\/#organization"},"potentialAction":[{"@type":"SearchAction","target":{"@type":"EntryPoint","urlTemplate":"https:\/\/anastasios.ro\/satu-mare\/?s={search_term_string}"},"query-input":{"@type":"PropertyValueSpecification","valueRequired":true,"valueName":"search_term_string"}}],"inLanguage":"en-US"},{"@type":"Organization","@id":"https:\/\/anastasios.ro\/satu-mare\/#organization","name":"Centrul Medical Anastasios Satu Mare","url":"https:\/\/anastasios.ro\/satu-mare\/","logo":{"@type":"ImageObject","inLanguage":"en-US","@id":"https:\/\/anastasios.ro\/satu-mare\/#\/schema\/logo\/image\/","url":"https:\/\/anastasios.ro\/satu-mare\/wp-content\/uploads\/2025\/05\/clinica-anastaios-medical-satu-mare-logo.svg","contentUrl":"https:\/\/anastasios.ro\/satu-mare\/wp-content\/uploads\/2025\/05\/clinica-anastaios-medical-satu-mare-logo.svg","width":605,"height":171,"caption":"Centrul Medical Anastasios Satu Mare"},"image":{"@id":"https:\/\/anastasios.ro\/satu-mare\/#\/schema\/logo\/image\/"}}]}},"_links":{"self":[{"href":"https:\/\/anastasios.ro\/satu-mare\/wp-json\/wp\/v2\/pages\/2598","targetHints":{"allow":["GET"]}}],"collection":[{"href":"https:\/\/anastasios.ro\/satu-mare\/wp-json\/wp\/v2\/pages"}],"about":[{"href":"https:\/\/anastasios.ro\/satu-mare\/wp-json\/wp\/v2\/types\/page"}],"author":[{"embeddable":true,"href":"https:\/\/anastasios.ro\/satu-mare\/wp-json\/wp\/v2\/users\/1"}],"replies":[{"embeddable":true,"href":"https:\/\/anastasios.ro\/satu-mare\/wp-json\/wp\/v2\/comments?post=2598"}],"version-history":[{"count":9,"href":"https:\/\/anastasios.ro\/satu-mare\/wp-json\/wp\/v2\/pages\/2598\/revisions"}],"predecessor-version":[{"id":3071,"href":"https:\/\/anastasios.ro\/satu-mare\/wp-json\/wp\/v2\/pages\/2598\/revisions\/3071"}],"wp:featuredmedia":[{"embeddable":true,"href":"https:\/\/anastasios.ro\/satu-mare\/wp-json\/wp\/v2\/media\/2562"}],"wp:attachment":[{"href":"https:\/\/anastasios.ro\/satu-mare\/wp-json\/wp\/v2\/media?parent=2598"}],"curies":[{"name":"wp","href":"https:\/\/api.w.org\/{rel}","templated":true}]}}