{"id":79,"date":"2021-11-11T15:54:55","date_gmt":"2021-11-11T12:54:55","guid":{"rendered":"https:\/\/anastasios.ro\/baia-mare\/?page_id=79"},"modified":"2025-06-26T17:53:18","modified_gmt":"2025-06-26T14:53:18","slug":"despre-noi","status":"publish","type":"page","link":"https:\/\/anastasios.ro\/baia-mare\/despre-noi\/","title":{"rendered":"Despre Noi"},"content":{"rendered":"<div class=\"gb-container gb-container-d946bbc6\"><div class=\"gb-inside-container\">\n\n<h1 class=\"gb-headline gb-headline-3199ad2d gb-headline-text\">Despre noi<\/h1>\n\n\n\n<div class=\"line-separator\"><\/div>\n\n\n\n<h2 class=\"gb-headline gb-headline-34044221 gb-headline-text\"><strong><strong>Pacien\u021bii \u0219i s\u0103n\u0103tatea lor, \u00eentotdeauna \u00een centrul aten\u021biei noastre<\/strong><\/strong><\/h2>\n\n\n\n<p>Clinicile Anastasios au fost deschise cu scopul de a crea un nou concept \u00een domeniul \u00eengrijirilor ambulatorii din Romania, ridic\u00e2nd standardul serviciilor medicale la un nivel excep\u021bional.<\/p>\n\n\n\n<p>Ast\u0103zi ne m\u00e2ndrim cu o echip\u0103 de peste 150 de medici primari \u0219i speciali\u0219ti, asistente medicale, secretare medicale \u0219i al\u021bi colegi din toata re\u021beaua Anastasios care se asigur\u0103 \u00een fiecare zi de confortul pacien\u021bilor no\u0219tri.<\/p>\n\n\n\n<p>Lucr\u0103m intens \u0219i atent pentru ca&nbsp;pacien\u021bii no\u0219tri s\u0103 aib\u0103&nbsp;o experien\u021b\u0103 pl\u0103cut\u0103, pozitiv\u0103 \u0219i complet\u0103:<\/p>\n\n\n\n<ul class=\"wp-block-list list-number-elements\">\n<li>Suntem mereu aten\u021bi la p\u0103rerea \u0219i opiniile tale;<\/li>\n\n\n\n<li>Vei fi implicat \u00een alegerile de \u00eengrijire \u0219i tratament;<\/li>\n\n\n\n<li>E\u0219ti tot timpul binevenit \u0219i te vei sim\u021bi relaxat \u0219i \u00eengrijit;<\/li>\n\n\n\n<li>Vei \u00eent\u00e2lni o echip\u0103 de medici cu experien\u021b\u0103 \u0219i foarte califica\u021bi.<\/li>\n<\/ul>\n\n\n\n<div style=\"height:16px\" aria-hidden=\"true\" class=\"wp-block-spacer\"><\/div>\n\n\n\n<h2 class=\"gb-headline gb-headline-d3fde541 gb-headline-text\"><strong>Misiune \u0219i Viziune<\/strong><\/h2>\n\n\n\n<p>Vrem s\u0103 ajut\u0103m fiecare pacient care ne trece pragul s\u0103 ob\u021bin\u0103 starea de s\u0103n\u0103tate dorit\u0103 printr-un diagnostic corect \u0219i un tratament \u021bintit.<\/p>\n\n\n<div class=\"gb-grid-wrapper gb-grid-wrapper-7a1c193e\">\n<div class=\"gb-grid-column gb-grid-column-4457ebb6\"><div class=\"gb-container gb-container-4457ebb6 contaier-box-with-shadow\"><div class=\"gb-inside-container\">\n<div class=\"gb-container gb-container-db999ad6\"><div class=\"gb-inside-container\">\n\n<figure class=\"wp-block-image size-full container-image-with-shadow\"><img loading=\"lazy\" decoding=\"async\" width=\"600\" height=\"900\" src=\"https:\/\/anastasios.ro\/cluj\/wp-content\/uploads\/2024\/03\/Dr.-Iustinian-Ioachim-Simion-medic-specialist-neurochirurgie.jpg\" alt=\"Dr.-Iustinian-Ioachim-Simion-medic-specialist-neurochirurgie\" class=\"wp-image-2517\" srcset=\"https:\/\/anastasios.ro\/baia-mare\/wp-content\/uploads\/2024\/03\/Dr.-Iustinian-Ioachim-Simion-medic-specialist-neurochirurgie.jpg 600w, https:\/\/anastasios.ro\/baia-mare\/wp-content\/uploads\/2024\/03\/Dr.-Iustinian-Ioachim-Simion-medic-specialist-neurochirurgie-200x300.jpg 200w\" sizes=\"auto, (max-width: 600px) 100vw, 600px\" \/><\/figure>\n\n<\/div><\/div>\n\n\n<div style=\"height:12px\" aria-hidden=\"true\" class=\"wp-block-spacer\"><\/div>\n\n<\/div><\/div><\/div>\n\n<div class=\"gb-grid-column gb-grid-column-ff1cb5ef\"><div class=\"gb-container gb-container-ff1cb5ef\"><div class=\"gb-inside-container\">\n\n<p>Zilnic, schimb\u0103m modul \u00een care serviciile medicale sunt practicate \u00een Rom\u00e2nia, mut\u00e2nd aten\u021bia exclusiv c\u0103tre pacient, oferindu-i at\u00e2t \u00eengrijire medical\u0103 de \u00eenalt\u0103 calitate, c\u00e2t \u0219i empatie, \u00eencurajare si \u00eencredere c\u0103 \u00eempreun\u0103 vom g\u0103si solu\u021bia problemelor sale.<br><br><strong>Dr. Iustinian-Ioachim Simion, Fondator Anastasios Medical<\/strong><\/p>\n\n<\/div><\/div><\/div>\n<\/div>\n<\/div><\/div>\n\n\n<div style=\"height:32px\" aria-hidden=\"true\" class=\"wp-block-spacer\"><\/div>\n\n\n<div class=\"gb-container gb-container-b5315a12\"><div class=\"gb-inside-container\">\n<div class=\"gb-grid-wrapper gb-grid-wrapper-bbefdd53\">\n<div class=\"gb-grid-column gb-grid-column-79ec7d7a\"><div class=\"gb-container gb-container-79ec7d7a\"><div class=\"gb-inside-container\">\n\n<h3 class=\"gb-headline gb-headline-ef2486b8 gb-headline-text\"><strong>Clinica noastr\u0103<\/strong><\/h3>\n\n\n\n<p class=\"has-text-align-center\">Clinica noastr\u0103 din Baia Mare este un centru medical de ultim\u0103 genera\u021bie dotat cu cea mai nou\u0103 tehnologie, capabil s\u0103 r\u0103spund\u0103 tuturor nevoilor dumneavoastr\u0103.<\/p>\n\n<\/div><\/div><\/div>\n\n<div class=\"gb-grid-column gb-grid-column-33b57dff\"><div class=\"gb-container gb-container-33b57dff\"><div class=\"gb-inside-container\">\n\n<figure class=\"wp-block-embed is-type-video is-provider-youtube wp-block-embed-youtube wp-embed-aspect-16-9 wp-has-aspect-ratio\"><div class=\"wp-block-embed__wrapper\">\n<div class=\"epyt-video-wrapper\"><div  id=\"_ytid_44290\"  width=\"1200\" height=\"675\"  data-origwidth=\"1200\" data-origheight=\"675\"  data-relstop=\"1\" data-facadesrc=\"https:\/\/www.youtube.com\/embed\/4Y_mMs2WK7A?enablejsapi=1&#038;autoplay=0&#038;cc_load_policy=0&#038;cc_lang_pref=&#038;iv_load_policy=1&#038;loop=0&#038;rel=0&#038;fs=1&#038;playsinline=0&#038;autohide=2&#038;theme=dark&#038;color=red&#038;controls=1&#038;disablekb=0&#038;\" class=\"__youtube_prefs__ epyt-facade epyt-is-override  no-lazyload\" data-epautoplay=\"1\" ><img decoding=\"async\" data-spai-excluded=\"true\" class=\"epyt-facade-poster skip-lazy\" loading=\"lazy\"  alt=\"YouTube player\"  src=\"https:\/\/i.ytimg.com\/vi\/4Y_mMs2WK7A\/maxresdefault.jpg\"  \/><button class=\"epyt-facade-play\" aria-label=\"Play\"><svg data-no-lazy=\"1\" height=\"100%\" version=\"1.1\" viewBox=\"0 0 68 48\" width=\"100%\"><path class=\"ytp-large-play-button-bg\" d=\"M66.52,7.74c-0.78-2.93-2.49-5.41-5.42-6.19C55.79,.13,34,0,34,0S12.21,.13,6.9,1.55 C3.97,2.33,2.27,4.81,1.48,7.74C0.06,13.05,0,24,0,24s0.06,10.95,1.48,16.26c0.78,2.93,2.49,5.41,5.42,6.19 C12.21,47.87,34,48,34,48s21.79-0.13,27.1-1.55c2.93-0.78,4.64-3.26,5.42-6.19C67.94,34.95,68,24,68,24S67.94,13.05,66.52,7.74z\" fill=\"#f00\"><\/path><path d=\"M 45,24 27,14 27,34\" fill=\"#fff\"><\/path><\/svg><\/button><\/div><\/div>\n<\/div><\/figure>\n\n<\/div><\/div><\/div>\n<\/div>\n<\/div><\/div>\n\n\n<div style=\"height:48px\" aria-hidden=\"true\" class=\"wp-block-spacer\"><\/div>\n\n\n<div class=\"gb-container gb-container-ed0e9394\"><div class=\"gb-inside-container\">\n<div class=\"gb-grid-wrapper gb-grid-wrapper-7a2807ee\">\n<div class=\"gb-grid-column gb-grid-column-535d39eb\"><div class=\"gb-container gb-container-535d39eb\"><div class=\"gb-inside-container\">\n\n<h3 class=\"gb-headline gb-headline-c4a19f38 gb-headline-text\"><strong>De ce Anastasios Medical?<\/strong><\/h3>\n\n\n\n<ul class=\"wp-block-list list-number-elements\">\n<li>Atitudinea fa\u021b\u0103 de pacien\u021bi;<\/li>\n\n\n\n<li>Diagnosticare interdisciplinar\u0103, echipe medicale care lucreaz\u0103 \u00eempreun\u0103 pentru pacient.<\/li>\n\n\n\n<li>Investiga\u021bii \u0219i tratamente moderne, minim-invazive, f\u0103r\u0103 spitalizare;<\/li>\n\n\n\n<li>Promptitudine \u0219i flexibilitate \u00een program\u0103ri;<\/li>\n\n\n\n<li>Echip\u0103 numeroas\u0103 de medici cu experien\u021b\u0103;<\/li>\n\n\n\n<li>O clinic\u0103 unde cur\u0103\u021benia \u0219i regulile de igien\u0103 sunt respectate.<\/li>\n<\/ul>\n\n<\/div><\/div><\/div>\n\n<div class=\"gb-grid-column gb-grid-column-3b72c893\"><div class=\"gb-container gb-container-3b72c893\"><div class=\"gb-inside-container\">\n\n<figure class=\"wp-block-image size-large\"><img loading=\"lazy\" decoding=\"async\" width=\"1024\" height=\"512\" src=\"https:\/\/anastasios.ro\/baia-mare\/wp-content\/uploads\/2022\/01\/servicii-medicale-de-specialitate-anastasios-cluj-1024x512.webp\" alt=\"\" class=\"wp-image-1082\" srcset=\"https:\/\/anastasios.ro\/baia-mare\/wp-content\/uploads\/2022\/01\/servicii-medicale-de-specialitate-anastasios-cluj-1024x512.webp 1024w, https:\/\/anastasios.ro\/baia-mare\/wp-content\/uploads\/2022\/01\/servicii-medicale-de-specialitate-anastasios-cluj-300x150.webp 300w, https:\/\/anastasios.ro\/baia-mare\/wp-content\/uploads\/2022\/01\/servicii-medicale-de-specialitate-anastasios-cluj-768x384.webp 768w, https:\/\/anastasios.ro\/baia-mare\/wp-content\/uploads\/2022\/01\/servicii-medicale-de-specialitate-anastasios-cluj.webp 1200w\" sizes=\"auto, (max-width: 1024px) 100vw, 1024px\" \/><\/figure>\n\n<\/div><\/div><\/div>\n<\/div>\n<\/div><\/div>\n\n\n<div style=\"height:32px\" aria-hidden=\"true\" class=\"wp-block-spacer\"><\/div>\n\n\n<div class=\"gb-container gb-container-4026150c\"><div class=\"gb-inside-container\">\n<div class=\"gb-grid-wrapper gb-grid-wrapper-8c6f9912\">\n<div class=\"gb-grid-column gb-grid-column-4ec09ce5\"><div class=\"gb-container gb-container-4ec09ce5\"><div class=\"gb-inside-container\">\n\n<h4 class=\"gb-headline gb-headline-8d0f22bf\"><span class=\"gb-icon\"><svg aria-hidden=\"true\" role=\"img\" height=\"1em\" width=\"1em\" viewBox=\"0 0 384 512\" xmlns=\"http:\/\/www.w3.org\/2000\/svg\"><path fill=\"currentColor\" d=\"M97.12 362.63c-8.69-8.69-4.16-6.24-25.12-11.85-9.51-2.55-17.87-7.45-25.43-13.32L1.2 448.7c-4.39 10.77 3.81 22.47 15.43 22.03l52.69-2.01L105.56 507c8 8.44 22.04 5.81 26.43-4.96l52.05-127.62c-10.84 6.04-22.87 9.58-35.31 9.58-19.5 0-37.82-7.59-51.61-21.37zM382.8 448.7l-45.37-111.24c-7.56 5.88-15.92 10.77-25.43 13.32-21.07 5.64-16.45 3.18-25.12 11.85-13.79 13.78-32.12 21.37-51.62 21.37-12.44 0-24.47-3.55-35.31-9.58L252 502.04c4.39 10.77 18.44 13.4 26.43 4.96l36.25-38.28 52.69 2.01c11.62.44 19.82-11.27 15.43-22.03zM263 340c15.28-15.55 17.03-14.21 38.79-20.14 13.89-3.79 24.75-14.84 28.47-28.98 7.48-28.4 5.54-24.97 25.95-45.75 10.17-10.35 14.14-25.44 10.42-39.58-7.47-28.38-7.48-24.42 0-52.83 3.72-14.14-.25-29.23-10.42-39.58-20.41-20.78-18.47-17.36-25.95-45.75-3.72-14.14-14.58-25.19-28.47-28.98-27.88-7.61-24.52-5.62-44.95-26.41-10.17-10.35-25-14.4-38.89-10.61-27.87 7.6-23.98 7.61-51.9 0-13.89-3.79-28.72.25-38.89 10.61-20.41 20.78-17.05 18.8-44.94 26.41-13.89 3.79-24.75 14.84-28.47 28.98-7.47 28.39-5.54 24.97-25.95 45.75-10.17 10.35-14.15 25.44-10.42 39.58 7.47 28.36 7.48 24.4 0 52.82-3.72 14.14.25 29.23 10.42 39.59 20.41 20.78 18.47 17.35 25.95 45.75 3.72 14.14 14.58 25.19 28.47 28.98C104.6 325.96 106.27 325 121 340c13.23 13.47 33.84 15.88 49.74 5.82a39.676 39.676 0 0 1 42.53 0c15.89 10.06 36.5 7.65 49.73-5.82zM97.66 175.96c0-53.03 42.24-96.02 94.34-96.02s94.34 42.99 94.34 96.02-42.24 96.02-94.34 96.02-94.34-42.99-94.34-96.02z\"><\/path><\/svg><\/span><span class=\"gb-headline-text\"><strong>Inovare<\/strong><\/span><\/h4>\n\n\n\n<p class=\"has-text-align-center has-medium-font-size\">\u00cembr\u0103\u021bi\u0219\u0103m schimbarea, \u00eencuraj\u0103m inven\u021bia \u0219i r\u0103m\u00e2nem continuu \u00een fruntea progreselor \u00een fiecare specializare oferit\u0103, pentru binele pacien\u021bilor no\u0219tri<\/p>\n\n<\/div><\/div><\/div>\n\n<div class=\"gb-grid-column gb-grid-column-aeda7d07\"><div class=\"gb-container gb-container-aeda7d07\"><div class=\"gb-inside-container\">\n\n<h4 class=\"gb-headline gb-headline-65d83d1a\"><span class=\"gb-icon\"><svg aria-hidden=\"true\" role=\"img\" height=\"1em\" width=\"1em\" viewBox=\"0 0 512 512\" xmlns=\"http:\/\/www.w3.org\/2000\/svg\"><path fill=\"currentColor\" d=\"M462.3 62.6C407.5 15.9 326 24.3 275.7 76.2L256 96.5l-19.7-20.3C186.1 24.3 104.5 15.9 49.7 62.6c-62.8 53.6-66.1 149.8-9.9 207.9l193.5 199.8c12.5 12.9 32.8 12.9 45.3 0l193.5-199.8c56.3-58.1 53-154.3-9.8-207.9z\"><\/path><\/svg><\/span><span class=\"gb-headline-text\"><strong>Compasiune<\/strong><\/span><\/h4>\n\n\n\n<p class=\"has-text-align-center has-medium-font-size\">Ne pas\u0103 de to\u021bi pacien\u021bii no\u0219tri. Ne pas\u0103 de \u00eengrijor\u0103rile \u0219i problemele dumneavoastr\u0103. Ca \u0219i pacient \u00een clinica noastr\u0103, v\u0103 garant\u0103m c\u0103 ve\u021bi primi o \u00eengrijire personalizat\u0103, accesibil\u0103 \u0219i atent\u0103.<\/p>\n\n<\/div><\/div><\/div>\n\n<div class=\"gb-grid-column gb-grid-column-f5485200\"><div class=\"gb-container gb-container-f5485200\"><div class=\"gb-inside-container\">\n\n<h4 class=\"gb-headline gb-headline-e2fd3a03\"><span class=\"gb-icon\"><svg aria-hidden=\"true\" role=\"img\" height=\"1em\" width=\"1em\" viewBox=\"0 0 496 512\" xmlns=\"http:\/\/www.w3.org\/2000\/svg\"><path fill=\"currentColor\" d=\"M248 8C111 8 0 119 0 256s111 248 248 248 248-111 248-248S385 8 248 8zm0 96c48.6 0 88 39.4 88 88s-39.4 88-88 88-88-39.4-88-88 39.4-88 88-88zm0 344c-58.7 0-111.3-26.6-146.5-68.2 18.8-35.4 55.6-59.8 98.5-59.8 2.4 0 4.8.4 7.1 1.1 13 4.2 26.6 6.9 40.9 6.9 14.3 0 28-2.7 40.9-6.9 2.3-.7 4.7-1.1 7.1-1.1 42.9 0 79.7 24.4 98.5 59.8C359.3 421.4 306.7 448 248 448z\"><\/path><\/svg><\/span><span class=\"gb-headline-text\"><strong>Integritate<\/strong><\/span><\/h4>\n\n\n\n<p class=\"has-text-align-center has-medium-font-size\">Respect\u0103m standarde etice \u0219i profesionale ridicate, demonstr\u0103m angajamentul fa\u021b\u0103 de responsabilit\u0103\u021bile noastre cu \u00eencredere, onestitate \u0219i respect pentru to\u021bi pacien\u021bii.<\/p>\n\n<\/div><\/div><\/div>\n<\/div>\n<\/div><\/div>","protected":false},"excerpt":{"rendered":"<p>Despre noi Pacien\u021bii \u0219i s\u0103n\u0103tatea lor, \u00eentotdeauna \u00een centrul aten\u021biei noastre Clinicile Anastasios au fost deschise cu scopul de a crea un nou concept \u00een domeniul \u00eengrijirilor ambulatorii din Romania, ridic\u00e2nd standardul serviciilor medicale la un nivel excep\u021bional. Ast\u0103zi ne m\u00e2ndrim cu o echip\u0103 de peste 150 de medici primari \u0219i speciali\u0219ti, asistente medicale, secretare &#8230; <a title=\"Despre Noi\" class=\"read-more\" href=\"https:\/\/anastasios.ro\/baia-mare\/despre-noi\/\" aria-label=\"Read more about Despre Noi\">Read more<\/a><\/p>\n","protected":false},"author":1,"featured_media":2668,"parent":0,"menu_order":0,"comment_status":"closed","ping_status":"closed","template":"","meta":{"inline_featured_image":false,"footnotes":""},"class_list":["post-79","page","type-page","status-publish","has-post-thumbnail"],"yoast_head":"<!-- This site is optimized with the Yoast SEO plugin v27.3 - https:\/\/yoast.com\/product\/yoast-seo-wordpress\/ -->\n<title>Despre Noi | Clinica Anastasios Baia Mare<\/title>\n<meta name=\"description\" content=\"Schimb\u0103m modul \u00een care serviciile medicale sunt practicate \u00een Rom\u00e2nia, mut\u00e2nd aten\u021bia exclusiv c\u0103tre pacient. F\u0103-\u021bi o programare ast\u0103zi!\" \/>\n<meta name=\"robots\" content=\"index, follow, max-snippet:-1, max-image-preview:large, max-video-preview:-1\" \/>\n<link rel=\"canonical\" href=\"https:\/\/anastasios.ro\/baia-mare\/despre-noi\/\" \/>\n<meta property=\"og:locale\" content=\"en_US\" \/>\n<meta property=\"og:type\" content=\"article\" \/>\n<meta property=\"og:title\" content=\"Despre Noi | Clinica Anastasios Baia Mare\" \/>\n<meta property=\"og:description\" content=\"Schimb\u0103m modul \u00een care serviciile medicale sunt practicate \u00een Rom\u00e2nia, mut\u00e2nd aten\u021bia exclusiv c\u0103tre pacient. F\u0103-\u021bi o programare ast\u0103zi!\" \/>\n<meta property=\"og:url\" content=\"https:\/\/anastasios.ro\/baia-mare\/despre-noi\/\" \/>\n<meta property=\"og:site_name\" content=\"Centrul Medical Anastasios Baia Mare\" \/>\n<meta property=\"article:modified_time\" content=\"2025-06-26T14:53:18+00:00\" \/>\n<meta property=\"og:image\" content=\"https:\/\/anastasios.ro\/baia-mare\/wp-content\/uploads\/2024\/09\/despre-noi-clinica-anastasios-baia-mare.jpg\" \/>\n\t<meta property=\"og:image:width\" content=\"800\" \/>\n\t<meta property=\"og:image:height\" content=\"800\" \/>\n\t<meta property=\"og:image:type\" content=\"image\/jpeg\" \/>\n<meta name=\"twitter:card\" content=\"summary_large_image\" \/>\n<meta name=\"twitter:label1\" content=\"Est. reading time\" \/>\n\t<meta name=\"twitter:data1\" content=\"3 minutes\" \/>\n<script type=\"application\/ld+json\" class=\"yoast-schema-graph\">{\"@context\":\"https:\\\/\\\/schema.org\",\"@graph\":[{\"@type\":\"WebPage\",\"@id\":\"https:\\\/\\\/anastasios.ro\\\/baia-mare\\\/despre-noi\\\/\",\"url\":\"https:\\\/\\\/anastasios.ro\\\/baia-mare\\\/despre-noi\\\/\",\"name\":\"Despre Noi | Clinica Anastasios Baia Mare\",\"isPartOf\":{\"@id\":\"https:\\\/\\\/anastasios.ro\\\/baia-mare\\\/#website\"},\"primaryImageOfPage\":{\"@id\":\"https:\\\/\\\/anastasios.ro\\\/baia-mare\\\/despre-noi\\\/#primaryimage\"},\"image\":{\"@id\":\"https:\\\/\\\/anastasios.ro\\\/baia-mare\\\/despre-noi\\\/#primaryimage\"},\"thumbnailUrl\":\"https:\\\/\\\/anastasios.ro\\\/baia-mare\\\/wp-content\\\/uploads\\\/2024\\\/09\\\/despre-noi-clinica-anastasios-baia-mare.jpg\",\"datePublished\":\"2021-11-11T12:54:55+00:00\",\"dateModified\":\"2025-06-26T14:53:18+00:00\",\"description\":\"Schimb\u0103m modul \u00een care serviciile medicale sunt practicate \u00een Rom\u00e2nia, mut\u00e2nd aten\u021bia exclusiv c\u0103tre pacient. F\u0103-\u021bi o programare ast\u0103zi!\",\"breadcrumb\":{\"@id\":\"https:\\\/\\\/anastasios.ro\\\/baia-mare\\\/despre-noi\\\/#breadcrumb\"},\"inLanguage\":\"en-US\",\"potentialAction\":[{\"@type\":\"ReadAction\",\"target\":[\"https:\\\/\\\/anastasios.ro\\\/baia-mare\\\/despre-noi\\\/\"]}]},{\"@type\":\"ImageObject\",\"inLanguage\":\"en-US\",\"@id\":\"https:\\\/\\\/anastasios.ro\\\/baia-mare\\\/despre-noi\\\/#primaryimage\",\"url\":\"https:\\\/\\\/anastasios.ro\\\/baia-mare\\\/wp-content\\\/uploads\\\/2024\\\/09\\\/despre-noi-clinica-anastasios-baia-mare.jpg\",\"contentUrl\":\"https:\\\/\\\/anastasios.ro\\\/baia-mare\\\/wp-content\\\/uploads\\\/2024\\\/09\\\/despre-noi-clinica-anastasios-baia-mare.jpg\",\"width\":800,\"height\":800},{\"@type\":\"BreadcrumbList\",\"@id\":\"https:\\\/\\\/anastasios.ro\\\/baia-mare\\\/despre-noi\\\/#breadcrumb\",\"itemListElement\":[{\"@type\":\"ListItem\",\"position\":1,\"name\":\"Home\",\"item\":\"https:\\\/\\\/anastasios.ro\\\/baia-mare\\\/\"},{\"@type\":\"ListItem\",\"position\":2,\"name\":\"Despre Noi\"}]},{\"@type\":\"WebSite\",\"@id\":\"https:\\\/\\\/anastasios.ro\\\/baia-mare\\\/#website\",\"url\":\"https:\\\/\\\/anastasios.ro\\\/baia-mare\\\/\",\"name\":\"Centrul Medical Anastasios Baia Mare\",\"description\":\"\",\"publisher\":{\"@id\":\"https:\\\/\\\/anastasios.ro\\\/baia-mare\\\/#organization\"},\"potentialAction\":[{\"@type\":\"SearchAction\",\"target\":{\"@type\":\"EntryPoint\",\"urlTemplate\":\"https:\\\/\\\/anastasios.ro\\\/baia-mare\\\/?s={search_term_string}\"},\"query-input\":{\"@type\":\"PropertyValueSpecification\",\"valueRequired\":true,\"valueName\":\"search_term_string\"}}],\"inLanguage\":\"en-US\"},{\"@type\":\"Organization\",\"@id\":\"https:\\\/\\\/anastasios.ro\\\/baia-mare\\\/#organization\",\"name\":\"Centrul Medical Anastasios Baia Mare\",\"url\":\"https:\\\/\\\/anastasios.ro\\\/baia-mare\\\/\",\"logo\":{\"@type\":\"ImageObject\",\"inLanguage\":\"en-US\",\"@id\":\"https:\\\/\\\/anastasios.ro\\\/baia-mare\\\/#\\\/schema\\\/logo\\\/image\\\/\",\"url\":\"https:\\\/\\\/anastasios.ro\\\/baia-mare\\\/wp-content\\\/uploads\\\/2025\\\/05\\\/clinica-anastaios-medical-baia-mare-logo.svg\",\"contentUrl\":\"https:\\\/\\\/anastasios.ro\\\/baia-mare\\\/wp-content\\\/uploads\\\/2025\\\/05\\\/clinica-anastaios-medical-baia-mare-logo.svg\",\"width\":605,\"height\":171,\"caption\":\"Centrul Medical Anastasios Baia Mare\"},\"image\":{\"@id\":\"https:\\\/\\\/anastasios.ro\\\/baia-mare\\\/#\\\/schema\\\/logo\\\/image\\\/\"}}]}<\/script>\n<!-- \/ Yoast SEO plugin. -->","yoast_head_json":{"title":"Despre Noi | Clinica Anastasios Baia Mare","description":"Schimb\u0103m modul \u00een care serviciile medicale sunt practicate \u00een Rom\u00e2nia, mut\u00e2nd aten\u021bia exclusiv c\u0103tre pacient. F\u0103-\u021bi o programare ast\u0103zi!","robots":{"index":"index","follow":"follow","max-snippet":"max-snippet:-1","max-image-preview":"max-image-preview:large","max-video-preview":"max-video-preview:-1"},"canonical":"https:\/\/anastasios.ro\/baia-mare\/despre-noi\/","og_locale":"en_US","og_type":"article","og_title":"Despre Noi | Clinica Anastasios Baia Mare","og_description":"Schimb\u0103m modul \u00een care serviciile medicale sunt practicate \u00een Rom\u00e2nia, mut\u00e2nd aten\u021bia exclusiv c\u0103tre pacient. F\u0103-\u021bi o programare ast\u0103zi!","og_url":"https:\/\/anastasios.ro\/baia-mare\/despre-noi\/","og_site_name":"Centrul Medical Anastasios Baia Mare","article_modified_time":"2025-06-26T14:53:18+00:00","og_image":[{"width":800,"height":800,"url":"https:\/\/anastasios.ro\/baia-mare\/wp-content\/uploads\/2024\/09\/despre-noi-clinica-anastasios-baia-mare.jpg","type":"image\/jpeg"}],"twitter_card":"summary_large_image","twitter_misc":{"Est. reading time":"3 minutes"},"schema":{"@context":"https:\/\/schema.org","@graph":[{"@type":"WebPage","@id":"https:\/\/anastasios.ro\/baia-mare\/despre-noi\/","url":"https:\/\/anastasios.ro\/baia-mare\/despre-noi\/","name":"Despre Noi | Clinica Anastasios Baia Mare","isPartOf":{"@id":"https:\/\/anastasios.ro\/baia-mare\/#website"},"primaryImageOfPage":{"@id":"https:\/\/anastasios.ro\/baia-mare\/despre-noi\/#primaryimage"},"image":{"@id":"https:\/\/anastasios.ro\/baia-mare\/despre-noi\/#primaryimage"},"thumbnailUrl":"https:\/\/anastasios.ro\/baia-mare\/wp-content\/uploads\/2024\/09\/despre-noi-clinica-anastasios-baia-mare.jpg","datePublished":"2021-11-11T12:54:55+00:00","dateModified":"2025-06-26T14:53:18+00:00","description":"Schimb\u0103m modul \u00een care serviciile medicale sunt practicate \u00een Rom\u00e2nia, mut\u00e2nd aten\u021bia exclusiv c\u0103tre pacient. F\u0103-\u021bi o programare ast\u0103zi!","breadcrumb":{"@id":"https:\/\/anastasios.ro\/baia-mare\/despre-noi\/#breadcrumb"},"inLanguage":"en-US","potentialAction":[{"@type":"ReadAction","target":["https:\/\/anastasios.ro\/baia-mare\/despre-noi\/"]}]},{"@type":"ImageObject","inLanguage":"en-US","@id":"https:\/\/anastasios.ro\/baia-mare\/despre-noi\/#primaryimage","url":"https:\/\/anastasios.ro\/baia-mare\/wp-content\/uploads\/2024\/09\/despre-noi-clinica-anastasios-baia-mare.jpg","contentUrl":"https:\/\/anastasios.ro\/baia-mare\/wp-content\/uploads\/2024\/09\/despre-noi-clinica-anastasios-baia-mare.jpg","width":800,"height":800},{"@type":"BreadcrumbList","@id":"https:\/\/anastasios.ro\/baia-mare\/despre-noi\/#breadcrumb","itemListElement":[{"@type":"ListItem","position":1,"name":"Home","item":"https:\/\/anastasios.ro\/baia-mare\/"},{"@type":"ListItem","position":2,"name":"Despre Noi"}]},{"@type":"WebSite","@id":"https:\/\/anastasios.ro\/baia-mare\/#website","url":"https:\/\/anastasios.ro\/baia-mare\/","name":"Centrul Medical Anastasios Baia Mare","description":"","publisher":{"@id":"https:\/\/anastasios.ro\/baia-mare\/#organization"},"potentialAction":[{"@type":"SearchAction","target":{"@type":"EntryPoint","urlTemplate":"https:\/\/anastasios.ro\/baia-mare\/?s={search_term_string}"},"query-input":{"@type":"PropertyValueSpecification","valueRequired":true,"valueName":"search_term_string"}}],"inLanguage":"en-US"},{"@type":"Organization","@id":"https:\/\/anastasios.ro\/baia-mare\/#organization","name":"Centrul Medical Anastasios Baia Mare","url":"https:\/\/anastasios.ro\/baia-mare\/","logo":{"@type":"ImageObject","inLanguage":"en-US","@id":"https:\/\/anastasios.ro\/baia-mare\/#\/schema\/logo\/image\/","url":"https:\/\/anastasios.ro\/baia-mare\/wp-content\/uploads\/2025\/05\/clinica-anastaios-medical-baia-mare-logo.svg","contentUrl":"https:\/\/anastasios.ro\/baia-mare\/wp-content\/uploads\/2025\/05\/clinica-anastaios-medical-baia-mare-logo.svg","width":605,"height":171,"caption":"Centrul Medical Anastasios Baia Mare"},"image":{"@id":"https:\/\/anastasios.ro\/baia-mare\/#\/schema\/logo\/image\/"}}]}},"_links":{"self":[{"href":"https:\/\/anastasios.ro\/baia-mare\/wp-json\/wp\/v2\/pages\/79","targetHints":{"allow":["GET"]}}],"collection":[{"href":"https:\/\/anastasios.ro\/baia-mare\/wp-json\/wp\/v2\/pages"}],"about":[{"href":"https:\/\/anastasios.ro\/baia-mare\/wp-json\/wp\/v2\/types\/page"}],"author":[{"embeddable":true,"href":"https:\/\/anastasios.ro\/baia-mare\/wp-json\/wp\/v2\/users\/1"}],"replies":[{"embeddable":true,"href":"https:\/\/anastasios.ro\/baia-mare\/wp-json\/wp\/v2\/comments?post=79"}],"version-history":[{"count":29,"href":"https:\/\/anastasios.ro\/baia-mare\/wp-json\/wp\/v2\/pages\/79\/revisions"}],"predecessor-version":[{"id":2881,"href":"https:\/\/anastasios.ro\/baia-mare\/wp-json\/wp\/v2\/pages\/79\/revisions\/2881"}],"wp:featuredmedia":[{"embeddable":true,"href":"https:\/\/anastasios.ro\/baia-mare\/wp-json\/wp\/v2\/media\/2668"}],"wp:attachment":[{"href":"https:\/\/anastasios.ro\/baia-mare\/wp-json\/wp\/v2\/media?parent=79"}],"curies":[{"name":"wp","href":"https:\/\/api.w.org\/{rel}","templated":true}]}}