{"id":76,"date":"2021-11-11T15:54:27","date_gmt":"2021-11-11T12:54:27","guid":{"rendered":"https:\/\/anastasios.ro\/bacau\/?page_id=76"},"modified":"2025-02-07T14:17:54","modified_gmt":"2025-02-07T11:17:54","slug":"contact","status":"publish","type":"page","link":"https:\/\/anastasios.ro\/bacau\/contact\/","title":{"rendered":"Contact"},"content":{"rendered":"<div class=\"gb-container gb-container-3d2662de\"><div class=\"gb-inside-container\">\n\n<h1 class=\"gb-headline gb-headline-8b4a57d4 gb-headline-text\">Contact<\/h1>\n\n\n\n<div class=\"line-separator\"><\/div>\n\n\n\n<h2 class=\"gb-headline gb-headline-b27ca614 gb-headline-text\"><strong>Centrul Medical Anastasios Bac<meta charset=\"utf-8\"><strong>\u0103<\/strong><meta charset=\"utf-8\">u<\/strong><\/h2>\n\n\n\n<div style=\"height:32px\" aria-hidden=\"true\" class=\"wp-block-spacer\"><\/div>\n\n\n<div class=\"gb-grid-wrapper gb-grid-wrapper-081c2f23\">\n<div class=\"gb-grid-column gb-grid-column-b488ed3b\"><div class=\"gb-container gb-container-b488ed3b\"><div class=\"gb-inside-container\">\n\n<h3 class=\"gb-headline gb-headline-204cd695 gb-headline-text\"><strong>Loca\u021bie clinic\u0103<\/strong><\/h3>\n\n\n\n<p class=\"has-text-align-center\">Strada Vadul Bistri\u021bei, num\u0103rul 29, vizavi de Patria Bank, l\u00e2ng\u0103 benzin\u0103ria MOL<\/p>\n\n<\/div><\/div><\/div>\n\n<div class=\"gb-grid-column gb-grid-column-15dfc9d5\"><div class=\"gb-container gb-container-15dfc9d5\"><div class=\"gb-inside-container\">\n\n<h2 class=\"gb-headline gb-headline-43a418ae gb-headline-text\"><strong>Program\u0103ri consulta\u021bii<\/strong><\/h2>\n\n\n\n<ul class=\"wp-block-list\">\n<li>Luni-Vineri: 8.00 \u2013 20.00 \u0219i S\u00e2mb\u0103t\u0103: 8.00 \u2013 14.00<\/li>\n\n\n\n<li><mark style=\"background-color:rgba(0, 0, 0, 0)\" class=\"has-inline-color has-global-color-8-color\"><a href=\"tel:0771547058\">0<\/a><\/mark><mark style=\"background-color:rgba(0, 0, 0, 0)\" class=\"has-inline-color has-contrast-color\"><a href=\"tel:0771547058\">771 547 058<\/a> sau <a href=\"tel:0771547114\">0771 547 114<\/a><\/mark><\/li>\n\n\n\n<li>contact.bc@anastasios.ro<\/li>\n<\/ul>\n\n<\/div><\/div><\/div>\n\n<div class=\"gb-grid-column gb-grid-column-7078f6eb\"><div class=\"gb-container gb-container-7078f6eb\"><div class=\"gb-inside-container\">\n\n<h3 class=\"gb-headline gb-headline-32715e87 gb-headline-text\"><strong>Program de lucru clinic\u0103<\/strong><\/h3>\n\n\n\n<ul class=\"wp-block-list\">\n<li>Luni-Vineri: 8.00 \u2013 20.00<\/li>\n\n\n\n<li>S\u00e2mb\u0103t\u0103: 8.00 \u2013 14.00<\/li>\n<\/ul>\n\n<\/div><\/div><\/div>\n<\/div>\n<\/div><\/div>\n\n\n<div style=\"height:32px\" aria-hidden=\"true\" class=\"wp-block-spacer\"><\/div>\n\n\n<div class=\"gb-container gb-container-c166d54b\"><div class=\"gb-inside-container\">\n\n<iframe src=\"https:\/\/www.google.com\/maps\/embed?pb=!1m18!1m12!1m3!1d2742.7215669122734!2d26.913777516087976!3d46.57297116679506!2m3!1f0!2f0!3f0!3m2!1i1024!2i768!4f13.1!3m3!1m2!1s0x40b5718ac19ab50d%3A0x13acc164526c3cf6!2sCentrul%20Medical%20Anastasios%20Bac%C4%83u!5e0!3m2!1sen!2sro!4v1638451092534!5m2!1sen!2sro\" width=\"1200\" height=\"900\" style=\"border:0;\" allowfullscreen=\"\" loading=\"lazy\"><\/iframe>\n\n<\/div><\/div>","protected":false},"excerpt":{"rendered":"<p>Contact Centrul Medical Anastasios Bac\u0103u<\/p>\n","protected":false},"author":1,"featured_media":613,"parent":0,"menu_order":0,"comment_status":"closed","ping_status":"closed","template":"","meta":{"inline_featured_image":false,"footnotes":""},"class_list":["post-76","page","type-page","status-publish","has-post-thumbnail"],"yoast_head":"<!-- This site is optimized with the Yoast SEO plugin v26.8 - https:\/\/yoast.com\/product\/yoast-seo-wordpress\/ -->\n<title>Contact | Clinica Anastasios Bac\u0103u<\/title>\n<meta name=\"description\" content=\"Ne g\u0103si\u021bi pe strada Vadul Bistri\u021bei, num\u0103rul 29, vizavi de Patria Bank, l\u00e2ng\u0103 benzin\u0103ria MOL. Pentru program\u0103ri, apela\u021bi 0771 547 058.\" \/>\n<meta name=\"robots\" content=\"index, follow, max-snippet:-1, max-image-preview:large, max-video-preview:-1\" \/>\n<link rel=\"canonical\" href=\"https:\/\/anastasios.ro\/bacau\/contact\/\" \/>\n<meta property=\"og:locale\" content=\"en_US\" \/>\n<meta property=\"og:type\" content=\"article\" \/>\n<meta property=\"og:title\" content=\"Contact | Clinica Anastasios Bac\u0103u\" \/>\n<meta property=\"og:description\" content=\"Ne g\u0103si\u021bi pe strada Vadul Bistri\u021bei, num\u0103rul 29, vizavi de Patria Bank, l\u00e2ng\u0103 benzin\u0103ria MOL. Pentru program\u0103ri, apela\u021bi 0771 547 058.\" \/>\n<meta property=\"og:url\" content=\"https:\/\/anastasios.ro\/bacau\/contact\/\" \/>\n<meta property=\"og:site_name\" content=\"Centrul Medical Anastasios Bacau\" \/>\n<meta property=\"article:modified_time\" content=\"2025-02-07T11:17:54+00:00\" \/>\n<meta property=\"og:image\" content=\"https:\/\/anastasios.ro\/bacau\/wp-content\/uploads\/2022\/03\/contact-clinica-anastasios-bacau.jpg\" \/>\n\t<meta property=\"og:image:width\" content=\"800\" \/>\n\t<meta property=\"og:image:height\" content=\"800\" \/>\n\t<meta property=\"og:image:type\" content=\"image\/jpeg\" \/>\n<meta name=\"twitter:card\" content=\"summary_large_image\" \/>\n<meta name=\"twitter:label1\" content=\"Est. reading time\" \/>\n\t<meta name=\"twitter:data1\" content=\"1 minute\" \/>\n<script type=\"application\/ld+json\" class=\"yoast-schema-graph\">{\"@context\":\"https:\/\/schema.org\",\"@graph\":[{\"@type\":\"WebPage\",\"@id\":\"https:\/\/anastasios.ro\/bacau\/contact\/\",\"url\":\"https:\/\/anastasios.ro\/bacau\/contact\/\",\"name\":\"Contact | Clinica Anastasios Bac\u0103u\",\"isPartOf\":{\"@id\":\"https:\/\/anastasios.ro\/bacau\/#website\"},\"primaryImageOfPage\":{\"@id\":\"https:\/\/anastasios.ro\/bacau\/contact\/#primaryimage\"},\"image\":{\"@id\":\"https:\/\/anastasios.ro\/bacau\/contact\/#primaryimage\"},\"thumbnailUrl\":\"https:\/\/anastasios.ro\/bacau\/wp-content\/uploads\/2022\/03\/contact-clinica-anastasios-bacau.jpg\",\"datePublished\":\"2021-11-11T12:54:27+00:00\",\"dateModified\":\"2025-02-07T11:17:54+00:00\",\"description\":\"Ne g\u0103si\u021bi pe strada Vadul Bistri\u021bei, num\u0103rul 29, vizavi de Patria Bank, l\u00e2ng\u0103 benzin\u0103ria MOL. Pentru program\u0103ri, apela\u021bi 0771 547 058.\",\"breadcrumb\":{\"@id\":\"https:\/\/anastasios.ro\/bacau\/contact\/#breadcrumb\"},\"inLanguage\":\"en-US\",\"potentialAction\":[{\"@type\":\"ReadAction\",\"target\":[\"https:\/\/anastasios.ro\/bacau\/contact\/\"]}]},{\"@type\":\"ImageObject\",\"inLanguage\":\"en-US\",\"@id\":\"https:\/\/anastasios.ro\/bacau\/contact\/#primaryimage\",\"url\":\"https:\/\/anastasios.ro\/bacau\/wp-content\/uploads\/2022\/03\/contact-clinica-anastasios-bacau.jpg\",\"contentUrl\":\"https:\/\/anastasios.ro\/bacau\/wp-content\/uploads\/2022\/03\/contact-clinica-anastasios-bacau.jpg\",\"width\":800,\"height\":800,\"caption\":\"contact clinica anastasios bacau\"},{\"@type\":\"BreadcrumbList\",\"@id\":\"https:\/\/anastasios.ro\/bacau\/contact\/#breadcrumb\",\"itemListElement\":[{\"@type\":\"ListItem\",\"position\":1,\"name\":\"Home\",\"item\":\"https:\/\/anastasios.ro\/bacau\/\"},{\"@type\":\"ListItem\",\"position\":2,\"name\":\"Contact\"}]},{\"@type\":\"WebSite\",\"@id\":\"https:\/\/anastasios.ro\/bacau\/#website\",\"url\":\"https:\/\/anastasios.ro\/bacau\/\",\"name\":\"Centrul Medical Anastasios Bacau\",\"description\":\"\",\"publisher\":{\"@id\":\"https:\/\/anastasios.ro\/bacau\/#organization\"},\"potentialAction\":[{\"@type\":\"SearchAction\",\"target\":{\"@type\":\"EntryPoint\",\"urlTemplate\":\"https:\/\/anastasios.ro\/bacau\/?s={search_term_string}\"},\"query-input\":{\"@type\":\"PropertyValueSpecification\",\"valueRequired\":true,\"valueName\":\"search_term_string\"}}],\"inLanguage\":\"en-US\"},{\"@type\":\"Organization\",\"@id\":\"https:\/\/anastasios.ro\/bacau\/#organization\",\"name\":\"Centrul Medical Anastasios Bacau\",\"url\":\"https:\/\/anastasios.ro\/bacau\/\",\"logo\":{\"@type\":\"ImageObject\",\"inLanguage\":\"en-US\",\"@id\":\"https:\/\/anastasios.ro\/bacau\/#\/schema\/logo\/image\/\",\"url\":\"https:\/\/anastasios.ro\/bacau\/wp-content\/uploads\/2021\/12\/anastasios_bacau_logo.svg\",\"contentUrl\":\"https:\/\/anastasios.ro\/bacau\/wp-content\/uploads\/2021\/12\/anastasios_bacau_logo.svg\",\"caption\":\"Centrul Medical Anastasios Bacau\"},\"image\":{\"@id\":\"https:\/\/anastasios.ro\/bacau\/#\/schema\/logo\/image\/\"}}]}<\/script>\n<!-- \/ Yoast SEO plugin. -->","yoast_head_json":{"title":"Contact | Clinica Anastasios Bac\u0103u","description":"Ne g\u0103si\u021bi pe strada Vadul Bistri\u021bei, num\u0103rul 29, vizavi de Patria Bank, l\u00e2ng\u0103 benzin\u0103ria MOL. Pentru program\u0103ri, apela\u021bi 0771 547 058.","robots":{"index":"index","follow":"follow","max-snippet":"max-snippet:-1","max-image-preview":"max-image-preview:large","max-video-preview":"max-video-preview:-1"},"canonical":"https:\/\/anastasios.ro\/bacau\/contact\/","og_locale":"en_US","og_type":"article","og_title":"Contact | Clinica Anastasios Bac\u0103u","og_description":"Ne g\u0103si\u021bi pe strada Vadul Bistri\u021bei, num\u0103rul 29, vizavi de Patria Bank, l\u00e2ng\u0103 benzin\u0103ria MOL. Pentru program\u0103ri, apela\u021bi 0771 547 058.","og_url":"https:\/\/anastasios.ro\/bacau\/contact\/","og_site_name":"Centrul Medical Anastasios Bacau","article_modified_time":"2025-02-07T11:17:54+00:00","og_image":[{"width":800,"height":800,"url":"https:\/\/anastasios.ro\/bacau\/wp-content\/uploads\/2022\/03\/contact-clinica-anastasios-bacau.jpg","type":"image\/jpeg"}],"twitter_card":"summary_large_image","twitter_misc":{"Est. reading time":"1 minute"},"schema":{"@context":"https:\/\/schema.org","@graph":[{"@type":"WebPage","@id":"https:\/\/anastasios.ro\/bacau\/contact\/","url":"https:\/\/anastasios.ro\/bacau\/contact\/","name":"Contact | Clinica Anastasios Bac\u0103u","isPartOf":{"@id":"https:\/\/anastasios.ro\/bacau\/#website"},"primaryImageOfPage":{"@id":"https:\/\/anastasios.ro\/bacau\/contact\/#primaryimage"},"image":{"@id":"https:\/\/anastasios.ro\/bacau\/contact\/#primaryimage"},"thumbnailUrl":"https:\/\/anastasios.ro\/bacau\/wp-content\/uploads\/2022\/03\/contact-clinica-anastasios-bacau.jpg","datePublished":"2021-11-11T12:54:27+00:00","dateModified":"2025-02-07T11:17:54+00:00","description":"Ne g\u0103si\u021bi pe strada Vadul Bistri\u021bei, num\u0103rul 29, vizavi de Patria Bank, l\u00e2ng\u0103 benzin\u0103ria MOL. Pentru program\u0103ri, apela\u021bi 0771 547 058.","breadcrumb":{"@id":"https:\/\/anastasios.ro\/bacau\/contact\/#breadcrumb"},"inLanguage":"en-US","potentialAction":[{"@type":"ReadAction","target":["https:\/\/anastasios.ro\/bacau\/contact\/"]}]},{"@type":"ImageObject","inLanguage":"en-US","@id":"https:\/\/anastasios.ro\/bacau\/contact\/#primaryimage","url":"https:\/\/anastasios.ro\/bacau\/wp-content\/uploads\/2022\/03\/contact-clinica-anastasios-bacau.jpg","contentUrl":"https:\/\/anastasios.ro\/bacau\/wp-content\/uploads\/2022\/03\/contact-clinica-anastasios-bacau.jpg","width":800,"height":800,"caption":"contact clinica anastasios bacau"},{"@type":"BreadcrumbList","@id":"https:\/\/anastasios.ro\/bacau\/contact\/#breadcrumb","itemListElement":[{"@type":"ListItem","position":1,"name":"Home","item":"https:\/\/anastasios.ro\/bacau\/"},{"@type":"ListItem","position":2,"name":"Contact"}]},{"@type":"WebSite","@id":"https:\/\/anastasios.ro\/bacau\/#website","url":"https:\/\/anastasios.ro\/bacau\/","name":"Centrul Medical Anastasios Bacau","description":"","publisher":{"@id":"https:\/\/anastasios.ro\/bacau\/#organization"},"potentialAction":[{"@type":"SearchAction","target":{"@type":"EntryPoint","urlTemplate":"https:\/\/anastasios.ro\/bacau\/?s={search_term_string}"},"query-input":{"@type":"PropertyValueSpecification","valueRequired":true,"valueName":"search_term_string"}}],"inLanguage":"en-US"},{"@type":"Organization","@id":"https:\/\/anastasios.ro\/bacau\/#organization","name":"Centrul Medical Anastasios Bacau","url":"https:\/\/anastasios.ro\/bacau\/","logo":{"@type":"ImageObject","inLanguage":"en-US","@id":"https:\/\/anastasios.ro\/bacau\/#\/schema\/logo\/image\/","url":"https:\/\/anastasios.ro\/bacau\/wp-content\/uploads\/2021\/12\/anastasios_bacau_logo.svg","contentUrl":"https:\/\/anastasios.ro\/bacau\/wp-content\/uploads\/2021\/12\/anastasios_bacau_logo.svg","caption":"Centrul Medical Anastasios Bacau"},"image":{"@id":"https:\/\/anastasios.ro\/bacau\/#\/schema\/logo\/image\/"}}]}},"_links":{"self":[{"href":"https:\/\/anastasios.ro\/bacau\/wp-json\/wp\/v2\/pages\/76","targetHints":{"allow":["GET"]}}],"collection":[{"href":"https:\/\/anastasios.ro\/bacau\/wp-json\/wp\/v2\/pages"}],"about":[{"href":"https:\/\/anastasios.ro\/bacau\/wp-json\/wp\/v2\/types\/page"}],"author":[{"embeddable":true,"href":"https:\/\/anastasios.ro\/bacau\/wp-json\/wp\/v2\/users\/1"}],"replies":[{"embeddable":true,"href":"https:\/\/anastasios.ro\/bacau\/wp-json\/wp\/v2\/comments?post=76"}],"version-history":[{"count":26,"href":"https:\/\/anastasios.ro\/bacau\/wp-json\/wp\/v2\/pages\/76\/revisions"}],"predecessor-version":[{"id":1405,"href":"https:\/\/anastasios.ro\/bacau\/wp-json\/wp\/v2\/pages\/76\/revisions\/1405"}],"wp:featuredmedia":[{"embeddable":true,"href":"https:\/\/anastasios.ro\/bacau\/wp-json\/wp\/v2\/media\/613"}],"wp:attachment":[{"href":"https:\/\/anastasios.ro\/bacau\/wp-json\/wp\/v2\/media?parent=76"}],"curies":[{"name":"wp","href":"https:\/\/api.w.org\/{rel}","templated":true}]}}