{"id":169,"date":"2021-11-18T14:23:44","date_gmt":"2021-11-18T11:23:44","guid":{"rendered":"https:\/\/anastasios.ro\/bacau\/?page_id=169"},"modified":"2026-03-10T11:18:19","modified_gmt":"2026-03-10T08:18:19","slug":"preturi-dermatovenerologie","status":"publish","type":"page","link":"https:\/\/anastasios.ro\/bacau\/preturi-dermatovenerologie\/","title":{"rendered":"Pre\u021buri Dermatovenerologie"},"content":{"rendered":"<div class=\"gb-container gb-container-234c0987\"><div class=\"gb-inside-container\">\n\n<h1 class=\"gb-headline gb-headline-37bb7ba3 gb-headline-text\"><strong>Lista de pre\u021buri Dermatovenerologie<\/strong> <strong>Bac\u0103u<\/strong><\/h1>\n\n\n\n<figure class=\"wp-block-table is-style-stripes styled-table\"><table><thead><tr><th class=\"has-text-align-left\" data-align=\"left\"><strong>Nume Serviciu<\/strong><\/th><th class=\"has-text-align-center\" data-align=\"center\"><strong>Pret (Lei)<\/strong><\/th><\/tr><\/thead><tbody><tr><td class=\"has-text-align-left\" data-align=\"left\">Consulta\u021bie<\/td><td class=\"has-text-align-center\" data-align=\"center\">220<\/td><\/tr><tr><td class=\"has-text-align-left\" data-align=\"left\">Control<\/td><td class=\"has-text-align-center\" data-align=\"center\">100<\/td><\/tr><\/tbody><\/table><\/figure>\n\n\n\n<div style=\"height:16px\" aria-hidden=\"true\" class=\"wp-block-spacer\"><\/div>\n\n\n\n<p class=\"has-text-align-center\">Programa\u021bi-v\u0103 pentru o consulta\u021bie ini\u021bial\u0103 \u00een clinica noastr\u0103 \u0219i noi v\u0103 garant\u0103m c\u0103 ve\u021bi beneficia de toat\u0103 aten\u021bia echipei noastre medicale.<\/p>\n\n\n\n<p class=\"has-text-align-center\">Pentru program\u0103ri, apela\u021bi:<\/p>\n\n\n\n<h3 class=\"gb-headline gb-headline-989ca72f gb-headline-text\"><strong><a href=\"tel:0771 547 058\">0771 547 058<\/a><\/strong><\/h3>\n\n\n\n<p class=\"has-text-align-center\">sau<\/p>\n\n\n\n<h3 class=\"gb-headline gb-headline-626e3802 gb-headline-text\"><strong><a href=\"tel:0771547114\"><strong>0771 547 114<\/strong><\/a><\/strong><\/h3>\n\n<\/div><\/div>\n\n\n<p class=\"has-text-align-center\">sau ap\u0103sa\u021bi butonul de mai jos:<\/p>\n\n\n\n<div class=\"wp-block-buttons is-horizontal is-content-justification-center is-layout-flex wp-container-core-buttons-is-layout-1 wp-block-buttons-is-layout-flex\">\n<div class=\"wp-block-button is-style-outline main-button sg-popup-id-674 is-style-outline--1\"><a class=\"wp-block-button__link has-accent-color has-base-3-background-color has-text-color has-background wp-element-button\" style=\"border-radius:20px\"><meta charset=\"utf-8\"><strong>Programeaz\u0103-te<\/strong><\/a><\/div>\n<\/div>\n\n\n<div class=\"gb-container gb-container-11ee5714\">\n<div class=\"gb-container gb-container-89c1d193\"><div class=\"gb-inside-container\">\n\n<h5 class=\"gb-headline gb-headline-07913fbc gb-headline-text\"><strong><strong>Ce spun pacien\u021bii despre clinica Anastasios din Bac\u0103u?<\/strong><\/strong><\/h5>\n\n<\/div><\/div>\n\n<div class=\"gb-container gb-container-c33b3f67\"><div class=\"gb-inside-container\">\n\n<p class=\"gb-headline gb-headline-bc949a66 gb-headline-text\">Pacien\u021bii no\u0219tri revin frecvent la noi, iar recenziile pe care ni le ofer\u0103 cu mult\u0103 amabilitate ne arat\u0103 c\u0103 sunt mul\u021bumi\u021bi de clinca noastr\u0103.<\/p>\n\n<\/div><\/div>\n\n<div data-src=\"https:\/\/cdn.trustindex.io\/loader.js?bd937f41209c8563b116b2ed452\"><\/div>\n\n<\/div>\n\n\n<div style=\"height:32px\" aria-hidden=\"true\" class=\"wp-block-spacer\"><\/div>\n\n\n<div class=\"gb-container gb-container-e4878b2c\"><div class=\"gb-inside-container\">\n\n<h2 class=\"gb-headline gb-headline-f9df01ef gb-headline-text\"><strong>Medici Dermatovenerologie<\/strong><\/h2>\n\n\n<div class=\"gb-grid-wrapper gb-grid-wrapper-71d74c21 contaier-box-with-shadow\">\n<div class=\"gb-grid-column gb-grid-column-4ac265d1\"><div class=\"gb-container gb-container-4ac265d1\"><div class=\"gb-inside-container\">\n\n<figure class=\"wp-block-image size-full\"><img loading=\"lazy\" decoding=\"async\" width=\"600\" height=\"900\" src=\"https:\/\/anastasios.ro\/bacau\/wp-content\/uploads\/2022\/09\/dr.-apreutesei-oana-mihaela.webp\" alt=\"dr. apreutesei oana mihaela\" class=\"wp-image-871\" srcset=\"https:\/\/anastasios.ro\/bacau\/wp-content\/uploads\/2022\/09\/dr.-apreutesei-oana-mihaela.webp 600w, https:\/\/anastasios.ro\/bacau\/wp-content\/uploads\/2022\/09\/dr.-apreutesei-oana-mihaela-200x300.webp 200w\" sizes=\"auto, (max-width: 600px) 100vw, 600px\" \/><\/figure>\n\n\n\n<div style=\"height:16px\" aria-hidden=\"true\" class=\"wp-block-spacer\"><\/div>\n\n\n\n<h3 class=\"gb-headline gb-headline-bce10b02 gb-headline-text\"><strong><strong>Dr. Apreutesei Oana Mihaela<\/strong><\/strong><\/h3>\n\n\n\n<div class=\"line-separator\"><\/div>\n\n\n\n<p class=\"has-text-align-center\"><strong><strong><strong><strong><strong><strong>Medic Specialist Dermatovenerologie<\/strong><\/strong><\/strong><\/strong><\/strong><\/strong><\/p>\n\n<\/div><\/div><\/div>\n\n<div class=\"gb-grid-column gb-grid-column-bf092e29\"><div class=\"gb-container gb-container-bf092e29\"><div class=\"gb-inside-container\">\n\n<figure class=\"wp-block-image size-full\"><img loading=\"lazy\" decoding=\"async\" width=\"600\" height=\"900\" src=\"https:\/\/anastasios.ro\/bacau\/wp-content\/uploads\/2023\/06\/ana-andries-medic-specialist-dermatologie.jpg\" alt=\"ana andries medic specialist dermatologie\" class=\"wp-image-1302\" srcset=\"https:\/\/anastasios.ro\/bacau\/wp-content\/uploads\/2023\/06\/ana-andries-medic-specialist-dermatologie.jpg 600w, https:\/\/anastasios.ro\/bacau\/wp-content\/uploads\/2023\/06\/ana-andries-medic-specialist-dermatologie-200x300.jpg 200w\" sizes=\"auto, (max-width: 600px) 100vw, 600px\" \/><\/figure>\n\n\n\n<div style=\"height:16px\" aria-hidden=\"true\" class=\"wp-block-spacer\"><\/div>\n\n\n\n<h3 class=\"gb-headline gb-headline-9a6930a4 gb-headline-text\"><strong><strong>Dr. Andries Ana<\/strong><\/strong><\/h3>\n\n\n\n<div class=\"line-separator\"><\/div>\n\n\n\n<p class=\"has-text-align-center\"><strong><strong><strong><strong><strong><strong>Medic Specialist Dermatovenerologie<\/strong><\/strong><\/strong><\/strong><\/strong><\/strong><\/p>\n\n<\/div><\/div><\/div>\n<\/div>\n\n\n<div style=\"height:12px\" aria-hidden=\"true\" class=\"wp-block-spacer\"><\/div>\n\n\n\n<div class=\"wp-block-buttons is-horizontal is-content-justification-center is-layout-flex wp-container-core-buttons-is-layout-2 wp-block-buttons-is-layout-flex\">\n<div class=\"wp-block-button is-style-outline is-style-outline--2\"><a class=\"wp-block-button__link has-base-3-background-color has-text-color has-background wp-element-button\" href=\"https:\/\/anastasios.ro\/bacau\/dermatovenerologie\/\" style=\"border-radius:20px;color:#ff3333\"><meta charset=\"utf-8\"><strong>\u00cenapoi spre pagina principal\u0103<\/strong><\/a><\/div>\n<\/div>\n\n<\/div><\/div>","protected":false},"excerpt":{"rendered":"<p>Lista de pre\u021buri Dermatovenerologie Bac\u0103u Nume Serviciu Pret (Lei) Consulta\u021bie 220 Control 100 Programa\u021bi-v\u0103 pentru o consulta\u021bie ini\u021bial\u0103 \u00een clinica noastr\u0103 \u0219i noi v\u0103 garant\u0103m c\u0103 ve\u021bi beneficia de toat\u0103 aten\u021bia echipei noastre medicale. Pentru program\u0103ri, apela\u021bi: 0771 547 058 sau 0771 547 114 sau ap\u0103sa\u021bi butonul de mai jos: Medici Dermatovenerologie<\/p>\n","protected":false},"author":1,"featured_media":345,"parent":0,"menu_order":0,"comment_status":"closed","ping_status":"closed","template":"","meta":{"inline_featured_image":false,"footnotes":""},"class_list":["post-169","page","type-page","status-publish","has-post-thumbnail"],"yoast_head":"<!-- This site is optimized with the Yoast SEO plugin v26.8 - https:\/\/yoast.com\/product\/yoast-seo-wordpress\/ -->\n<title>Pre\u021buri Dermatovenerologie | Anastasios Bac\u0103u<\/title>\n<meta name=\"description\" content=\"Programa\u021bi-v\u0103 pentru o consulta\u021bie \u00een clinica noastr\u0103 \u0219i noi v\u0103 garant\u0103m c\u0103 ve\u021bi beneficia de toat\u0103 aten\u021bia echipei noastre medicale.\" \/>\n<meta name=\"robots\" content=\"index, follow, max-snippet:-1, max-image-preview:large, max-video-preview:-1\" \/>\n<link rel=\"canonical\" href=\"https:\/\/anastasios.ro\/bacau\/preturi-dermatovenerologie\/\" \/>\n<meta property=\"og:locale\" content=\"en_US\" \/>\n<meta property=\"og:type\" content=\"article\" \/>\n<meta property=\"og:title\" content=\"Pre\u021buri Dermatovenerologie | Anastasios Bac\u0103u\" \/>\n<meta property=\"og:description\" content=\"Programa\u021bi-v\u0103 pentru o consulta\u021bie \u00een clinica noastr\u0103 \u0219i noi v\u0103 garant\u0103m c\u0103 ve\u021bi beneficia de toat\u0103 aten\u021bia echipei noastre medicale.\" \/>\n<meta property=\"og:url\" content=\"https:\/\/anastasios.ro\/bacau\/preturi-dermatovenerologie\/\" \/>\n<meta property=\"og:site_name\" content=\"Centrul Medical Anastasios Bacau\" \/>\n<meta property=\"article:modified_time\" content=\"2026-03-10T08:18:19+00:00\" \/>\n<meta property=\"og:image\" content=\"https:\/\/anastasios.ro\/bacau\/wp-content\/uploads\/2021\/12\/preturi-dermatologie-si-dermatocosmetica-bacau.webp\" \/>\n\t<meta property=\"og:image:width\" content=\"800\" \/>\n\t<meta property=\"og:image:height\" content=\"800\" \/>\n\t<meta property=\"og:image:type\" content=\"image\/webp\" \/>\n<meta name=\"twitter:card\" content=\"summary_large_image\" \/>\n<meta name=\"twitter:label1\" content=\"Est. reading time\" \/>\n\t<meta name=\"twitter:data1\" content=\"2 minutes\" \/>\n<script type=\"application\/ld+json\" class=\"yoast-schema-graph\">{\"@context\":\"https:\/\/schema.org\",\"@graph\":[{\"@type\":\"WebPage\",\"@id\":\"https:\/\/anastasios.ro\/bacau\/preturi-dermatovenerologie\/\",\"url\":\"https:\/\/anastasios.ro\/bacau\/preturi-dermatovenerologie\/\",\"name\":\"Pre\u021buri Dermatovenerologie | Anastasios Bac\u0103u\",\"isPartOf\":{\"@id\":\"https:\/\/anastasios.ro\/bacau\/#website\"},\"primaryImageOfPage\":{\"@id\":\"https:\/\/anastasios.ro\/bacau\/preturi-dermatovenerologie\/#primaryimage\"},\"image\":{\"@id\":\"https:\/\/anastasios.ro\/bacau\/preturi-dermatovenerologie\/#primaryimage\"},\"thumbnailUrl\":\"https:\/\/anastasios.ro\/bacau\/wp-content\/uploads\/2021\/12\/preturi-dermatologie-si-dermatocosmetica-bacau.webp\",\"datePublished\":\"2021-11-18T11:23:44+00:00\",\"dateModified\":\"2026-03-10T08:18:19+00:00\",\"description\":\"Programa\u021bi-v\u0103 pentru o consulta\u021bie \u00een clinica noastr\u0103 \u0219i noi v\u0103 garant\u0103m c\u0103 ve\u021bi beneficia de toat\u0103 aten\u021bia echipei noastre medicale.\",\"breadcrumb\":{\"@id\":\"https:\/\/anastasios.ro\/bacau\/preturi-dermatovenerologie\/#breadcrumb\"},\"inLanguage\":\"en-US\",\"potentialAction\":[{\"@type\":\"ReadAction\",\"target\":[\"https:\/\/anastasios.ro\/bacau\/preturi-dermatovenerologie\/\"]}]},{\"@type\":\"ImageObject\",\"inLanguage\":\"en-US\",\"@id\":\"https:\/\/anastasios.ro\/bacau\/preturi-dermatovenerologie\/#primaryimage\",\"url\":\"https:\/\/anastasios.ro\/bacau\/wp-content\/uploads\/2021\/12\/preturi-dermatologie-si-dermatocosmetica-bacau.webp\",\"contentUrl\":\"https:\/\/anastasios.ro\/bacau\/wp-content\/uploads\/2021\/12\/preturi-dermatologie-si-dermatocosmetica-bacau.webp\",\"width\":800,\"height\":800,\"caption\":\"preturi dermatologie si dermatocosmetica bacau\"},{\"@type\":\"BreadcrumbList\",\"@id\":\"https:\/\/anastasios.ro\/bacau\/preturi-dermatovenerologie\/#breadcrumb\",\"itemListElement\":[{\"@type\":\"ListItem\",\"position\":1,\"name\":\"Home\",\"item\":\"https:\/\/anastasios.ro\/bacau\/\"},{\"@type\":\"ListItem\",\"position\":2,\"name\":\"Pre\u021buri Dermatovenerologie\"}]},{\"@type\":\"WebSite\",\"@id\":\"https:\/\/anastasios.ro\/bacau\/#website\",\"url\":\"https:\/\/anastasios.ro\/bacau\/\",\"name\":\"Centrul Medical Anastasios Bacau\",\"description\":\"\",\"publisher\":{\"@id\":\"https:\/\/anastasios.ro\/bacau\/#organization\"},\"potentialAction\":[{\"@type\":\"SearchAction\",\"target\":{\"@type\":\"EntryPoint\",\"urlTemplate\":\"https:\/\/anastasios.ro\/bacau\/?s={search_term_string}\"},\"query-input\":{\"@type\":\"PropertyValueSpecification\",\"valueRequired\":true,\"valueName\":\"search_term_string\"}}],\"inLanguage\":\"en-US\"},{\"@type\":\"Organization\",\"@id\":\"https:\/\/anastasios.ro\/bacau\/#organization\",\"name\":\"Centrul Medical Anastasios Bacau\",\"url\":\"https:\/\/anastasios.ro\/bacau\/\",\"logo\":{\"@type\":\"ImageObject\",\"inLanguage\":\"en-US\",\"@id\":\"https:\/\/anastasios.ro\/bacau\/#\/schema\/logo\/image\/\",\"url\":\"https:\/\/anastasios.ro\/bacau\/wp-content\/uploads\/2021\/12\/anastasios_bacau_logo.svg\",\"contentUrl\":\"https:\/\/anastasios.ro\/bacau\/wp-content\/uploads\/2021\/12\/anastasios_bacau_logo.svg\",\"caption\":\"Centrul Medical Anastasios Bacau\"},\"image\":{\"@id\":\"https:\/\/anastasios.ro\/bacau\/#\/schema\/logo\/image\/\"}}]}<\/script>\n<!-- \/ Yoast SEO plugin. -->","yoast_head_json":{"title":"Pre\u021buri Dermatovenerologie | Anastasios Bac\u0103u","description":"Programa\u021bi-v\u0103 pentru o consulta\u021bie \u00een clinica noastr\u0103 \u0219i noi v\u0103 garant\u0103m c\u0103 ve\u021bi beneficia de toat\u0103 aten\u021bia echipei noastre medicale.","robots":{"index":"index","follow":"follow","max-snippet":"max-snippet:-1","max-image-preview":"max-image-preview:large","max-video-preview":"max-video-preview:-1"},"canonical":"https:\/\/anastasios.ro\/bacau\/preturi-dermatovenerologie\/","og_locale":"en_US","og_type":"article","og_title":"Pre\u021buri Dermatovenerologie | Anastasios Bac\u0103u","og_description":"Programa\u021bi-v\u0103 pentru o consulta\u021bie \u00een clinica noastr\u0103 \u0219i noi v\u0103 garant\u0103m c\u0103 ve\u021bi beneficia de toat\u0103 aten\u021bia echipei noastre medicale.","og_url":"https:\/\/anastasios.ro\/bacau\/preturi-dermatovenerologie\/","og_site_name":"Centrul Medical Anastasios Bacau","article_modified_time":"2026-03-10T08:18:19+00:00","og_image":[{"width":800,"height":800,"url":"https:\/\/anastasios.ro\/bacau\/wp-content\/uploads\/2021\/12\/preturi-dermatologie-si-dermatocosmetica-bacau.webp","type":"image\/webp"}],"twitter_card":"summary_large_image","twitter_misc":{"Est. reading time":"2 minutes"},"schema":{"@context":"https:\/\/schema.org","@graph":[{"@type":"WebPage","@id":"https:\/\/anastasios.ro\/bacau\/preturi-dermatovenerologie\/","url":"https:\/\/anastasios.ro\/bacau\/preturi-dermatovenerologie\/","name":"Pre\u021buri Dermatovenerologie | Anastasios Bac\u0103u","isPartOf":{"@id":"https:\/\/anastasios.ro\/bacau\/#website"},"primaryImageOfPage":{"@id":"https:\/\/anastasios.ro\/bacau\/preturi-dermatovenerologie\/#primaryimage"},"image":{"@id":"https:\/\/anastasios.ro\/bacau\/preturi-dermatovenerologie\/#primaryimage"},"thumbnailUrl":"https:\/\/anastasios.ro\/bacau\/wp-content\/uploads\/2021\/12\/preturi-dermatologie-si-dermatocosmetica-bacau.webp","datePublished":"2021-11-18T11:23:44+00:00","dateModified":"2026-03-10T08:18:19+00:00","description":"Programa\u021bi-v\u0103 pentru o consulta\u021bie \u00een clinica noastr\u0103 \u0219i noi v\u0103 garant\u0103m c\u0103 ve\u021bi beneficia de toat\u0103 aten\u021bia echipei noastre medicale.","breadcrumb":{"@id":"https:\/\/anastasios.ro\/bacau\/preturi-dermatovenerologie\/#breadcrumb"},"inLanguage":"en-US","potentialAction":[{"@type":"ReadAction","target":["https:\/\/anastasios.ro\/bacau\/preturi-dermatovenerologie\/"]}]},{"@type":"ImageObject","inLanguage":"en-US","@id":"https:\/\/anastasios.ro\/bacau\/preturi-dermatovenerologie\/#primaryimage","url":"https:\/\/anastasios.ro\/bacau\/wp-content\/uploads\/2021\/12\/preturi-dermatologie-si-dermatocosmetica-bacau.webp","contentUrl":"https:\/\/anastasios.ro\/bacau\/wp-content\/uploads\/2021\/12\/preturi-dermatologie-si-dermatocosmetica-bacau.webp","width":800,"height":800,"caption":"preturi dermatologie si dermatocosmetica bacau"},{"@type":"BreadcrumbList","@id":"https:\/\/anastasios.ro\/bacau\/preturi-dermatovenerologie\/#breadcrumb","itemListElement":[{"@type":"ListItem","position":1,"name":"Home","item":"https:\/\/anastasios.ro\/bacau\/"},{"@type":"ListItem","position":2,"name":"Pre\u021buri Dermatovenerologie"}]},{"@type":"WebSite","@id":"https:\/\/anastasios.ro\/bacau\/#website","url":"https:\/\/anastasios.ro\/bacau\/","name":"Centrul Medical Anastasios Bacau","description":"","publisher":{"@id":"https:\/\/anastasios.ro\/bacau\/#organization"},"potentialAction":[{"@type":"SearchAction","target":{"@type":"EntryPoint","urlTemplate":"https:\/\/anastasios.ro\/bacau\/?s={search_term_string}"},"query-input":{"@type":"PropertyValueSpecification","valueRequired":true,"valueName":"search_term_string"}}],"inLanguage":"en-US"},{"@type":"Organization","@id":"https:\/\/anastasios.ro\/bacau\/#organization","name":"Centrul Medical Anastasios Bacau","url":"https:\/\/anastasios.ro\/bacau\/","logo":{"@type":"ImageObject","inLanguage":"en-US","@id":"https:\/\/anastasios.ro\/bacau\/#\/schema\/logo\/image\/","url":"https:\/\/anastasios.ro\/bacau\/wp-content\/uploads\/2021\/12\/anastasios_bacau_logo.svg","contentUrl":"https:\/\/anastasios.ro\/bacau\/wp-content\/uploads\/2021\/12\/anastasios_bacau_logo.svg","caption":"Centrul Medical Anastasios Bacau"},"image":{"@id":"https:\/\/anastasios.ro\/bacau\/#\/schema\/logo\/image\/"}}]}},"_links":{"self":[{"href":"https:\/\/anastasios.ro\/bacau\/wp-json\/wp\/v2\/pages\/169","targetHints":{"allow":["GET"]}}],"collection":[{"href":"https:\/\/anastasios.ro\/bacau\/wp-json\/wp\/v2\/pages"}],"about":[{"href":"https:\/\/anastasios.ro\/bacau\/wp-json\/wp\/v2\/types\/page"}],"author":[{"embeddable":true,"href":"https:\/\/anastasios.ro\/bacau\/wp-json\/wp\/v2\/users\/1"}],"replies":[{"embeddable":true,"href":"https:\/\/anastasios.ro\/bacau\/wp-json\/wp\/v2\/comments?post=169"}],"version-history":[{"count":28,"href":"https:\/\/anastasios.ro\/bacau\/wp-json\/wp\/v2\/pages\/169\/revisions"}],"predecessor-version":[{"id":1596,"href":"https:\/\/anastasios.ro\/bacau\/wp-json\/wp\/v2\/pages\/169\/revisions\/1596"}],"wp:featuredmedia":[{"embeddable":true,"href":"https:\/\/anastasios.ro\/bacau\/wp-json\/wp\/v2\/media\/345"}],"wp:attachment":[{"href":"https:\/\/anastasios.ro\/bacau\/wp-json\/wp\/v2\/media?parent=169"}],"curies":[{"name":"wp","href":"https:\/\/api.w.org\/{rel}","templated":true}]}}